{"id":6712,"date":"2021-08-03T20:29:40","date_gmt":"2021-08-03T18:29:40","guid":{"rendered":"https:\/\/itsasmuseoa.eus\/des-expositions\/expositions-pasees\/la-recherche-du-bonheur-la-contribution-basquw-a-lindependance-des-eetats-unis\/"},"modified":"2021-08-09T10:51:02","modified_gmt":"2021-08-09T08:51:02","slug":"la-recherche-du-bonheur-la-contribution-basquw-a-lindependance-des-eetats-unis","status":"publish","type":"page","link":"https:\/\/itsasmuseoa.eus\/fr\/des-expositions\/expositions-pasees\/la-recherche-du-bonheur-la-contribution-basquw-a-lindependance-des-eetats-unis\/","title":{"rendered":"La Recherche du Bonheur"},"content":{"rendered":"","protected":false},"excerpt":{"rendered":"<p>Le Mus\u00e9e tente de faire conna\u00eetre un \u00e9pisode de notre histoire maritime: la collaboration du Pays basque aux treize colonies britanniques dans leur lutte contre la Grande-Bretagne pour obtenir leur Ind\u00e9pendance en 1776<\/p>\n","protected":false},"author":1,"featured_media":3996,"parent":5458,"menu_order":0,"comment_status":"closed","ping_status":"closed","template":"","meta":{"_acf_changed":false,"footnotes":""},"categories":[266],"tags":[],"class_list":["post-6712","page","type-page","status-publish","has-post-thumbnail","hentry","category-expositions-passees"],"acf":[],"yoast_head":"<!-- This site is optimized with the Yoast SEO plugin v27.4 - https:\/\/yoast.com\/product\/yoast-seo-wordpress\/ -->\n<title>La Recherche du Bonheur - Euskal Itsas Museoa<\/title>\n<meta name=\"robots\" content=\"index, follow, max-snippet:-1, max-image-preview:large, max-video-preview:-1\" \/>\n<link rel=\"canonical\" href=\"https:\/\/itsasmuseoa.eus\/fr\/des-expositions\/expositions-pasees\/la-recherche-du-bonheur-la-contribution-basquw-a-lindependance-des-eetats-unis\/\" \/>\n<meta property=\"og:locale\" content=\"fr_FR\" \/>\n<meta property=\"og:type\" content=\"article\" \/>\n<meta property=\"og:title\" content=\"La Recherche du Bonheur - Euskal Itsas Museoa\" \/>\n<meta property=\"og:description\" content=\"Le Mus\u00e9e tente de faire conna\u00eetre un \u00e9pisode de notre histoire maritime: la collaboration du Pays basque aux treize colonies britanniques dans leur lutte contre la Grande-Bretagne pour obtenir leur Ind\u00e9pendance en 1776\" \/>\n<meta property=\"og:url\" content=\"https:\/\/itsasmuseoa.eus\/fr\/des-expositions\/expositions-pasees\/la-recherche-du-bonheur-la-contribution-basquw-a-lindependance-des-eetats-unis\/\" \/>\n<meta property=\"og:site_name\" content=\"Euskal Itsas Museoa\" \/>\n<meta property=\"article:modified_time\" content=\"2021-08-09T08:51:02+00:00\" \/>\n<meta property=\"og:image\" content=\"https:\/\/itsasmuseoa.eus\/wp-content\/uploads\/2021\/07\/exposicion-en-busca-de-la-felicidad.jpg\" \/>\n\t<meta property=\"og:image:width\" content=\"809\" \/>\n\t<meta property=\"og:image:height\" content=\"536\" \/>\n\t<meta property=\"og:image:type\" content=\"image\/jpeg\" \/>\n<meta name=\"twitter:card\" content=\"summary_large_image\" \/>\n<script type=\"application\/ld+json\" class=\"yoast-schema-graph\">{\"@context\":\"https:\\\/\\\/schema.org\",\"@graph\":[{\"@type\":\"WebPage\",\"@id\":\"https:\\\/\\\/itsasmuseoa.eus\\\/fr\\\/des-expositions\\\/expositions-pasees\\\/la-recherche-du-bonheur-la-contribution-basquw-a-lindependance-des-eetats-unis\\\/\",\"url\":\"https:\\\/\\\/itsasmuseoa.eus\\\/fr\\\/des-expositions\\\/expositions-pasees\\\/la-recherche-du-bonheur-la-contribution-basquw-a-lindependance-des-eetats-unis\\\/\",\"name\":\"La Recherche du Bonheur - Euskal Itsas Museoa\",\"isPartOf\":{\"@id\":\"https:\\\/\\\/itsasmuseoa.eus\\\/fr\\\/#website\"},\"primaryImageOfPage\":{\"@id\":\"https:\\\/\\\/itsasmuseoa.eus\\\/fr\\\/des-expositions\\\/expositions-pasees\\\/la-recherche-du-bonheur-la-contribution-basquw-a-lindependance-des-eetats-unis\\\/#primaryimage\"},\"image\":{\"@id\":\"https:\\\/\\\/itsasmuseoa.eus\\\/fr\\\/des-expositions\\\/expositions-pasees\\\/la-recherche-du-bonheur-la-contribution-basquw-a-lindependance-des-eetats-unis\\\/#primaryimage\"},\"thumbnailUrl\":\"https:\\\/\\\/itsasmuseoa.eus\\\/wp-content\\\/uploads\\\/2021\\\/07\\\/exposicion-en-busca-de-la-felicidad.jpg\",\"datePublished\":\"2021-08-03T18:29:40+00:00\",\"dateModified\":\"2021-08-09T08:51:02+00:00\",\"breadcrumb\":{\"@id\":\"https:\\\/\\\/itsasmuseoa.eus\\\/fr\\\/des-expositions\\\/expositions-pasees\\\/la-recherche-du-bonheur-la-contribution-basquw-a-lindependance-des-eetats-unis\\\/#breadcrumb\"},\"inLanguage\":\"fr-FR\",\"potentialAction\":[{\"@type\":\"ReadAction\",\"target\":[\"https:\\\/\\\/itsasmuseoa.eus\\\/fr\\\/des-expositions\\\/expositions-pasees\\\/la-recherche-du-bonheur-la-contribution-basquw-a-lindependance-des-eetats-unis\\\/\"]}]},{\"@type\":\"ImageObject\",\"inLanguage\":\"fr-FR\",\"@id\":\"https:\\\/\\\/itsasmuseoa.eus\\\/fr\\\/des-expositions\\\/expositions-pasees\\\/la-recherche-du-bonheur-la-contribution-basquw-a-lindependance-des-eetats-unis\\\/#primaryimage\",\"url\":\"https:\\\/\\\/itsasmuseoa.eus\\\/wp-content\\\/uploads\\\/2021\\\/07\\\/exposicion-en-busca-de-la-felicidad.jpg\",\"contentUrl\":\"https:\\\/\\\/itsasmuseoa.eus\\\/wp-content\\\/uploads\\\/2021\\\/07\\\/exposicion-en-busca-de-la-felicidad.jpg\",\"width\":809,\"height\":536,\"caption\":\"Exposici\u00f3n En busca de la felicidad - Euskal Itsas Museoa\"},{\"@type\":\"BreadcrumbList\",\"@id\":\"https:\\\/\\\/itsasmuseoa.eus\\\/fr\\\/des-expositions\\\/expositions-pasees\\\/la-recherche-du-bonheur-la-contribution-basquw-a-lindependance-des-eetats-unis\\\/#breadcrumb\",\"itemListElement\":[{\"@type\":\"ListItem\",\"position\":1,\"name\":\"Inicio\",\"item\":\"https:\\\/\\\/itsasmuseoa.eus\\\/fr\\\/\"},{\"@type\":\"ListItem\",\"position\":2,\"name\":\"Des expositions\",\"item\":\"https:\\\/\\\/itsasmuseoa.eus\\\/fr\\\/des-expositions\\\/\"},{\"@type\":\"ListItem\",\"position\":3,\"name\":\"Expositions Pas\u00e9es\",\"item\":\"https:\\\/\\\/itsasmuseoa.eus\\\/fr\\\/des-expositions\\\/expositions-pasees\\\/\"},{\"@type\":\"ListItem\",\"position\":4,\"name\":\"La Recherche du Bonheur\"}]},{\"@type\":\"WebSite\",\"@id\":\"https:\\\/\\\/itsasmuseoa.eus\\\/fr\\\/#website\",\"url\":\"https:\\\/\\\/itsasmuseoa.eus\\\/fr\\\/\",\"name\":\"Euskal Itsas Museoa\",\"description\":\"Museo Mar\u00edtimo Vasco\",\"potentialAction\":[{\"@type\":\"SearchAction\",\"target\":{\"@type\":\"EntryPoint\",\"urlTemplate\":\"https:\\\/\\\/itsasmuseoa.eus\\\/fr\\\/?s={search_term_string}\"},\"query-input\":{\"@type\":\"PropertyValueSpecification\",\"valueRequired\":true,\"valueName\":\"search_term_string\"}}],\"inLanguage\":\"fr-FR\"}]}<\/script>\n<!-- \/ Yoast SEO plugin. -->","yoast_head_json":{"title":"La Recherche du Bonheur - Euskal Itsas Museoa","robots":{"index":"index","follow":"follow","max-snippet":"max-snippet:-1","max-image-preview":"max-image-preview:large","max-video-preview":"max-video-preview:-1"},"canonical":"https:\/\/itsasmuseoa.eus\/fr\/des-expositions\/expositions-pasees\/la-recherche-du-bonheur-la-contribution-basquw-a-lindependance-des-eetats-unis\/","og_locale":"fr_FR","og_type":"article","og_title":"La Recherche du Bonheur - Euskal Itsas Museoa","og_description":"Le Mus\u00e9e tente de faire conna\u00eetre un \u00e9pisode de notre histoire maritime: la collaboration du Pays basque aux treize colonies britanniques dans leur lutte contre la Grande-Bretagne pour obtenir leur Ind\u00e9pendance en 1776","og_url":"https:\/\/itsasmuseoa.eus\/fr\/des-expositions\/expositions-pasees\/la-recherche-du-bonheur-la-contribution-basquw-a-lindependance-des-eetats-unis\/","og_site_name":"Euskal Itsas Museoa","article_modified_time":"2021-08-09T08:51:02+00:00","og_image":[{"width":809,"height":536,"url":"https:\/\/itsasmuseoa.eus\/wp-content\/uploads\/2021\/07\/exposicion-en-busca-de-la-felicidad.jpg","type":"image\/jpeg"}],"twitter_card":"summary_large_image","schema":{"@context":"https:\/\/schema.org","@graph":[{"@type":"WebPage","@id":"https:\/\/itsasmuseoa.eus\/fr\/des-expositions\/expositions-pasees\/la-recherche-du-bonheur-la-contribution-basquw-a-lindependance-des-eetats-unis\/","url":"https:\/\/itsasmuseoa.eus\/fr\/des-expositions\/expositions-pasees\/la-recherche-du-bonheur-la-contribution-basquw-a-lindependance-des-eetats-unis\/","name":"La Recherche du Bonheur - Euskal Itsas Museoa","isPartOf":{"@id":"https:\/\/itsasmuseoa.eus\/fr\/#website"},"primaryImageOfPage":{"@id":"https:\/\/itsasmuseoa.eus\/fr\/des-expositions\/expositions-pasees\/la-recherche-du-bonheur-la-contribution-basquw-a-lindependance-des-eetats-unis\/#primaryimage"},"image":{"@id":"https:\/\/itsasmuseoa.eus\/fr\/des-expositions\/expositions-pasees\/la-recherche-du-bonheur-la-contribution-basquw-a-lindependance-des-eetats-unis\/#primaryimage"},"thumbnailUrl":"https:\/\/itsasmuseoa.eus\/wp-content\/uploads\/2021\/07\/exposicion-en-busca-de-la-felicidad.jpg","datePublished":"2021-08-03T18:29:40+00:00","dateModified":"2021-08-09T08:51:02+00:00","breadcrumb":{"@id":"https:\/\/itsasmuseoa.eus\/fr\/des-expositions\/expositions-pasees\/la-recherche-du-bonheur-la-contribution-basquw-a-lindependance-des-eetats-unis\/#breadcrumb"},"inLanguage":"fr-FR","potentialAction":[{"@type":"ReadAction","target":["https:\/\/itsasmuseoa.eus\/fr\/des-expositions\/expositions-pasees\/la-recherche-du-bonheur-la-contribution-basquw-a-lindependance-des-eetats-unis\/"]}]},{"@type":"ImageObject","inLanguage":"fr-FR","@id":"https:\/\/itsasmuseoa.eus\/fr\/des-expositions\/expositions-pasees\/la-recherche-du-bonheur-la-contribution-basquw-a-lindependance-des-eetats-unis\/#primaryimage","url":"https:\/\/itsasmuseoa.eus\/wp-content\/uploads\/2021\/07\/exposicion-en-busca-de-la-felicidad.jpg","contentUrl":"https:\/\/itsasmuseoa.eus\/wp-content\/uploads\/2021\/07\/exposicion-en-busca-de-la-felicidad.jpg","width":809,"height":536,"caption":"Exposici\u00f3n En busca de la felicidad - Euskal Itsas Museoa"},{"@type":"BreadcrumbList","@id":"https:\/\/itsasmuseoa.eus\/fr\/des-expositions\/expositions-pasees\/la-recherche-du-bonheur-la-contribution-basquw-a-lindependance-des-eetats-unis\/#breadcrumb","itemListElement":[{"@type":"ListItem","position":1,"name":"Inicio","item":"https:\/\/itsasmuseoa.eus\/fr\/"},{"@type":"ListItem","position":2,"name":"Des expositions","item":"https:\/\/itsasmuseoa.eus\/fr\/des-expositions\/"},{"@type":"ListItem","position":3,"name":"Expositions Pas\u00e9es","item":"https:\/\/itsasmuseoa.eus\/fr\/des-expositions\/expositions-pasees\/"},{"@type":"ListItem","position":4,"name":"La Recherche du Bonheur"}]},{"@type":"WebSite","@id":"https:\/\/itsasmuseoa.eus\/fr\/#website","url":"https:\/\/itsasmuseoa.eus\/fr\/","name":"Euskal Itsas Museoa","description":"Museo Mar\u00edtimo Vasco","potentialAction":[{"@type":"SearchAction","target":{"@type":"EntryPoint","urlTemplate":"https:\/\/itsasmuseoa.eus\/fr\/?s={search_term_string}"},"query-input":{"@type":"PropertyValueSpecification","valueRequired":true,"valueName":"search_term_string"}}],"inLanguage":"fr-FR"}]}},"_links":{"self":[{"href":"https:\/\/itsasmuseoa.eus\/fr\/wp-json\/wp\/v2\/pages\/6712","targetHints":{"allow":["GET"]}}],"collection":[{"href":"https:\/\/itsasmuseoa.eus\/fr\/wp-json\/wp\/v2\/pages"}],"about":[{"href":"https:\/\/itsasmuseoa.eus\/fr\/wp-json\/wp\/v2\/types\/page"}],"author":[{"embeddable":true,"href":"https:\/\/itsasmuseoa.eus\/fr\/wp-json\/wp\/v2\/users\/1"}],"replies":[{"embeddable":true,"href":"https:\/\/itsasmuseoa.eus\/fr\/wp-json\/wp\/v2\/comments?post=6712"}],"version-history":[{"count":0,"href":"https:\/\/itsasmuseoa.eus\/fr\/wp-json\/wp\/v2\/pages\/6712\/revisions"}],"up":[{"embeddable":true,"href":"https:\/\/itsasmuseoa.eus\/fr\/wp-json\/wp\/v2\/pages\/5458"}],"wp:featuredmedia":[{"embeddable":true,"href":"https:\/\/itsasmuseoa.eus\/fr\/wp-json\/wp\/v2\/media\/3996"}],"wp:attachment":[{"href":"https:\/\/itsasmuseoa.eus\/fr\/wp-json\/wp\/v2\/media?parent=6712"}],"wp:term":[{"taxonomy":"category","embeddable":true,"href":"https:\/\/itsasmuseoa.eus\/fr\/wp-json\/wp\/v2\/categories?post=6712"},{"taxonomy":"post_tag","embeddable":true,"href":"https:\/\/itsasmuseoa.eus\/fr\/wp-json\/wp\/v2\/tags?post=6712"}],"curies":[{"name":"wp","href":"https:\/\/api.w.org\/{rel}","templated":true}]}}