{"id":6881,"date":"2021-08-06T11:57:40","date_gmt":"2021-08-06T09:57:40","guid":{"rendered":"https:\/\/itsasmuseoa.eus\/activites\/investigation\/la-construction-navale-basque-et-la-nao-victoria\/"},"modified":"2021-08-09T10:15:56","modified_gmt":"2021-08-09T08:15:56","slug":"la-construction-navale-basque-et-la-nao-victoria","status":"publish","type":"page","link":"https:\/\/itsasmuseoa.eus\/fr\/activites\/recherche\/la-construction-navale-basque-et-la-nao-victoria\/","title":{"rendered":"La construction navale basque et la nao Victoria"},"content":{"rendered":"","protected":false},"excerpt":{"rendered":"<p>Contexte et raisons du r\u00f4le pr\u00e9pond\u00e9rant jou\u00e9 par le Pays basque dans les transformations de la technologie navale occidentale.<\/p>\n","protected":false},"author":1,"featured_media":4715,"parent":5413,"menu_order":0,"comment_status":"closed","ping_status":"closed","template":"","meta":{"_acf_changed":false,"footnotes":""},"categories":[378],"tags":[134],"class_list":["post-6881","page","type-page","status-publish","has-post-thumbnail","hentry","category-recherche","tag-cours-d-ete"],"acf":[],"yoast_head":"<!-- This site is optimized with the Yoast SEO plugin v27.4 - https:\/\/yoast.com\/product\/yoast-seo-wordpress\/ -->\n<title>La construction navale basque et la nao Victoria - Euskal Itsas Museoa<\/title>\n<meta name=\"robots\" content=\"index, follow, max-snippet:-1, max-image-preview:large, max-video-preview:-1\" \/>\n<link rel=\"canonical\" href=\"https:\/\/itsasmuseoa.eus\/fr\/activites\/recherche\/la-construction-navale-basque-et-la-nao-victoria\/\" \/>\n<meta property=\"og:locale\" content=\"fr_FR\" \/>\n<meta property=\"og:type\" content=\"article\" \/>\n<meta property=\"og:title\" content=\"La construction navale basque et la nao Victoria - Euskal Itsas Museoa\" \/>\n<meta property=\"og:description\" content=\"Contexte et raisons du r\u00f4le pr\u00e9pond\u00e9rant jou\u00e9 par le Pays basque dans les transformations de la technologie navale occidentale.\" \/>\n<meta property=\"og:url\" content=\"https:\/\/itsasmuseoa.eus\/fr\/activites\/recherche\/la-construction-navale-basque-et-la-nao-victoria\/\" \/>\n<meta property=\"og:site_name\" content=\"Euskal Itsas Museoa\" \/>\n<meta property=\"article:modified_time\" content=\"2021-08-09T08:15:56+00:00\" \/>\n<meta property=\"og:image\" content=\"https:\/\/itsasmuseoa.eus\/wp-content\/uploads\/2021\/07\/investigacion-construccion-naval-vasca-la-victoria-2.jpg\" \/>\n\t<meta property=\"og:image:width\" content=\"660\" \/>\n\t<meta property=\"og:image:height\" content=\"440\" \/>\n\t<meta property=\"og:image:type\" content=\"image\/jpeg\" \/>\n<meta name=\"twitter:card\" content=\"summary_large_image\" \/>\n<script type=\"application\/ld+json\" class=\"yoast-schema-graph\">{\"@context\":\"https:\\\/\\\/schema.org\",\"@graph\":[{\"@type\":\"WebPage\",\"@id\":\"https:\\\/\\\/itsasmuseoa.eus\\\/fr\\\/activites\\\/recherche\\\/la-construction-navale-basque-et-la-nao-victoria\\\/\",\"url\":\"https:\\\/\\\/itsasmuseoa.eus\\\/fr\\\/activites\\\/recherche\\\/la-construction-navale-basque-et-la-nao-victoria\\\/\",\"name\":\"La construction navale basque et la nao Victoria - Euskal Itsas Museoa\",\"isPartOf\":{\"@id\":\"https:\\\/\\\/itsasmuseoa.eus\\\/fr\\\/#website\"},\"primaryImageOfPage\":{\"@id\":\"https:\\\/\\\/itsasmuseoa.eus\\\/fr\\\/activites\\\/recherche\\\/la-construction-navale-basque-et-la-nao-victoria\\\/#primaryimage\"},\"image\":{\"@id\":\"https:\\\/\\\/itsasmuseoa.eus\\\/fr\\\/activites\\\/recherche\\\/la-construction-navale-basque-et-la-nao-victoria\\\/#primaryimage\"},\"thumbnailUrl\":\"https:\\\/\\\/itsasmuseoa.eus\\\/wp-content\\\/uploads\\\/2021\\\/07\\\/investigacion-construccion-naval-vasca-la-victoria-2.jpg\",\"datePublished\":\"2021-08-06T09:57:40+00:00\",\"dateModified\":\"2021-08-09T08:15:56+00:00\",\"breadcrumb\":{\"@id\":\"https:\\\/\\\/itsasmuseoa.eus\\\/fr\\\/activites\\\/recherche\\\/la-construction-navale-basque-et-la-nao-victoria\\\/#breadcrumb\"},\"inLanguage\":\"fr-FR\",\"potentialAction\":[{\"@type\":\"ReadAction\",\"target\":[\"https:\\\/\\\/itsasmuseoa.eus\\\/fr\\\/activites\\\/recherche\\\/la-construction-navale-basque-et-la-nao-victoria\\\/\"]}]},{\"@type\":\"ImageObject\",\"inLanguage\":\"fr-FR\",\"@id\":\"https:\\\/\\\/itsasmuseoa.eus\\\/fr\\\/activites\\\/recherche\\\/la-construction-navale-basque-et-la-nao-victoria\\\/#primaryimage\",\"url\":\"https:\\\/\\\/itsasmuseoa.eus\\\/wp-content\\\/uploads\\\/2021\\\/07\\\/investigacion-construccion-naval-vasca-la-victoria-2.jpg\",\"contentUrl\":\"https:\\\/\\\/itsasmuseoa.eus\\\/wp-content\\\/uploads\\\/2021\\\/07\\\/investigacion-construccion-naval-vasca-la-victoria-2.jpg\",\"width\":660,\"height\":440,\"caption\":\"Investigaci\u00f3n Construcci\u00f3n Naval Vasca\"},{\"@type\":\"BreadcrumbList\",\"@id\":\"https:\\\/\\\/itsasmuseoa.eus\\\/fr\\\/activites\\\/recherche\\\/la-construction-navale-basque-et-la-nao-victoria\\\/#breadcrumb\",\"itemListElement\":[{\"@type\":\"ListItem\",\"position\":1,\"name\":\"Inicio\",\"item\":\"https:\\\/\\\/itsasmuseoa.eus\\\/fr\\\/\"},{\"@type\":\"ListItem\",\"position\":2,\"name\":\"Activit\u00e9s\",\"item\":\"https:\\\/\\\/itsasmuseoa.eus\\\/fr\\\/activites\\\/\"},{\"@type\":\"ListItem\",\"position\":3,\"name\":\"Recherche\",\"item\":\"https:\\\/\\\/itsasmuseoa.eus\\\/fr\\\/activites\\\/recherche\\\/\"},{\"@type\":\"ListItem\",\"position\":4,\"name\":\"La construction navale basque et la nao Victoria\"}]},{\"@type\":\"WebSite\",\"@id\":\"https:\\\/\\\/itsasmuseoa.eus\\\/fr\\\/#website\",\"url\":\"https:\\\/\\\/itsasmuseoa.eus\\\/fr\\\/\",\"name\":\"Euskal Itsas Museoa\",\"description\":\"Museo Mar\u00edtimo Vasco\",\"potentialAction\":[{\"@type\":\"SearchAction\",\"target\":{\"@type\":\"EntryPoint\",\"urlTemplate\":\"https:\\\/\\\/itsasmuseoa.eus\\\/fr\\\/?s={search_term_string}\"},\"query-input\":{\"@type\":\"PropertyValueSpecification\",\"valueRequired\":true,\"valueName\":\"search_term_string\"}}],\"inLanguage\":\"fr-FR\"}]}<\/script>\n<!-- \/ Yoast SEO plugin. -->","yoast_head_json":{"title":"La construction navale basque et la nao Victoria - Euskal Itsas Museoa","robots":{"index":"index","follow":"follow","max-snippet":"max-snippet:-1","max-image-preview":"max-image-preview:large","max-video-preview":"max-video-preview:-1"},"canonical":"https:\/\/itsasmuseoa.eus\/fr\/activites\/recherche\/la-construction-navale-basque-et-la-nao-victoria\/","og_locale":"fr_FR","og_type":"article","og_title":"La construction navale basque et la nao Victoria - Euskal Itsas Museoa","og_description":"Contexte et raisons du r\u00f4le pr\u00e9pond\u00e9rant jou\u00e9 par le Pays basque dans les transformations de la technologie navale occidentale.","og_url":"https:\/\/itsasmuseoa.eus\/fr\/activites\/recherche\/la-construction-navale-basque-et-la-nao-victoria\/","og_site_name":"Euskal Itsas Museoa","article_modified_time":"2021-08-09T08:15:56+00:00","og_image":[{"width":660,"height":440,"url":"https:\/\/itsasmuseoa.eus\/wp-content\/uploads\/2021\/07\/investigacion-construccion-naval-vasca-la-victoria-2.jpg","type":"image\/jpeg"}],"twitter_card":"summary_large_image","schema":{"@context":"https:\/\/schema.org","@graph":[{"@type":"WebPage","@id":"https:\/\/itsasmuseoa.eus\/fr\/activites\/recherche\/la-construction-navale-basque-et-la-nao-victoria\/","url":"https:\/\/itsasmuseoa.eus\/fr\/activites\/recherche\/la-construction-navale-basque-et-la-nao-victoria\/","name":"La construction navale basque et la nao Victoria - Euskal Itsas Museoa","isPartOf":{"@id":"https:\/\/itsasmuseoa.eus\/fr\/#website"},"primaryImageOfPage":{"@id":"https:\/\/itsasmuseoa.eus\/fr\/activites\/recherche\/la-construction-navale-basque-et-la-nao-victoria\/#primaryimage"},"image":{"@id":"https:\/\/itsasmuseoa.eus\/fr\/activites\/recherche\/la-construction-navale-basque-et-la-nao-victoria\/#primaryimage"},"thumbnailUrl":"https:\/\/itsasmuseoa.eus\/wp-content\/uploads\/2021\/07\/investigacion-construccion-naval-vasca-la-victoria-2.jpg","datePublished":"2021-08-06T09:57:40+00:00","dateModified":"2021-08-09T08:15:56+00:00","breadcrumb":{"@id":"https:\/\/itsasmuseoa.eus\/fr\/activites\/recherche\/la-construction-navale-basque-et-la-nao-victoria\/#breadcrumb"},"inLanguage":"fr-FR","potentialAction":[{"@type":"ReadAction","target":["https:\/\/itsasmuseoa.eus\/fr\/activites\/recherche\/la-construction-navale-basque-et-la-nao-victoria\/"]}]},{"@type":"ImageObject","inLanguage":"fr-FR","@id":"https:\/\/itsasmuseoa.eus\/fr\/activites\/recherche\/la-construction-navale-basque-et-la-nao-victoria\/#primaryimage","url":"https:\/\/itsasmuseoa.eus\/wp-content\/uploads\/2021\/07\/investigacion-construccion-naval-vasca-la-victoria-2.jpg","contentUrl":"https:\/\/itsasmuseoa.eus\/wp-content\/uploads\/2021\/07\/investigacion-construccion-naval-vasca-la-victoria-2.jpg","width":660,"height":440,"caption":"Investigaci\u00f3n Construcci\u00f3n Naval Vasca"},{"@type":"BreadcrumbList","@id":"https:\/\/itsasmuseoa.eus\/fr\/activites\/recherche\/la-construction-navale-basque-et-la-nao-victoria\/#breadcrumb","itemListElement":[{"@type":"ListItem","position":1,"name":"Inicio","item":"https:\/\/itsasmuseoa.eus\/fr\/"},{"@type":"ListItem","position":2,"name":"Activit\u00e9s","item":"https:\/\/itsasmuseoa.eus\/fr\/activites\/"},{"@type":"ListItem","position":3,"name":"Recherche","item":"https:\/\/itsasmuseoa.eus\/fr\/activites\/recherche\/"},{"@type":"ListItem","position":4,"name":"La construction navale basque et la nao Victoria"}]},{"@type":"WebSite","@id":"https:\/\/itsasmuseoa.eus\/fr\/#website","url":"https:\/\/itsasmuseoa.eus\/fr\/","name":"Euskal Itsas Museoa","description":"Museo Mar\u00edtimo Vasco","potentialAction":[{"@type":"SearchAction","target":{"@type":"EntryPoint","urlTemplate":"https:\/\/itsasmuseoa.eus\/fr\/?s={search_term_string}"},"query-input":{"@type":"PropertyValueSpecification","valueRequired":true,"valueName":"search_term_string"}}],"inLanguage":"fr-FR"}]}},"_links":{"self":[{"href":"https:\/\/itsasmuseoa.eus\/fr\/wp-json\/wp\/v2\/pages\/6881","targetHints":{"allow":["GET"]}}],"collection":[{"href":"https:\/\/itsasmuseoa.eus\/fr\/wp-json\/wp\/v2\/pages"}],"about":[{"href":"https:\/\/itsasmuseoa.eus\/fr\/wp-json\/wp\/v2\/types\/page"}],"author":[{"embeddable":true,"href":"https:\/\/itsasmuseoa.eus\/fr\/wp-json\/wp\/v2\/users\/1"}],"replies":[{"embeddable":true,"href":"https:\/\/itsasmuseoa.eus\/fr\/wp-json\/wp\/v2\/comments?post=6881"}],"version-history":[{"count":0,"href":"https:\/\/itsasmuseoa.eus\/fr\/wp-json\/wp\/v2\/pages\/6881\/revisions"}],"up":[{"embeddable":true,"href":"https:\/\/itsasmuseoa.eus\/fr\/wp-json\/wp\/v2\/pages\/5413"}],"wp:featuredmedia":[{"embeddable":true,"href":"https:\/\/itsasmuseoa.eus\/fr\/wp-json\/wp\/v2\/media\/4715"}],"wp:attachment":[{"href":"https:\/\/itsasmuseoa.eus\/fr\/wp-json\/wp\/v2\/media?parent=6881"}],"wp:term":[{"taxonomy":"category","embeddable":true,"href":"https:\/\/itsasmuseoa.eus\/fr\/wp-json\/wp\/v2\/categories?post=6881"},{"taxonomy":"post_tag","embeddable":true,"href":"https:\/\/itsasmuseoa.eus\/fr\/wp-json\/wp\/v2\/tags?post=6881"}],"curies":[{"name":"wp","href":"https:\/\/api.w.org\/{rel}","templated":true}]}}