{"id":7051,"date":"2021-08-06T19:07:30","date_gmt":"2021-08-06T17:07:30","guid":{"rendered":"https:\/\/itsasmuseoa.eus\/activites\/itsasertzetik\/reflexions-du-responsable-dun-restaurant-a-getaria\/"},"modified":"2021-08-09T10:25:40","modified_gmt":"2021-08-09T08:25:40","slug":"reflexions-du-responsable-dun-restaurant-a-getaria","status":"publish","type":"page","link":"https:\/\/itsasmuseoa.eus\/fr\/activites\/multimedia\/reflexions-du-responsable-dun-restaurant-a-getaria\/","title":{"rendered":"R\u00e9flexions du responsable d\u2019un restaurant \u00e0 Getaria"},"content":{"rendered":"","protected":false},"excerpt":{"rendered":"<p>Nous continuons \u00e0 Getaria et nous avons contact\u00e9 le chef d\u2019un de ses principaux restaurants. Ces \u00e9tablissements sont un pilier fondamental de la gastronomie, de la culture et du patrimoine maritime basques et ils occupent aujourd\u2019hui une position de r\u00e9f\u00e9rence \u00e0 l\u2019\u00e9chelle internationale.<\/p>\n","protected":false},"author":1,"featured_media":4232,"parent":5416,"menu_order":0,"comment_status":"closed","ping_status":"closed","template":"","meta":{"_acf_changed":false,"footnotes":""},"categories":[377],"tags":[147],"class_list":["post-7051","page","type-page","status-publish","has-post-thumbnail","hentry","category-entrevue","tag-agentactuelmusee"],"acf":[],"yoast_head":"<!-- This site is optimized with the Yoast SEO plugin v27.4 - https:\/\/yoast.com\/product\/yoast-seo-wordpress\/ -->\n<title>R\u00e9flexions du responsable d\u2019un restaurant \u00e0 Getaria - Euskal Itsas Museoa<\/title>\n<meta name=\"robots\" content=\"index, follow, max-snippet:-1, max-image-preview:large, max-video-preview:-1\" \/>\n<link rel=\"canonical\" href=\"https:\/\/itsasmuseoa.eus\/fr\/activites\/multimedia\/reflexions-du-responsable-dun-restaurant-a-getaria\/\" \/>\n<meta property=\"og:locale\" content=\"fr_FR\" \/>\n<meta property=\"og:type\" content=\"article\" \/>\n<meta property=\"og:title\" content=\"R\u00e9flexions du responsable d\u2019un restaurant \u00e0 Getaria - Euskal Itsas Museoa\" \/>\n<meta property=\"og:description\" content=\"Nous continuons \u00e0 Getaria et nous avons contact\u00e9 le chef d\u2019un de ses principaux restaurants. Ces \u00e9tablissements sont un pilier fondamental de la gastronomie, de la culture et du patrimoine maritime basques et ils occupent aujourd\u2019hui une position de r\u00e9f\u00e9rence \u00e0 l\u2019\u00e9chelle internationale.\" \/>\n<meta property=\"og:url\" content=\"https:\/\/itsasmuseoa.eus\/fr\/activites\/multimedia\/reflexions-du-responsable-dun-restaurant-a-getaria\/\" \/>\n<meta property=\"og:site_name\" content=\"Euskal Itsas Museoa\" \/>\n<meta property=\"article:modified_time\" content=\"2021-08-09T08:25:40+00:00\" \/>\n<meta property=\"og:image\" content=\"https:\/\/itsasmuseoa.eus\/wp-content\/uploads\/2021\/07\/itsasertzetik-entrevista-04.jpg\" \/>\n\t<meta property=\"og:image:width\" content=\"1920\" \/>\n\t<meta property=\"og:image:height\" content=\"1080\" \/>\n\t<meta property=\"og:image:type\" content=\"image\/jpeg\" \/>\n<meta name=\"twitter:card\" content=\"summary_large_image\" \/>\n<script type=\"application\/ld+json\" class=\"yoast-schema-graph\">{\"@context\":\"https:\\\/\\\/schema.org\",\"@graph\":[{\"@type\":\"WebPage\",\"@id\":\"https:\\\/\\\/itsasmuseoa.eus\\\/fr\\\/activites\\\/multimedia\\\/reflexions-du-responsable-dun-restaurant-a-getaria\\\/\",\"url\":\"https:\\\/\\\/itsasmuseoa.eus\\\/fr\\\/activites\\\/multimedia\\\/reflexions-du-responsable-dun-restaurant-a-getaria\\\/\",\"name\":\"R\u00e9flexions du responsable d\u2019un restaurant \u00e0 Getaria - Euskal Itsas Museoa\",\"isPartOf\":{\"@id\":\"https:\\\/\\\/itsasmuseoa.eus\\\/fr\\\/#website\"},\"primaryImageOfPage\":{\"@id\":\"https:\\\/\\\/itsasmuseoa.eus\\\/fr\\\/activites\\\/multimedia\\\/reflexions-du-responsable-dun-restaurant-a-getaria\\\/#primaryimage\"},\"image\":{\"@id\":\"https:\\\/\\\/itsasmuseoa.eus\\\/fr\\\/activites\\\/multimedia\\\/reflexions-du-responsable-dun-restaurant-a-getaria\\\/#primaryimage\"},\"thumbnailUrl\":\"https:\\\/\\\/itsasmuseoa.eus\\\/wp-content\\\/uploads\\\/2021\\\/07\\\/itsasertzetik-entrevista-04.jpg\",\"datePublished\":\"2021-08-06T17:07:30+00:00\",\"dateModified\":\"2021-08-09T08:25:40+00:00\",\"breadcrumb\":{\"@id\":\"https:\\\/\\\/itsasmuseoa.eus\\\/fr\\\/activites\\\/multimedia\\\/reflexions-du-responsable-dun-restaurant-a-getaria\\\/#breadcrumb\"},\"inLanguage\":\"fr-FR\",\"potentialAction\":[{\"@type\":\"ReadAction\",\"target\":[\"https:\\\/\\\/itsasmuseoa.eus\\\/fr\\\/activites\\\/multimedia\\\/reflexions-du-responsable-dun-restaurant-a-getaria\\\/\"]}]},{\"@type\":\"ImageObject\",\"inLanguage\":\"fr-FR\",\"@id\":\"https:\\\/\\\/itsasmuseoa.eus\\\/fr\\\/activites\\\/multimedia\\\/reflexions-du-responsable-dun-restaurant-a-getaria\\\/#primaryimage\",\"url\":\"https:\\\/\\\/itsasmuseoa.eus\\\/wp-content\\\/uploads\\\/2021\\\/07\\\/itsasertzetik-entrevista-04.jpg\",\"contentUrl\":\"https:\\\/\\\/itsasmuseoa.eus\\\/wp-content\\\/uploads\\\/2021\\\/07\\\/itsasertzetik-entrevista-04.jpg\",\"width\":1920,\"height\":1080,\"caption\":\"Itsasertzetik 4\"},{\"@type\":\"BreadcrumbList\",\"@id\":\"https:\\\/\\\/itsasmuseoa.eus\\\/fr\\\/activites\\\/multimedia\\\/reflexions-du-responsable-dun-restaurant-a-getaria\\\/#breadcrumb\",\"itemListElement\":[{\"@type\":\"ListItem\",\"position\":1,\"name\":\"Inicio\",\"item\":\"https:\\\/\\\/itsasmuseoa.eus\\\/fr\\\/\"},{\"@type\":\"ListItem\",\"position\":2,\"name\":\"Activit\u00e9s\",\"item\":\"https:\\\/\\\/itsasmuseoa.eus\\\/fr\\\/activites\\\/\"},{\"@type\":\"ListItem\",\"position\":3,\"name\":\"Multim\u00e9dia\",\"item\":\"https:\\\/\\\/itsasmuseoa.eus\\\/fr\\\/activites\\\/multimedia\\\/\"},{\"@type\":\"ListItem\",\"position\":4,\"name\":\"R\u00e9flexions du responsable d\u2019un restaurant \u00e0 Getaria\"}]},{\"@type\":\"WebSite\",\"@id\":\"https:\\\/\\\/itsasmuseoa.eus\\\/fr\\\/#website\",\"url\":\"https:\\\/\\\/itsasmuseoa.eus\\\/fr\\\/\",\"name\":\"Euskal Itsas Museoa\",\"description\":\"Museo Mar\u00edtimo Vasco\",\"potentialAction\":[{\"@type\":\"SearchAction\",\"target\":{\"@type\":\"EntryPoint\",\"urlTemplate\":\"https:\\\/\\\/itsasmuseoa.eus\\\/fr\\\/?s={search_term_string}\"},\"query-input\":{\"@type\":\"PropertyValueSpecification\",\"valueRequired\":true,\"valueName\":\"search_term_string\"}}],\"inLanguage\":\"fr-FR\"}]}<\/script>\n<!-- \/ Yoast SEO plugin. -->","yoast_head_json":{"title":"R\u00e9flexions du responsable d\u2019un restaurant \u00e0 Getaria - Euskal Itsas Museoa","robots":{"index":"index","follow":"follow","max-snippet":"max-snippet:-1","max-image-preview":"max-image-preview:large","max-video-preview":"max-video-preview:-1"},"canonical":"https:\/\/itsasmuseoa.eus\/fr\/activites\/multimedia\/reflexions-du-responsable-dun-restaurant-a-getaria\/","og_locale":"fr_FR","og_type":"article","og_title":"R\u00e9flexions du responsable d\u2019un restaurant \u00e0 Getaria - Euskal Itsas Museoa","og_description":"Nous continuons \u00e0 Getaria et nous avons contact\u00e9 le chef d\u2019un de ses principaux restaurants. Ces \u00e9tablissements sont un pilier fondamental de la gastronomie, de la culture et du patrimoine maritime basques et ils occupent aujourd\u2019hui une position de r\u00e9f\u00e9rence \u00e0 l\u2019\u00e9chelle internationale.","og_url":"https:\/\/itsasmuseoa.eus\/fr\/activites\/multimedia\/reflexions-du-responsable-dun-restaurant-a-getaria\/","og_site_name":"Euskal Itsas Museoa","article_modified_time":"2021-08-09T08:25:40+00:00","og_image":[{"width":1920,"height":1080,"url":"https:\/\/itsasmuseoa.eus\/wp-content\/uploads\/2021\/07\/itsasertzetik-entrevista-04.jpg","type":"image\/jpeg"}],"twitter_card":"summary_large_image","schema":{"@context":"https:\/\/schema.org","@graph":[{"@type":"WebPage","@id":"https:\/\/itsasmuseoa.eus\/fr\/activites\/multimedia\/reflexions-du-responsable-dun-restaurant-a-getaria\/","url":"https:\/\/itsasmuseoa.eus\/fr\/activites\/multimedia\/reflexions-du-responsable-dun-restaurant-a-getaria\/","name":"R\u00e9flexions du responsable d\u2019un restaurant \u00e0 Getaria - Euskal Itsas Museoa","isPartOf":{"@id":"https:\/\/itsasmuseoa.eus\/fr\/#website"},"primaryImageOfPage":{"@id":"https:\/\/itsasmuseoa.eus\/fr\/activites\/multimedia\/reflexions-du-responsable-dun-restaurant-a-getaria\/#primaryimage"},"image":{"@id":"https:\/\/itsasmuseoa.eus\/fr\/activites\/multimedia\/reflexions-du-responsable-dun-restaurant-a-getaria\/#primaryimage"},"thumbnailUrl":"https:\/\/itsasmuseoa.eus\/wp-content\/uploads\/2021\/07\/itsasertzetik-entrevista-04.jpg","datePublished":"2021-08-06T17:07:30+00:00","dateModified":"2021-08-09T08:25:40+00:00","breadcrumb":{"@id":"https:\/\/itsasmuseoa.eus\/fr\/activites\/multimedia\/reflexions-du-responsable-dun-restaurant-a-getaria\/#breadcrumb"},"inLanguage":"fr-FR","potentialAction":[{"@type":"ReadAction","target":["https:\/\/itsasmuseoa.eus\/fr\/activites\/multimedia\/reflexions-du-responsable-dun-restaurant-a-getaria\/"]}]},{"@type":"ImageObject","inLanguage":"fr-FR","@id":"https:\/\/itsasmuseoa.eus\/fr\/activites\/multimedia\/reflexions-du-responsable-dun-restaurant-a-getaria\/#primaryimage","url":"https:\/\/itsasmuseoa.eus\/wp-content\/uploads\/2021\/07\/itsasertzetik-entrevista-04.jpg","contentUrl":"https:\/\/itsasmuseoa.eus\/wp-content\/uploads\/2021\/07\/itsasertzetik-entrevista-04.jpg","width":1920,"height":1080,"caption":"Itsasertzetik 4"},{"@type":"BreadcrumbList","@id":"https:\/\/itsasmuseoa.eus\/fr\/activites\/multimedia\/reflexions-du-responsable-dun-restaurant-a-getaria\/#breadcrumb","itemListElement":[{"@type":"ListItem","position":1,"name":"Inicio","item":"https:\/\/itsasmuseoa.eus\/fr\/"},{"@type":"ListItem","position":2,"name":"Activit\u00e9s","item":"https:\/\/itsasmuseoa.eus\/fr\/activites\/"},{"@type":"ListItem","position":3,"name":"Multim\u00e9dia","item":"https:\/\/itsasmuseoa.eus\/fr\/activites\/multimedia\/"},{"@type":"ListItem","position":4,"name":"R\u00e9flexions du responsable d\u2019un restaurant \u00e0 Getaria"}]},{"@type":"WebSite","@id":"https:\/\/itsasmuseoa.eus\/fr\/#website","url":"https:\/\/itsasmuseoa.eus\/fr\/","name":"Euskal Itsas Museoa","description":"Museo Mar\u00edtimo Vasco","potentialAction":[{"@type":"SearchAction","target":{"@type":"EntryPoint","urlTemplate":"https:\/\/itsasmuseoa.eus\/fr\/?s={search_term_string}"},"query-input":{"@type":"PropertyValueSpecification","valueRequired":true,"valueName":"search_term_string"}}],"inLanguage":"fr-FR"}]}},"_links":{"self":[{"href":"https:\/\/itsasmuseoa.eus\/fr\/wp-json\/wp\/v2\/pages\/7051","targetHints":{"allow":["GET"]}}],"collection":[{"href":"https:\/\/itsasmuseoa.eus\/fr\/wp-json\/wp\/v2\/pages"}],"about":[{"href":"https:\/\/itsasmuseoa.eus\/fr\/wp-json\/wp\/v2\/types\/page"}],"author":[{"embeddable":true,"href":"https:\/\/itsasmuseoa.eus\/fr\/wp-json\/wp\/v2\/users\/1"}],"replies":[{"embeddable":true,"href":"https:\/\/itsasmuseoa.eus\/fr\/wp-json\/wp\/v2\/comments?post=7051"}],"version-history":[{"count":0,"href":"https:\/\/itsasmuseoa.eus\/fr\/wp-json\/wp\/v2\/pages\/7051\/revisions"}],"up":[{"embeddable":true,"href":"https:\/\/itsasmuseoa.eus\/fr\/wp-json\/wp\/v2\/pages\/5416"}],"wp:featuredmedia":[{"embeddable":true,"href":"https:\/\/itsasmuseoa.eus\/fr\/wp-json\/wp\/v2\/media\/4232"}],"wp:attachment":[{"href":"https:\/\/itsasmuseoa.eus\/fr\/wp-json\/wp\/v2\/media?parent=7051"}],"wp:term":[{"taxonomy":"category","embeddable":true,"href":"https:\/\/itsasmuseoa.eus\/fr\/wp-json\/wp\/v2\/categories?post=7051"},{"taxonomy":"post_tag","embeddable":true,"href":"https:\/\/itsasmuseoa.eus\/fr\/wp-json\/wp\/v2\/tags?post=7051"}],"curies":[{"name":"wp","href":"https:\/\/api.w.org\/{rel}","templated":true}]}}