{"id":7167,"date":"2021-08-07T10:43:24","date_gmt":"2021-08-07T08:43:24","guid":{"rendered":"https:\/\/itsasmuseoa.eus\/activites\/nos-publications\/itsas-memoria-magazine\/no8-patrimoine-immateriel-memoires-et-sources-orales\/"},"modified":"2023-02-01T08:39:04","modified_gmt":"2023-02-01T07:39:04","slug":"no8-patrimoine-immateriel-memoires-et-sources-orales","status":"publish","type":"page","link":"https:\/\/itsasmuseoa.eus\/fr\/activites\/nos-publications\/itsas-memoria-magazine\/no8-patrimoine-immateriel-memoires-et-sources-orales\/","title":{"rendered":"N\u00ba8 Patrimoine immat\u00e9riel, m\u00e9moires et sources orales"},"content":{"rendered":"\n\n\t<a href=\"https:\/\/itsasmuseoa.eus\/fr\/\">Inicio<\/a> <img decoding=\"async\" src=\"https:\/\/itsasmuseoa.eus\/flecha-breadcrumbs\/\" alt=\"icono flecha\" \/> <a href=\"https:\/\/itsasmuseoa.eus\/fr\/activites\/\">Activit\u00e9s<\/a> <img decoding=\"async\" src=\"https:\/\/itsasmuseoa.eus\/flecha-breadcrumbs\/\" alt=\"icono flecha\" \/> <a href=\"https:\/\/itsasmuseoa.eus\/fr\/activites\/nos-publications\/\">Nos publications<\/a> <img decoding=\"async\" src=\"https:\/\/itsasmuseoa.eus\/flecha-breadcrumbs\/\" alt=\"icono flecha\" \/> <a href=\"https:\/\/itsasmuseoa.eus\/fr\/activites\/nos-publications\/itsas-memoria-magazine\/\">Itsas Memoria Magazine<\/a> <img decoding=\"async\" src=\"https:\/\/itsasmuseoa.eus\/flecha-breadcrumbs\/\" alt=\"icono flecha\" \/> N\u00ba8 Patrimoine immat\u00e9riel, m\u00e9moires et sources orales\n\t\t<h1>\n\t\t\tItsas Memoria\n\t\t<\/h1>\n\t\t\t\t<img decoding=\"async\" src=\"https:\/\/itsasmuseoa.eus\/wp-content\/plugins\/bb-plugin\/img\/pixel.png\" alt=\"\" itemprop=\"image\" onerror=\"this.style.display='none'\"  \/>\n\t\t\t<a href=\"https:\/\/itsasmuseoa.eus\/wp-content\/uploads\/2021\/06\/ITSASMEMORIA_8_compressed_compressed.pdf\" target=\"_blank\" role=\"button\" rel=\"noopener\">\n\t\t\t\t\t\t\tT\u00e9l\u00e9charger\n\t\t\t\t\t<\/a>\n\t\t<h2>\n\t\t\tItsas Memoria. Magazine d&#8217;\u00c9tudes Maritimes du Pays Basque, n\u00ba 8\n\t\t\t\t\t\t\t\t\t\t\tPatrimoine immat\u00e9riel, m\u00e9moires et sources orales\n\t\t<\/h2>\n\t\t\tUntzi Museoa-Mus\u00e9e Naval, Saint S\u00e9bastien, 2016\t\t\n\t\t<h2>\n\t\t\t\u00c0 propos d&#8217;Itsas Memoria\n\t\t<\/h2>\n\t\t\t&#8220;Itsas Memoria. Revista de Estudios Mar\u00edtimos del Pa\u00eds Vasco&#8221; est une publication dont l&#8217;objectif est de d\u00e9velopper les \u00e9tudes maritimes en rapport avec la c\u00f4te basque.\t\t\n\n","protected":false},"excerpt":{"rendered":"<p>Inicio Activit\u00e9s Nos publications Itsas Memoria Magazine N\u00ba8 Patrimoine immat\u00e9riel, m\u00e9moires et sources orales Itsas Memoria T\u00e9l\u00e9charger Itsas Memoria. Magazine d&#8217;\u00c9tudes Maritimes du Pays Basque, n\u00ba 8 Patrimoine immat\u00e9riel, m\u00e9moires et sources orales Untzi Museoa-Mus\u00e9e Naval, Saint S\u00e9bastien, 2016 \u00c0 propos d&#8217;Itsas Memoria &#8220;Itsas Memoria. Revista de Estudios Mar\u00edtimos del Pa\u00eds Vasco&#8221; est une publication&hellip;<\/p>\n","protected":false},"author":1,"featured_media":1249,"parent":7139,"menu_order":0,"comment_status":"closed","ping_status":"closed","template":"","meta":{"_acf_changed":false,"footnotes":""},"categories":[385],"tags":[],"class_list":["post-7167","page","type-page","status-publish","has-post-thumbnail","hentry","category-itsas-memoria-fr"],"acf":[],"yoast_head":"<!-- This site is optimized with the Yoast SEO plugin v27.4 - https:\/\/yoast.com\/product\/yoast-seo-wordpress\/ -->\n<title>N\u00ba8 Patrimoine immat\u00e9riel, m\u00e9moires et sources orales - Euskal Itsas Museoa<\/title>\n<meta name=\"robots\" content=\"index, follow, max-snippet:-1, max-image-preview:large, max-video-preview:-1\" \/>\n<link rel=\"canonical\" href=\"https:\/\/itsasmuseoa.eus\/fr\/activites\/nos-publications\/itsas-memoria-magazine\/no8-patrimoine-immateriel-memoires-et-sources-orales\/\" \/>\n<meta property=\"og:locale\" content=\"fr_FR\" \/>\n<meta property=\"og:type\" content=\"article\" \/>\n<meta property=\"og:title\" content=\"N\u00ba8 Patrimoine immat\u00e9riel, m\u00e9moires et sources orales - Euskal Itsas Museoa\" \/>\n<meta property=\"og:description\" content=\"Inicio Activit\u00e9s Nos publications Itsas Memoria Magazine N\u00ba8 Patrimoine immat\u00e9riel, m\u00e9moires et sources orales Itsas Memoria T\u00e9l\u00e9charger Itsas Memoria. Magazine d&#8217;\u00c9tudes Maritimes du Pays Basque, n\u00ba 8 Patrimoine immat\u00e9riel, m\u00e9moires et sources orales Untzi Museoa-Mus\u00e9e Naval, Saint S\u00e9bastien, 2016 \u00c0 propos d&#8217;Itsas Memoria &#8220;Itsas Memoria. Revista de Estudios Mar\u00edtimos del Pa\u00eds Vasco&#8221; est une publication&hellip;\" \/>\n<meta property=\"og:url\" content=\"https:\/\/itsasmuseoa.eus\/fr\/activites\/nos-publications\/itsas-memoria-magazine\/no8-patrimoine-immateriel-memoires-et-sources-orales\/\" \/>\n<meta property=\"og:site_name\" content=\"Euskal Itsas Museoa\" \/>\n<meta property=\"article:modified_time\" content=\"2023-02-01T07:39:04+00:00\" \/>\n<meta property=\"og:image\" content=\"https:\/\/itsasmuseoa.eus\/wp-content\/uploads\/2021\/06\/itsas-memoria-08.png\" \/>\n\t<meta property=\"og:image:width\" content=\"585\" \/>\n\t<meta property=\"og:image:height\" content=\"828\" \/>\n\t<meta property=\"og:image:type\" content=\"image\/png\" \/>\n<meta name=\"twitter:card\" content=\"summary_large_image\" \/>\n<script type=\"application\/ld+json\" class=\"yoast-schema-graph\">{\"@context\":\"https:\\\/\\\/schema.org\",\"@graph\":[{\"@type\":\"WebPage\",\"@id\":\"https:\\\/\\\/itsasmuseoa.eus\\\/fr\\\/activites\\\/nos-publications\\\/itsas-memoria-magazine\\\/no8-patrimoine-immateriel-memoires-et-sources-orales\\\/\",\"url\":\"https:\\\/\\\/itsasmuseoa.eus\\\/fr\\\/activites\\\/nos-publications\\\/itsas-memoria-magazine\\\/no8-patrimoine-immateriel-memoires-et-sources-orales\\\/\",\"name\":\"N\u00ba8 Patrimoine immat\u00e9riel, m\u00e9moires et sources orales - Euskal Itsas Museoa\",\"isPartOf\":{\"@id\":\"https:\\\/\\\/itsasmuseoa.eus\\\/fr\\\/#website\"},\"primaryImageOfPage\":{\"@id\":\"https:\\\/\\\/itsasmuseoa.eus\\\/fr\\\/activites\\\/nos-publications\\\/itsas-memoria-magazine\\\/no8-patrimoine-immateriel-memoires-et-sources-orales\\\/#primaryimage\"},\"image\":{\"@id\":\"https:\\\/\\\/itsasmuseoa.eus\\\/fr\\\/activites\\\/nos-publications\\\/itsas-memoria-magazine\\\/no8-patrimoine-immateriel-memoires-et-sources-orales\\\/#primaryimage\"},\"thumbnailUrl\":\"https:\\\/\\\/itsasmuseoa.eus\\\/wp-content\\\/uploads\\\/2021\\\/06\\\/itsas-memoria-08.png\",\"datePublished\":\"2021-08-07T08:43:24+00:00\",\"dateModified\":\"2023-02-01T07:39:04+00:00\",\"breadcrumb\":{\"@id\":\"https:\\\/\\\/itsasmuseoa.eus\\\/fr\\\/activites\\\/nos-publications\\\/itsas-memoria-magazine\\\/no8-patrimoine-immateriel-memoires-et-sources-orales\\\/#breadcrumb\"},\"inLanguage\":\"fr-FR\",\"potentialAction\":[{\"@type\":\"ReadAction\",\"target\":[\"https:\\\/\\\/itsasmuseoa.eus\\\/fr\\\/activites\\\/nos-publications\\\/itsas-memoria-magazine\\\/no8-patrimoine-immateriel-memoires-et-sources-orales\\\/\"]}]},{\"@type\":\"ImageObject\",\"inLanguage\":\"fr-FR\",\"@id\":\"https:\\\/\\\/itsasmuseoa.eus\\\/fr\\\/activites\\\/nos-publications\\\/itsas-memoria-magazine\\\/no8-patrimoine-immateriel-memoires-et-sources-orales\\\/#primaryimage\",\"url\":\"https:\\\/\\\/itsasmuseoa.eus\\\/wp-content\\\/uploads\\\/2021\\\/06\\\/itsas-memoria-08.png\",\"contentUrl\":\"https:\\\/\\\/itsasmuseoa.eus\\\/wp-content\\\/uploads\\\/2021\\\/06\\\/itsas-memoria-08.png\",\"width\":585,\"height\":828,\"caption\":\"Portada de la revista Itsasmemoria n\u00famero 8\"},{\"@type\":\"BreadcrumbList\",\"@id\":\"https:\\\/\\\/itsasmuseoa.eus\\\/fr\\\/activites\\\/nos-publications\\\/itsas-memoria-magazine\\\/no8-patrimoine-immateriel-memoires-et-sources-orales\\\/#breadcrumb\",\"itemListElement\":[{\"@type\":\"ListItem\",\"position\":1,\"name\":\"Inicio\",\"item\":\"https:\\\/\\\/itsasmuseoa.eus\\\/fr\\\/\"},{\"@type\":\"ListItem\",\"position\":2,\"name\":\"Activit\u00e9s\",\"item\":\"https:\\\/\\\/itsasmuseoa.eus\\\/fr\\\/activites\\\/\"},{\"@type\":\"ListItem\",\"position\":3,\"name\":\"Nos publications\",\"item\":\"https:\\\/\\\/itsasmuseoa.eus\\\/fr\\\/activites\\\/nos-publications\\\/\"},{\"@type\":\"ListItem\",\"position\":4,\"name\":\"Itsas Memoria Magazine\",\"item\":\"https:\\\/\\\/itsasmuseoa.eus\\\/fr\\\/activites\\\/nos-publications\\\/itsas-memoria-magazine\\\/\"},{\"@type\":\"ListItem\",\"position\":5,\"name\":\"N\u00ba8 Patrimoine immat\u00e9riel, m\u00e9moires et sources orales\"}]},{\"@type\":\"WebSite\",\"@id\":\"https:\\\/\\\/itsasmuseoa.eus\\\/fr\\\/#website\",\"url\":\"https:\\\/\\\/itsasmuseoa.eus\\\/fr\\\/\",\"name\":\"Euskal Itsas Museoa\",\"description\":\"Museo Mar\u00edtimo Vasco\",\"potentialAction\":[{\"@type\":\"SearchAction\",\"target\":{\"@type\":\"EntryPoint\",\"urlTemplate\":\"https:\\\/\\\/itsasmuseoa.eus\\\/fr\\\/?s={search_term_string}\"},\"query-input\":{\"@type\":\"PropertyValueSpecification\",\"valueRequired\":true,\"valueName\":\"search_term_string\"}}],\"inLanguage\":\"fr-FR\"}]}<\/script>\n<!-- \/ Yoast SEO plugin. -->","yoast_head_json":{"title":"N\u00ba8 Patrimoine immat\u00e9riel, m\u00e9moires et sources orales - Euskal Itsas Museoa","robots":{"index":"index","follow":"follow","max-snippet":"max-snippet:-1","max-image-preview":"max-image-preview:large","max-video-preview":"max-video-preview:-1"},"canonical":"https:\/\/itsasmuseoa.eus\/fr\/activites\/nos-publications\/itsas-memoria-magazine\/no8-patrimoine-immateriel-memoires-et-sources-orales\/","og_locale":"fr_FR","og_type":"article","og_title":"N\u00ba8 Patrimoine immat\u00e9riel, m\u00e9moires et sources orales - Euskal Itsas Museoa","og_description":"Inicio Activit\u00e9s Nos publications Itsas Memoria Magazine N\u00ba8 Patrimoine immat\u00e9riel, m\u00e9moires et sources orales Itsas Memoria T\u00e9l\u00e9charger Itsas Memoria. Magazine d&#8217;\u00c9tudes Maritimes du Pays Basque, n\u00ba 8 Patrimoine immat\u00e9riel, m\u00e9moires et sources orales Untzi Museoa-Mus\u00e9e Naval, Saint S\u00e9bastien, 2016 \u00c0 propos d&#8217;Itsas Memoria &#8220;Itsas Memoria. Revista de Estudios Mar\u00edtimos del Pa\u00eds Vasco&#8221; est une publication&hellip;","og_url":"https:\/\/itsasmuseoa.eus\/fr\/activites\/nos-publications\/itsas-memoria-magazine\/no8-patrimoine-immateriel-memoires-et-sources-orales\/","og_site_name":"Euskal Itsas Museoa","article_modified_time":"2023-02-01T07:39:04+00:00","og_image":[{"width":585,"height":828,"url":"https:\/\/itsasmuseoa.eus\/wp-content\/uploads\/2021\/06\/itsas-memoria-08.png","type":"image\/png"}],"twitter_card":"summary_large_image","schema":{"@context":"https:\/\/schema.org","@graph":[{"@type":"WebPage","@id":"https:\/\/itsasmuseoa.eus\/fr\/activites\/nos-publications\/itsas-memoria-magazine\/no8-patrimoine-immateriel-memoires-et-sources-orales\/","url":"https:\/\/itsasmuseoa.eus\/fr\/activites\/nos-publications\/itsas-memoria-magazine\/no8-patrimoine-immateriel-memoires-et-sources-orales\/","name":"N\u00ba8 Patrimoine immat\u00e9riel, m\u00e9moires et sources orales - Euskal Itsas Museoa","isPartOf":{"@id":"https:\/\/itsasmuseoa.eus\/fr\/#website"},"primaryImageOfPage":{"@id":"https:\/\/itsasmuseoa.eus\/fr\/activites\/nos-publications\/itsas-memoria-magazine\/no8-patrimoine-immateriel-memoires-et-sources-orales\/#primaryimage"},"image":{"@id":"https:\/\/itsasmuseoa.eus\/fr\/activites\/nos-publications\/itsas-memoria-magazine\/no8-patrimoine-immateriel-memoires-et-sources-orales\/#primaryimage"},"thumbnailUrl":"https:\/\/itsasmuseoa.eus\/wp-content\/uploads\/2021\/06\/itsas-memoria-08.png","datePublished":"2021-08-07T08:43:24+00:00","dateModified":"2023-02-01T07:39:04+00:00","breadcrumb":{"@id":"https:\/\/itsasmuseoa.eus\/fr\/activites\/nos-publications\/itsas-memoria-magazine\/no8-patrimoine-immateriel-memoires-et-sources-orales\/#breadcrumb"},"inLanguage":"fr-FR","potentialAction":[{"@type":"ReadAction","target":["https:\/\/itsasmuseoa.eus\/fr\/activites\/nos-publications\/itsas-memoria-magazine\/no8-patrimoine-immateriel-memoires-et-sources-orales\/"]}]},{"@type":"ImageObject","inLanguage":"fr-FR","@id":"https:\/\/itsasmuseoa.eus\/fr\/activites\/nos-publications\/itsas-memoria-magazine\/no8-patrimoine-immateriel-memoires-et-sources-orales\/#primaryimage","url":"https:\/\/itsasmuseoa.eus\/wp-content\/uploads\/2021\/06\/itsas-memoria-08.png","contentUrl":"https:\/\/itsasmuseoa.eus\/wp-content\/uploads\/2021\/06\/itsas-memoria-08.png","width":585,"height":828,"caption":"Portada de la revista Itsasmemoria n\u00famero 8"},{"@type":"BreadcrumbList","@id":"https:\/\/itsasmuseoa.eus\/fr\/activites\/nos-publications\/itsas-memoria-magazine\/no8-patrimoine-immateriel-memoires-et-sources-orales\/#breadcrumb","itemListElement":[{"@type":"ListItem","position":1,"name":"Inicio","item":"https:\/\/itsasmuseoa.eus\/fr\/"},{"@type":"ListItem","position":2,"name":"Activit\u00e9s","item":"https:\/\/itsasmuseoa.eus\/fr\/activites\/"},{"@type":"ListItem","position":3,"name":"Nos publications","item":"https:\/\/itsasmuseoa.eus\/fr\/activites\/nos-publications\/"},{"@type":"ListItem","position":4,"name":"Itsas Memoria Magazine","item":"https:\/\/itsasmuseoa.eus\/fr\/activites\/nos-publications\/itsas-memoria-magazine\/"},{"@type":"ListItem","position":5,"name":"N\u00ba8 Patrimoine immat\u00e9riel, m\u00e9moires et sources orales"}]},{"@type":"WebSite","@id":"https:\/\/itsasmuseoa.eus\/fr\/#website","url":"https:\/\/itsasmuseoa.eus\/fr\/","name":"Euskal Itsas Museoa","description":"Museo Mar\u00edtimo Vasco","potentialAction":[{"@type":"SearchAction","target":{"@type":"EntryPoint","urlTemplate":"https:\/\/itsasmuseoa.eus\/fr\/?s={search_term_string}"},"query-input":{"@type":"PropertyValueSpecification","valueRequired":true,"valueName":"search_term_string"}}],"inLanguage":"fr-FR"}]}},"_links":{"self":[{"href":"https:\/\/itsasmuseoa.eus\/fr\/wp-json\/wp\/v2\/pages\/7167","targetHints":{"allow":["GET"]}}],"collection":[{"href":"https:\/\/itsasmuseoa.eus\/fr\/wp-json\/wp\/v2\/pages"}],"about":[{"href":"https:\/\/itsasmuseoa.eus\/fr\/wp-json\/wp\/v2\/types\/page"}],"author":[{"embeddable":true,"href":"https:\/\/itsasmuseoa.eus\/fr\/wp-json\/wp\/v2\/users\/1"}],"replies":[{"embeddable":true,"href":"https:\/\/itsasmuseoa.eus\/fr\/wp-json\/wp\/v2\/comments?post=7167"}],"version-history":[{"count":0,"href":"https:\/\/itsasmuseoa.eus\/fr\/wp-json\/wp\/v2\/pages\/7167\/revisions"}],"up":[{"embeddable":true,"href":"https:\/\/itsasmuseoa.eus\/fr\/wp-json\/wp\/v2\/pages\/7139"}],"wp:featuredmedia":[{"embeddable":true,"href":"https:\/\/itsasmuseoa.eus\/fr\/wp-json\/wp\/v2\/media\/1249"}],"wp:attachment":[{"href":"https:\/\/itsasmuseoa.eus\/fr\/wp-json\/wp\/v2\/media?parent=7167"}],"wp:term":[{"taxonomy":"category","embeddable":true,"href":"https:\/\/itsasmuseoa.eus\/fr\/wp-json\/wp\/v2\/categories?post=7167"},{"taxonomy":"post_tag","embeddable":true,"href":"https:\/\/itsasmuseoa.eus\/fr\/wp-json\/wp\/v2\/tags?post=7167"}],"curies":[{"name":"wp","href":"https:\/\/api.w.org\/{rel}","templated":true}]}}