{"id":7261,"date":"2021-08-07T20:28:44","date_gmt":"2021-08-07T18:28:44","guid":{"rendered":"https:\/\/itsasmuseoa.eus\/education\/offre-educative\/de-pasajes-a-terre-neuve\/"},"modified":"2021-08-07T20:28:44","modified_gmt":"2021-08-07T18:28:44","slug":"de-pasajes-a-terre-neuve","status":"publish","type":"page","link":"https:\/\/itsasmuseoa.eus\/fr\/education\/offre-educative\/de-pasajes-a-terre-neuve\/","title":{"rendered":"De Pasajes \u00e0 Terre-Neuve"},"content":{"rendered":"","protected":false},"excerpt":{"rendered":"<p>Nous nous plongerons dans l\u2019activit\u00e9 exerc\u00e9e par les p\u00eacheurs basques pendant quatre si\u00e8cles dans les eaux de Terre-Neuve.<\/p>\n","protected":false},"author":1,"featured_media":20348,"parent":5444,"menu_order":0,"comment_status":"closed","ping_status":"closed","template":"","meta":{"_acf_changed":false,"footnotes":""},"categories":[253],"tags":[419,345],"class_list":["post-7261","page","type-page","status-publish","has-post-thumbnail","hentry","category-enseignement-primaire","tag-atelier","tag-ecole-primaire"],"acf":[],"yoast_head":"<!-- This site is optimized with the Yoast SEO plugin v27.5 - https:\/\/yoast.com\/product\/yoast-seo-wordpress\/ -->\n<title>De Pasajes \u00e0 Terre-Neuve - Euskal Itsas Museoa<\/title>\n<meta name=\"robots\" content=\"index, follow, max-snippet:-1, max-image-preview:large, max-video-preview:-1\" \/>\n<link rel=\"canonical\" href=\"https:\/\/itsasmuseoa.eus\/fr\/education\/offre-educative\/de-pasajes-a-terre-neuve\/\" \/>\n<meta property=\"og:locale\" content=\"fr_FR\" \/>\n<meta property=\"og:type\" content=\"article\" \/>\n<meta property=\"og:title\" content=\"De Pasajes \u00e0 Terre-Neuve - Euskal Itsas Museoa\" \/>\n<meta property=\"og:description\" content=\"Nous nous plongerons dans l\u2019activit\u00e9 exerc\u00e9e par les p\u00eacheurs basques pendant quatre si\u00e8cles dans les eaux de Terre-Neuve.\" \/>\n<meta property=\"og:url\" content=\"https:\/\/itsasmuseoa.eus\/fr\/education\/offre-educative\/de-pasajes-a-terre-neuve\/\" \/>\n<meta property=\"og:site_name\" content=\"Euskal Itsas Museoa\" \/>\n<meta property=\"og:image\" content=\"https:\/\/itsasmuseoa.eus\/wp-content\/uploads\/2021\/07\/Itsasertzetik-de-pasaia-a-terranova-taller.jpg\" \/>\n\t<meta property=\"og:image:width\" content=\"827\" \/>\n\t<meta property=\"og:image:height\" content=\"551\" \/>\n\t<meta property=\"og:image:type\" content=\"image\/jpeg\" \/>\n<meta name=\"twitter:card\" content=\"summary_large_image\" \/>\n<script type=\"application\/ld+json\" class=\"yoast-schema-graph\">{\"@context\":\"https:\\\/\\\/schema.org\",\"@graph\":[{\"@type\":\"WebPage\",\"@id\":\"https:\\\/\\\/itsasmuseoa.eus\\\/fr\\\/education\\\/offre-educative\\\/de-pasajes-a-terre-neuve\\\/\",\"url\":\"https:\\\/\\\/itsasmuseoa.eus\\\/fr\\\/education\\\/offre-educative\\\/de-pasajes-a-terre-neuve\\\/\",\"name\":\"De Pasajes \u00e0 Terre-Neuve - Euskal Itsas Museoa\",\"isPartOf\":{\"@id\":\"https:\\\/\\\/itsasmuseoa.eus\\\/fr\\\/#website\"},\"primaryImageOfPage\":{\"@id\":\"https:\\\/\\\/itsasmuseoa.eus\\\/fr\\\/education\\\/offre-educative\\\/de-pasajes-a-terre-neuve\\\/#primaryimage\"},\"image\":{\"@id\":\"https:\\\/\\\/itsasmuseoa.eus\\\/fr\\\/education\\\/offre-educative\\\/de-pasajes-a-terre-neuve\\\/#primaryimage\"},\"thumbnailUrl\":\"https:\\\/\\\/itsasmuseoa.eus\\\/wp-content\\\/uploads\\\/2025\\\/08\\\/pasaiatik-ternuara.png\",\"datePublished\":\"2021-08-07T18:28:44+00:00\",\"breadcrumb\":{\"@id\":\"https:\\\/\\\/itsasmuseoa.eus\\\/fr\\\/education\\\/offre-educative\\\/de-pasajes-a-terre-neuve\\\/#breadcrumb\"},\"inLanguage\":\"fr-FR\",\"potentialAction\":[{\"@type\":\"ReadAction\",\"target\":[\"https:\\\/\\\/itsasmuseoa.eus\\\/fr\\\/education\\\/offre-educative\\\/de-pasajes-a-terre-neuve\\\/\"]}]},{\"@type\":\"ImageObject\",\"inLanguage\":\"fr-FR\",\"@id\":\"https:\\\/\\\/itsasmuseoa.eus\\\/fr\\\/education\\\/offre-educative\\\/de-pasajes-a-terre-neuve\\\/#primaryimage\",\"url\":\"https:\\\/\\\/itsasmuseoa.eus\\\/wp-content\\\/uploads\\\/2025\\\/08\\\/pasaiatik-ternuara.png\",\"contentUrl\":\"https:\\\/\\\/itsasmuseoa.eus\\\/wp-content\\\/uploads\\\/2025\\\/08\\\/pasaiatik-ternuara.png\",\"width\":660,\"height\":440},{\"@type\":\"BreadcrumbList\",\"@id\":\"https:\\\/\\\/itsasmuseoa.eus\\\/fr\\\/education\\\/offre-educative\\\/de-pasajes-a-terre-neuve\\\/#breadcrumb\",\"itemListElement\":[{\"@type\":\"ListItem\",\"position\":1,\"name\":\"Inicio\",\"item\":\"https:\\\/\\\/itsasmuseoa.eus\\\/fr\\\/\"},{\"@type\":\"ListItem\",\"position\":2,\"name\":\"\u00c9ducation\",\"item\":\"https:\\\/\\\/itsasmuseoa.eus\\\/fr\\\/education\\\/\"},{\"@type\":\"ListItem\",\"position\":3,\"name\":\"Offre \u00e9ducative\",\"item\":\"https:\\\/\\\/itsasmuseoa.eus\\\/fr\\\/educacion\\\/oferta-educativa\\\/\"},{\"@type\":\"ListItem\",\"position\":4,\"name\":\"De Pasajes \u00e0 Terre-Neuve\"}]},{\"@type\":\"WebSite\",\"@id\":\"https:\\\/\\\/itsasmuseoa.eus\\\/fr\\\/#website\",\"url\":\"https:\\\/\\\/itsasmuseoa.eus\\\/fr\\\/\",\"name\":\"Euskal Itsas Museoa\",\"description\":\"Museo Mar\u00edtimo Vasco\",\"potentialAction\":[{\"@type\":\"SearchAction\",\"target\":{\"@type\":\"EntryPoint\",\"urlTemplate\":\"https:\\\/\\\/itsasmuseoa.eus\\\/fr\\\/?s={search_term_string}\"},\"query-input\":{\"@type\":\"PropertyValueSpecification\",\"valueRequired\":true,\"valueName\":\"search_term_string\"}}],\"inLanguage\":\"fr-FR\"}]}<\/script>\n<!-- \/ Yoast SEO plugin. -->","yoast_head_json":{"title":"De Pasajes \u00e0 Terre-Neuve - Euskal Itsas Museoa","robots":{"index":"index","follow":"follow","max-snippet":"max-snippet:-1","max-image-preview":"max-image-preview:large","max-video-preview":"max-video-preview:-1"},"canonical":"https:\/\/itsasmuseoa.eus\/fr\/education\/offre-educative\/de-pasajes-a-terre-neuve\/","og_locale":"fr_FR","og_type":"article","og_title":"De Pasajes \u00e0 Terre-Neuve - Euskal Itsas Museoa","og_description":"Nous nous plongerons dans l\u2019activit\u00e9 exerc\u00e9e par les p\u00eacheurs basques pendant quatre si\u00e8cles dans les eaux de Terre-Neuve.","og_url":"https:\/\/itsasmuseoa.eus\/fr\/education\/offre-educative\/de-pasajes-a-terre-neuve\/","og_site_name":"Euskal Itsas Museoa","og_image":[{"width":827,"height":551,"url":"https:\/\/itsasmuseoa.eus\/wp-content\/uploads\/2021\/07\/Itsasertzetik-de-pasaia-a-terranova-taller.jpg","type":"image\/jpeg"}],"twitter_card":"summary_large_image","schema":{"@context":"https:\/\/schema.org","@graph":[{"@type":"WebPage","@id":"https:\/\/itsasmuseoa.eus\/fr\/education\/offre-educative\/de-pasajes-a-terre-neuve\/","url":"https:\/\/itsasmuseoa.eus\/fr\/education\/offre-educative\/de-pasajes-a-terre-neuve\/","name":"De Pasajes \u00e0 Terre-Neuve - Euskal Itsas Museoa","isPartOf":{"@id":"https:\/\/itsasmuseoa.eus\/fr\/#website"},"primaryImageOfPage":{"@id":"https:\/\/itsasmuseoa.eus\/fr\/education\/offre-educative\/de-pasajes-a-terre-neuve\/#primaryimage"},"image":{"@id":"https:\/\/itsasmuseoa.eus\/fr\/education\/offre-educative\/de-pasajes-a-terre-neuve\/#primaryimage"},"thumbnailUrl":"https:\/\/itsasmuseoa.eus\/wp-content\/uploads\/2025\/08\/pasaiatik-ternuara.png","datePublished":"2021-08-07T18:28:44+00:00","breadcrumb":{"@id":"https:\/\/itsasmuseoa.eus\/fr\/education\/offre-educative\/de-pasajes-a-terre-neuve\/#breadcrumb"},"inLanguage":"fr-FR","potentialAction":[{"@type":"ReadAction","target":["https:\/\/itsasmuseoa.eus\/fr\/education\/offre-educative\/de-pasajes-a-terre-neuve\/"]}]},{"@type":"ImageObject","inLanguage":"fr-FR","@id":"https:\/\/itsasmuseoa.eus\/fr\/education\/offre-educative\/de-pasajes-a-terre-neuve\/#primaryimage","url":"https:\/\/itsasmuseoa.eus\/wp-content\/uploads\/2025\/08\/pasaiatik-ternuara.png","contentUrl":"https:\/\/itsasmuseoa.eus\/wp-content\/uploads\/2025\/08\/pasaiatik-ternuara.png","width":660,"height":440},{"@type":"BreadcrumbList","@id":"https:\/\/itsasmuseoa.eus\/fr\/education\/offre-educative\/de-pasajes-a-terre-neuve\/#breadcrumb","itemListElement":[{"@type":"ListItem","position":1,"name":"Inicio","item":"https:\/\/itsasmuseoa.eus\/fr\/"},{"@type":"ListItem","position":2,"name":"\u00c9ducation","item":"https:\/\/itsasmuseoa.eus\/fr\/education\/"},{"@type":"ListItem","position":3,"name":"Offre \u00e9ducative","item":"https:\/\/itsasmuseoa.eus\/fr\/educacion\/oferta-educativa\/"},{"@type":"ListItem","position":4,"name":"De Pasajes \u00e0 Terre-Neuve"}]},{"@type":"WebSite","@id":"https:\/\/itsasmuseoa.eus\/fr\/#website","url":"https:\/\/itsasmuseoa.eus\/fr\/","name":"Euskal Itsas Museoa","description":"Museo Mar\u00edtimo Vasco","potentialAction":[{"@type":"SearchAction","target":{"@type":"EntryPoint","urlTemplate":"https:\/\/itsasmuseoa.eus\/fr\/?s={search_term_string}"},"query-input":{"@type":"PropertyValueSpecification","valueRequired":true,"valueName":"search_term_string"}}],"inLanguage":"fr-FR"}]}},"_links":{"self":[{"href":"https:\/\/itsasmuseoa.eus\/fr\/wp-json\/wp\/v2\/pages\/7261","targetHints":{"allow":["GET"]}}],"collection":[{"href":"https:\/\/itsasmuseoa.eus\/fr\/wp-json\/wp\/v2\/pages"}],"about":[{"href":"https:\/\/itsasmuseoa.eus\/fr\/wp-json\/wp\/v2\/types\/page"}],"author":[{"embeddable":true,"href":"https:\/\/itsasmuseoa.eus\/fr\/wp-json\/wp\/v2\/users\/1"}],"replies":[{"embeddable":true,"href":"https:\/\/itsasmuseoa.eus\/fr\/wp-json\/wp\/v2\/comments?post=7261"}],"version-history":[{"count":0,"href":"https:\/\/itsasmuseoa.eus\/fr\/wp-json\/wp\/v2\/pages\/7261\/revisions"}],"up":[{"embeddable":true,"href":"https:\/\/itsasmuseoa.eus\/fr\/wp-json\/wp\/v2\/pages\/5444"}],"wp:featuredmedia":[{"embeddable":true,"href":"https:\/\/itsasmuseoa.eus\/fr\/wp-json\/wp\/v2\/media\/20348"}],"wp:attachment":[{"href":"https:\/\/itsasmuseoa.eus\/fr\/wp-json\/wp\/v2\/media?parent=7261"}],"wp:term":[{"taxonomy":"category","embeddable":true,"href":"https:\/\/itsasmuseoa.eus\/fr\/wp-json\/wp\/v2\/categories?post=7261"},{"taxonomy":"post_tag","embeddable":true,"href":"https:\/\/itsasmuseoa.eus\/fr\/wp-json\/wp\/v2\/tags?post=7261"}],"curies":[{"name":"wp","href":"https:\/\/api.w.org\/{rel}","templated":true}]}}