{"id":7264,"date":"2021-08-07T20:43:44","date_gmt":"2021-08-07T18:43:44","guid":{"rendered":"https:\/\/itsasmuseoa.eus\/education\/offre-educative\/chasse-au-tresor-dans-la-jarana\/"},"modified":"2021-08-09T10:49:29","modified_gmt":"2021-08-09T08:49:29","slug":"chasse-au-tresor-dans-la-jarana","status":"publish","type":"page","link":"https:\/\/itsasmuseoa.eus\/fr\/education\/offre-educative\/chasse-au-tresor-dans-la-jarana\/","title":{"rendered":"Chasse au Tr\u00e9sor dans La Jarana"},"content":{"rendered":"","protected":false},"excerpt":{"rendered":"<p>Nous allons r\u00e9soudre 10 \u00e9nigmes pour d\u00e9couvrir le port de Saint S\u00e9bastien ou le quartier de Jarana.  Nous verrons les changements que la p\u00eache et le commerce ont provoqu\u00e9s dans le port et dans la ville.<\/p>\n","protected":false},"author":1,"featured_media":7393,"parent":5444,"menu_order":0,"comment_status":"closed","ping_status":"closed","template":"","meta":{"_acf_changed":false,"footnotes":""},"categories":[253],"tags":[345,431],"class_list":["post-7264","page","type-page","status-publish","has-post-thumbnail","hentry","category-enseignement-primaire","tag-ecole-primaire","tag-jeu-de-pistes-fr"],"acf":[],"yoast_head":"<!-- This site is optimized with the Yoast SEO plugin v27.3 - https:\/\/yoast.com\/product\/yoast-seo-wordpress\/ -->\n<title>Chasse au Tr\u00e9sor dans La Jarana - Euskal Itsas Museoa<\/title>\n<meta name=\"robots\" content=\"index, follow, max-snippet:-1, max-image-preview:large, max-video-preview:-1\" \/>\n<link rel=\"canonical\" href=\"https:\/\/itsasmuseoa.eus\/fr\/education\/offre-educative\/chasse-au-tresor-dans-la-jarana\/\" \/>\n<meta property=\"og:locale\" content=\"fr_FR\" \/>\n<meta property=\"og:type\" content=\"article\" \/>\n<meta property=\"og:title\" content=\"Chasse au Tr\u00e9sor dans La Jarana - Euskal Itsas Museoa\" \/>\n<meta property=\"og:description\" content=\"Nous allons r\u00e9soudre 10 \u00e9nigmes pour d\u00e9couvrir le port de Saint S\u00e9bastien ou le quartier de Jarana. Nous verrons les changements que la p\u00eache et le commerce ont provoqu\u00e9s dans le port et dans la ville.\" \/>\n<meta property=\"og:url\" content=\"https:\/\/itsasmuseoa.eus\/fr\/education\/offre-educative\/chasse-au-tresor-dans-la-jarana\/\" \/>\n<meta property=\"og:site_name\" content=\"Euskal Itsas Museoa\" \/>\n<meta property=\"article:modified_time\" content=\"2021-08-09T08:49:29+00:00\" \/>\n<meta property=\"og:image\" content=\"https:\/\/itsasmuseoa.eus\/wp-content\/uploads\/2021\/08\/juego-de-pistas-prueba.jpg\" \/>\n\t<meta property=\"og:image:width\" content=\"1012\" \/>\n\t<meta property=\"og:image:height\" content=\"732\" \/>\n\t<meta property=\"og:image:type\" content=\"image\/jpeg\" \/>\n<meta name=\"twitter:card\" content=\"summary_large_image\" \/>\n<script type=\"application\/ld+json\" class=\"yoast-schema-graph\">{\"@context\":\"https:\\\/\\\/schema.org\",\"@graph\":[{\"@type\":\"WebPage\",\"@id\":\"https:\\\/\\\/itsasmuseoa.eus\\\/fr\\\/education\\\/offre-educative\\\/chasse-au-tresor-dans-la-jarana\\\/\",\"url\":\"https:\\\/\\\/itsasmuseoa.eus\\\/fr\\\/education\\\/offre-educative\\\/chasse-au-tresor-dans-la-jarana\\\/\",\"name\":\"Chasse au Tr\u00e9sor dans La Jarana - Euskal Itsas Museoa\",\"isPartOf\":{\"@id\":\"https:\\\/\\\/itsasmuseoa.eus\\\/fr\\\/#website\"},\"primaryImageOfPage\":{\"@id\":\"https:\\\/\\\/itsasmuseoa.eus\\\/fr\\\/education\\\/offre-educative\\\/chasse-au-tresor-dans-la-jarana\\\/#primaryimage\"},\"image\":{\"@id\":\"https:\\\/\\\/itsasmuseoa.eus\\\/fr\\\/education\\\/offre-educative\\\/chasse-au-tresor-dans-la-jarana\\\/#primaryimage\"},\"thumbnailUrl\":\"https:\\\/\\\/itsasmuseoa.eus\\\/wp-content\\\/uploads\\\/2021\\\/08\\\/juego-de-pistas-prueba.jpg\",\"datePublished\":\"2021-08-07T18:43:44+00:00\",\"dateModified\":\"2021-08-09T08:49:29+00:00\",\"breadcrumb\":{\"@id\":\"https:\\\/\\\/itsasmuseoa.eus\\\/fr\\\/education\\\/offre-educative\\\/chasse-au-tresor-dans-la-jarana\\\/#breadcrumb\"},\"inLanguage\":\"fr-FR\",\"potentialAction\":[{\"@type\":\"ReadAction\",\"target\":[\"https:\\\/\\\/itsasmuseoa.eus\\\/fr\\\/education\\\/offre-educative\\\/chasse-au-tresor-dans-la-jarana\\\/\"]}]},{\"@type\":\"ImageObject\",\"inLanguage\":\"fr-FR\",\"@id\":\"https:\\\/\\\/itsasmuseoa.eus\\\/fr\\\/education\\\/offre-educative\\\/chasse-au-tresor-dans-la-jarana\\\/#primaryimage\",\"url\":\"https:\\\/\\\/itsasmuseoa.eus\\\/wp-content\\\/uploads\\\/2021\\\/08\\\/juego-de-pistas-prueba.jpg\",\"contentUrl\":\"https:\\\/\\\/itsasmuseoa.eus\\\/wp-content\\\/uploads\\\/2021\\\/08\\\/juego-de-pistas-prueba.jpg\",\"width\":1012,\"height\":732},{\"@type\":\"BreadcrumbList\",\"@id\":\"https:\\\/\\\/itsasmuseoa.eus\\\/fr\\\/education\\\/offre-educative\\\/chasse-au-tresor-dans-la-jarana\\\/#breadcrumb\",\"itemListElement\":[{\"@type\":\"ListItem\",\"position\":1,\"name\":\"Inicio\",\"item\":\"https:\\\/\\\/itsasmuseoa.eus\\\/fr\\\/\"},{\"@type\":\"ListItem\",\"position\":2,\"name\":\"\u00c9ducation\",\"item\":\"https:\\\/\\\/itsasmuseoa.eus\\\/fr\\\/education\\\/\"},{\"@type\":\"ListItem\",\"position\":3,\"name\":\"Offre \u00e9ducative\",\"item\":\"https:\\\/\\\/itsasmuseoa.eus\\\/fr\\\/educacion\\\/oferta-educativa\\\/\"},{\"@type\":\"ListItem\",\"position\":4,\"name\":\"Chasse au Tr\u00e9sor dans La Jarana\"}]},{\"@type\":\"WebSite\",\"@id\":\"https:\\\/\\\/itsasmuseoa.eus\\\/fr\\\/#website\",\"url\":\"https:\\\/\\\/itsasmuseoa.eus\\\/fr\\\/\",\"name\":\"Euskal Itsas Museoa\",\"description\":\"Museo Mar\u00edtimo Vasco\",\"potentialAction\":[{\"@type\":\"SearchAction\",\"target\":{\"@type\":\"EntryPoint\",\"urlTemplate\":\"https:\\\/\\\/itsasmuseoa.eus\\\/fr\\\/?s={search_term_string}\"},\"query-input\":{\"@type\":\"PropertyValueSpecification\",\"valueRequired\":true,\"valueName\":\"search_term_string\"}}],\"inLanguage\":\"fr-FR\"}]}<\/script>\n<!-- \/ Yoast SEO plugin. -->","yoast_head_json":{"title":"Chasse au Tr\u00e9sor dans La Jarana - Euskal Itsas Museoa","robots":{"index":"index","follow":"follow","max-snippet":"max-snippet:-1","max-image-preview":"max-image-preview:large","max-video-preview":"max-video-preview:-1"},"canonical":"https:\/\/itsasmuseoa.eus\/fr\/education\/offre-educative\/chasse-au-tresor-dans-la-jarana\/","og_locale":"fr_FR","og_type":"article","og_title":"Chasse au Tr\u00e9sor dans La Jarana - Euskal Itsas Museoa","og_description":"Nous allons r\u00e9soudre 10 \u00e9nigmes pour d\u00e9couvrir le port de Saint S\u00e9bastien ou le quartier de Jarana. Nous verrons les changements que la p\u00eache et le commerce ont provoqu\u00e9s dans le port et dans la ville.","og_url":"https:\/\/itsasmuseoa.eus\/fr\/education\/offre-educative\/chasse-au-tresor-dans-la-jarana\/","og_site_name":"Euskal Itsas Museoa","article_modified_time":"2021-08-09T08:49:29+00:00","og_image":[{"width":1012,"height":732,"url":"https:\/\/itsasmuseoa.eus\/wp-content\/uploads\/2021\/08\/juego-de-pistas-prueba.jpg","type":"image\/jpeg"}],"twitter_card":"summary_large_image","schema":{"@context":"https:\/\/schema.org","@graph":[{"@type":"WebPage","@id":"https:\/\/itsasmuseoa.eus\/fr\/education\/offre-educative\/chasse-au-tresor-dans-la-jarana\/","url":"https:\/\/itsasmuseoa.eus\/fr\/education\/offre-educative\/chasse-au-tresor-dans-la-jarana\/","name":"Chasse au Tr\u00e9sor dans La Jarana - Euskal Itsas Museoa","isPartOf":{"@id":"https:\/\/itsasmuseoa.eus\/fr\/#website"},"primaryImageOfPage":{"@id":"https:\/\/itsasmuseoa.eus\/fr\/education\/offre-educative\/chasse-au-tresor-dans-la-jarana\/#primaryimage"},"image":{"@id":"https:\/\/itsasmuseoa.eus\/fr\/education\/offre-educative\/chasse-au-tresor-dans-la-jarana\/#primaryimage"},"thumbnailUrl":"https:\/\/itsasmuseoa.eus\/wp-content\/uploads\/2021\/08\/juego-de-pistas-prueba.jpg","datePublished":"2021-08-07T18:43:44+00:00","dateModified":"2021-08-09T08:49:29+00:00","breadcrumb":{"@id":"https:\/\/itsasmuseoa.eus\/fr\/education\/offre-educative\/chasse-au-tresor-dans-la-jarana\/#breadcrumb"},"inLanguage":"fr-FR","potentialAction":[{"@type":"ReadAction","target":["https:\/\/itsasmuseoa.eus\/fr\/education\/offre-educative\/chasse-au-tresor-dans-la-jarana\/"]}]},{"@type":"ImageObject","inLanguage":"fr-FR","@id":"https:\/\/itsasmuseoa.eus\/fr\/education\/offre-educative\/chasse-au-tresor-dans-la-jarana\/#primaryimage","url":"https:\/\/itsasmuseoa.eus\/wp-content\/uploads\/2021\/08\/juego-de-pistas-prueba.jpg","contentUrl":"https:\/\/itsasmuseoa.eus\/wp-content\/uploads\/2021\/08\/juego-de-pistas-prueba.jpg","width":1012,"height":732},{"@type":"BreadcrumbList","@id":"https:\/\/itsasmuseoa.eus\/fr\/education\/offre-educative\/chasse-au-tresor-dans-la-jarana\/#breadcrumb","itemListElement":[{"@type":"ListItem","position":1,"name":"Inicio","item":"https:\/\/itsasmuseoa.eus\/fr\/"},{"@type":"ListItem","position":2,"name":"\u00c9ducation","item":"https:\/\/itsasmuseoa.eus\/fr\/education\/"},{"@type":"ListItem","position":3,"name":"Offre \u00e9ducative","item":"https:\/\/itsasmuseoa.eus\/fr\/educacion\/oferta-educativa\/"},{"@type":"ListItem","position":4,"name":"Chasse au Tr\u00e9sor dans La Jarana"}]},{"@type":"WebSite","@id":"https:\/\/itsasmuseoa.eus\/fr\/#website","url":"https:\/\/itsasmuseoa.eus\/fr\/","name":"Euskal Itsas Museoa","description":"Museo Mar\u00edtimo Vasco","potentialAction":[{"@type":"SearchAction","target":{"@type":"EntryPoint","urlTemplate":"https:\/\/itsasmuseoa.eus\/fr\/?s={search_term_string}"},"query-input":{"@type":"PropertyValueSpecification","valueRequired":true,"valueName":"search_term_string"}}],"inLanguage":"fr-FR"}]}},"_links":{"self":[{"href":"https:\/\/itsasmuseoa.eus\/fr\/wp-json\/wp\/v2\/pages\/7264","targetHints":{"allow":["GET"]}}],"collection":[{"href":"https:\/\/itsasmuseoa.eus\/fr\/wp-json\/wp\/v2\/pages"}],"about":[{"href":"https:\/\/itsasmuseoa.eus\/fr\/wp-json\/wp\/v2\/types\/page"}],"author":[{"embeddable":true,"href":"https:\/\/itsasmuseoa.eus\/fr\/wp-json\/wp\/v2\/users\/1"}],"replies":[{"embeddable":true,"href":"https:\/\/itsasmuseoa.eus\/fr\/wp-json\/wp\/v2\/comments?post=7264"}],"version-history":[{"count":0,"href":"https:\/\/itsasmuseoa.eus\/fr\/wp-json\/wp\/v2\/pages\/7264\/revisions"}],"up":[{"embeddable":true,"href":"https:\/\/itsasmuseoa.eus\/fr\/wp-json\/wp\/v2\/pages\/5444"}],"wp:featuredmedia":[{"embeddable":true,"href":"https:\/\/itsasmuseoa.eus\/fr\/wp-json\/wp\/v2\/media\/7393"}],"wp:attachment":[{"href":"https:\/\/itsasmuseoa.eus\/fr\/wp-json\/wp\/v2\/media?parent=7264"}],"wp:term":[{"taxonomy":"category","embeddable":true,"href":"https:\/\/itsasmuseoa.eus\/fr\/wp-json\/wp\/v2\/categories?post=7264"},{"taxonomy":"post_tag","embeddable":true,"href":"https:\/\/itsasmuseoa.eus\/fr\/wp-json\/wp\/v2\/tags?post=7264"}],"curies":[{"name":"wp","href":"https:\/\/api.w.org\/{rel}","templated":true}]}}