{"id":7267,"date":"2021-08-07T20:54:57","date_gmt":"2021-08-07T18:54:57","guid":{"rendered":"https:\/\/itsasmuseoa.eus\/education\/offre-educative\/les-femmes-eta-la-mer\/"},"modified":"2021-08-07T20:54:57","modified_gmt":"2021-08-07T18:54:57","slug":"les-femmes-eta-la-mer","status":"publish","type":"page","link":"https:\/\/itsasmuseoa.eus\/fr\/education\/offre-educative\/les-femmes-eta-la-mer\/","title":{"rendered":"Les femmes eta La mer"},"content":{"rendered":"","protected":false},"excerpt":{"rendered":"<p>Nous voulons souligner l\u2019importance et le r\u00f4le des femmes dans le monde maritime basque \u00e0 travers une r\u00e9flexion critique.<\/p>\n","protected":false},"author":1,"featured_media":20336,"parent":5444,"menu_order":0,"comment_status":"closed","ping_status":"closed","template":"","meta":{"_acf_changed":false,"footnotes":""},"categories":[403,256,406],"tags":[419],"class_list":["post-7267","page","type-page","status-publish","has-post-thumbnail","hentry","category-adultes","category-enseignement-secondaire","category-lycee","tag-atelier"],"acf":[],"yoast_head":"<!-- This site is optimized with the Yoast SEO plugin v27.4 - https:\/\/yoast.com\/product\/yoast-seo-wordpress\/ -->\n<title>Les femmes eta La mer - Euskal Itsas Museoa<\/title>\n<meta name=\"robots\" content=\"index, follow, max-snippet:-1, max-image-preview:large, max-video-preview:-1\" \/>\n<link rel=\"canonical\" href=\"https:\/\/itsasmuseoa.eus\/fr\/education\/offre-educative\/les-femmes-eta-la-mer\/\" \/>\n<meta property=\"og:locale\" content=\"fr_FR\" \/>\n<meta property=\"og:type\" content=\"article\" \/>\n<meta property=\"og:title\" content=\"Les femmes eta La mer - Euskal Itsas Museoa\" \/>\n<meta property=\"og:description\" content=\"Nous voulons souligner l\u2019importance et le r\u00f4le des femmes dans le monde maritime basque \u00e0 travers une r\u00e9flexion critique.\" \/>\n<meta property=\"og:url\" content=\"https:\/\/itsasmuseoa.eus\/fr\/education\/offre-educative\/les-femmes-eta-la-mer\/\" \/>\n<meta property=\"og:site_name\" content=\"Euskal Itsas Museoa\" \/>\n<meta property=\"og:image\" content=\"https:\/\/itsasmuseoa.eus\/wp-content\/uploads\/2021\/07\/itsasertzetik-las-mujeres-y-el-mar.jpg\" \/>\n\t<meta property=\"og:image:width\" content=\"660\" \/>\n\t<meta property=\"og:image:height\" content=\"440\" \/>\n\t<meta property=\"og:image:type\" content=\"image\/jpeg\" \/>\n<meta name=\"twitter:card\" content=\"summary_large_image\" \/>\n<script type=\"application\/ld+json\" class=\"yoast-schema-graph\">{\"@context\":\"https:\\\/\\\/schema.org\",\"@graph\":[{\"@type\":\"WebPage\",\"@id\":\"https:\\\/\\\/itsasmuseoa.eus\\\/fr\\\/education\\\/offre-educative\\\/les-femmes-eta-la-mer\\\/\",\"url\":\"https:\\\/\\\/itsasmuseoa.eus\\\/fr\\\/education\\\/offre-educative\\\/les-femmes-eta-la-mer\\\/\",\"name\":\"Les femmes eta La mer - Euskal Itsas Museoa\",\"isPartOf\":{\"@id\":\"https:\\\/\\\/itsasmuseoa.eus\\\/fr\\\/#website\"},\"primaryImageOfPage\":{\"@id\":\"https:\\\/\\\/itsasmuseoa.eus\\\/fr\\\/education\\\/offre-educative\\\/les-femmes-eta-la-mer\\\/#primaryimage\"},\"image\":{\"@id\":\"https:\\\/\\\/itsasmuseoa.eus\\\/fr\\\/education\\\/offre-educative\\\/les-femmes-eta-la-mer\\\/#primaryimage\"},\"thumbnailUrl\":\"https:\\\/\\\/itsasmuseoa.eus\\\/wp-content\\\/uploads\\\/2025\\\/08\\\/EMAKUMEAK-ETA-ITSASOA.png\",\"datePublished\":\"2021-08-07T18:54:57+00:00\",\"breadcrumb\":{\"@id\":\"https:\\\/\\\/itsasmuseoa.eus\\\/fr\\\/education\\\/offre-educative\\\/les-femmes-eta-la-mer\\\/#breadcrumb\"},\"inLanguage\":\"fr-FR\",\"potentialAction\":[{\"@type\":\"ReadAction\",\"target\":[\"https:\\\/\\\/itsasmuseoa.eus\\\/fr\\\/education\\\/offre-educative\\\/les-femmes-eta-la-mer\\\/\"]}]},{\"@type\":\"ImageObject\",\"inLanguage\":\"fr-FR\",\"@id\":\"https:\\\/\\\/itsasmuseoa.eus\\\/fr\\\/education\\\/offre-educative\\\/les-femmes-eta-la-mer\\\/#primaryimage\",\"url\":\"https:\\\/\\\/itsasmuseoa.eus\\\/wp-content\\\/uploads\\\/2025\\\/08\\\/EMAKUMEAK-ETA-ITSASOA.png\",\"contentUrl\":\"https:\\\/\\\/itsasmuseoa.eus\\\/wp-content\\\/uploads\\\/2025\\\/08\\\/EMAKUMEAK-ETA-ITSASOA.png\",\"width\":660,\"height\":440},{\"@type\":\"BreadcrumbList\",\"@id\":\"https:\\\/\\\/itsasmuseoa.eus\\\/fr\\\/education\\\/offre-educative\\\/les-femmes-eta-la-mer\\\/#breadcrumb\",\"itemListElement\":[{\"@type\":\"ListItem\",\"position\":1,\"name\":\"Inicio\",\"item\":\"https:\\\/\\\/itsasmuseoa.eus\\\/fr\\\/\"},{\"@type\":\"ListItem\",\"position\":2,\"name\":\"\u00c9ducation\",\"item\":\"https:\\\/\\\/itsasmuseoa.eus\\\/fr\\\/education\\\/\"},{\"@type\":\"ListItem\",\"position\":3,\"name\":\"Offre \u00e9ducative\",\"item\":\"https:\\\/\\\/itsasmuseoa.eus\\\/fr\\\/educacion\\\/oferta-educativa\\\/\"},{\"@type\":\"ListItem\",\"position\":4,\"name\":\"Les femmes eta La mer\"}]},{\"@type\":\"WebSite\",\"@id\":\"https:\\\/\\\/itsasmuseoa.eus\\\/fr\\\/#website\",\"url\":\"https:\\\/\\\/itsasmuseoa.eus\\\/fr\\\/\",\"name\":\"Euskal Itsas Museoa\",\"description\":\"Museo Mar\u00edtimo Vasco\",\"potentialAction\":[{\"@type\":\"SearchAction\",\"target\":{\"@type\":\"EntryPoint\",\"urlTemplate\":\"https:\\\/\\\/itsasmuseoa.eus\\\/fr\\\/?s={search_term_string}\"},\"query-input\":{\"@type\":\"PropertyValueSpecification\",\"valueRequired\":true,\"valueName\":\"search_term_string\"}}],\"inLanguage\":\"fr-FR\"}]}<\/script>\n<!-- \/ Yoast SEO plugin. -->","yoast_head_json":{"title":"Les femmes eta La mer - Euskal Itsas Museoa","robots":{"index":"index","follow":"follow","max-snippet":"max-snippet:-1","max-image-preview":"max-image-preview:large","max-video-preview":"max-video-preview:-1"},"canonical":"https:\/\/itsasmuseoa.eus\/fr\/education\/offre-educative\/les-femmes-eta-la-mer\/","og_locale":"fr_FR","og_type":"article","og_title":"Les femmes eta La mer - Euskal Itsas Museoa","og_description":"Nous voulons souligner l\u2019importance et le r\u00f4le des femmes dans le monde maritime basque \u00e0 travers une r\u00e9flexion critique.","og_url":"https:\/\/itsasmuseoa.eus\/fr\/education\/offre-educative\/les-femmes-eta-la-mer\/","og_site_name":"Euskal Itsas Museoa","og_image":[{"width":660,"height":440,"url":"https:\/\/itsasmuseoa.eus\/wp-content\/uploads\/2021\/07\/itsasertzetik-las-mujeres-y-el-mar.jpg","type":"image\/jpeg"}],"twitter_card":"summary_large_image","schema":{"@context":"https:\/\/schema.org","@graph":[{"@type":"WebPage","@id":"https:\/\/itsasmuseoa.eus\/fr\/education\/offre-educative\/les-femmes-eta-la-mer\/","url":"https:\/\/itsasmuseoa.eus\/fr\/education\/offre-educative\/les-femmes-eta-la-mer\/","name":"Les femmes eta La mer - Euskal Itsas Museoa","isPartOf":{"@id":"https:\/\/itsasmuseoa.eus\/fr\/#website"},"primaryImageOfPage":{"@id":"https:\/\/itsasmuseoa.eus\/fr\/education\/offre-educative\/les-femmes-eta-la-mer\/#primaryimage"},"image":{"@id":"https:\/\/itsasmuseoa.eus\/fr\/education\/offre-educative\/les-femmes-eta-la-mer\/#primaryimage"},"thumbnailUrl":"https:\/\/itsasmuseoa.eus\/wp-content\/uploads\/2025\/08\/EMAKUMEAK-ETA-ITSASOA.png","datePublished":"2021-08-07T18:54:57+00:00","breadcrumb":{"@id":"https:\/\/itsasmuseoa.eus\/fr\/education\/offre-educative\/les-femmes-eta-la-mer\/#breadcrumb"},"inLanguage":"fr-FR","potentialAction":[{"@type":"ReadAction","target":["https:\/\/itsasmuseoa.eus\/fr\/education\/offre-educative\/les-femmes-eta-la-mer\/"]}]},{"@type":"ImageObject","inLanguage":"fr-FR","@id":"https:\/\/itsasmuseoa.eus\/fr\/education\/offre-educative\/les-femmes-eta-la-mer\/#primaryimage","url":"https:\/\/itsasmuseoa.eus\/wp-content\/uploads\/2025\/08\/EMAKUMEAK-ETA-ITSASOA.png","contentUrl":"https:\/\/itsasmuseoa.eus\/wp-content\/uploads\/2025\/08\/EMAKUMEAK-ETA-ITSASOA.png","width":660,"height":440},{"@type":"BreadcrumbList","@id":"https:\/\/itsasmuseoa.eus\/fr\/education\/offre-educative\/les-femmes-eta-la-mer\/#breadcrumb","itemListElement":[{"@type":"ListItem","position":1,"name":"Inicio","item":"https:\/\/itsasmuseoa.eus\/fr\/"},{"@type":"ListItem","position":2,"name":"\u00c9ducation","item":"https:\/\/itsasmuseoa.eus\/fr\/education\/"},{"@type":"ListItem","position":3,"name":"Offre \u00e9ducative","item":"https:\/\/itsasmuseoa.eus\/fr\/educacion\/oferta-educativa\/"},{"@type":"ListItem","position":4,"name":"Les femmes eta La mer"}]},{"@type":"WebSite","@id":"https:\/\/itsasmuseoa.eus\/fr\/#website","url":"https:\/\/itsasmuseoa.eus\/fr\/","name":"Euskal Itsas Museoa","description":"Museo Mar\u00edtimo Vasco","potentialAction":[{"@type":"SearchAction","target":{"@type":"EntryPoint","urlTemplate":"https:\/\/itsasmuseoa.eus\/fr\/?s={search_term_string}"},"query-input":{"@type":"PropertyValueSpecification","valueRequired":true,"valueName":"search_term_string"}}],"inLanguage":"fr-FR"}]}},"_links":{"self":[{"href":"https:\/\/itsasmuseoa.eus\/fr\/wp-json\/wp\/v2\/pages\/7267","targetHints":{"allow":["GET"]}}],"collection":[{"href":"https:\/\/itsasmuseoa.eus\/fr\/wp-json\/wp\/v2\/pages"}],"about":[{"href":"https:\/\/itsasmuseoa.eus\/fr\/wp-json\/wp\/v2\/types\/page"}],"author":[{"embeddable":true,"href":"https:\/\/itsasmuseoa.eus\/fr\/wp-json\/wp\/v2\/users\/1"}],"replies":[{"embeddable":true,"href":"https:\/\/itsasmuseoa.eus\/fr\/wp-json\/wp\/v2\/comments?post=7267"}],"version-history":[{"count":0,"href":"https:\/\/itsasmuseoa.eus\/fr\/wp-json\/wp\/v2\/pages\/7267\/revisions"}],"up":[{"embeddable":true,"href":"https:\/\/itsasmuseoa.eus\/fr\/wp-json\/wp\/v2\/pages\/5444"}],"wp:featuredmedia":[{"embeddable":true,"href":"https:\/\/itsasmuseoa.eus\/fr\/wp-json\/wp\/v2\/media\/20336"}],"wp:attachment":[{"href":"https:\/\/itsasmuseoa.eus\/fr\/wp-json\/wp\/v2\/media?parent=7267"}],"wp:term":[{"taxonomy":"category","embeddable":true,"href":"https:\/\/itsasmuseoa.eus\/fr\/wp-json\/wp\/v2\/categories?post=7267"},{"taxonomy":"post_tag","embeddable":true,"href":"https:\/\/itsasmuseoa.eus\/fr\/wp-json\/wp\/v2\/tags?post=7267"}],"curies":[{"name":"wp","href":"https:\/\/api.w.org\/{rel}","templated":true}]}}