{"id":7329,"date":"2021-08-08T10:50:38","date_gmt":"2021-08-08T08:50:38","guid":{"rendered":"https:\/\/itsasmuseoa.eus\/des-expositions\/prochaines-expositions\/vers-lessence\/"},"modified":"2021-11-04T16:27:03","modified_gmt":"2021-11-04T15:27:03","slug":"vers-lessence","status":"publish","type":"page","link":"https:\/\/itsasmuseoa.eus\/fr\/des-expositions\/prochaines-expositions\/vers-lessence\/","title":{"rendered":"Vers l&#8217;essence"},"content":{"rendered":"\n\n\t<a href=\"https:\/\/itsasmuseoa.eus\/fr\/\">Inicio<\/a> <img decoding=\"async\" src=\"https:\/\/itsasmuseoa.eus\/flecha-breadcrumbs\/\" alt=\"icono flecha\" \/> <a href=\"https:\/\/itsasmuseoa.eus\/fr\/exposiciones\/\">Des expositions<\/a> <img decoding=\"async\" src=\"https:\/\/itsasmuseoa.eus\/flecha-breadcrumbs\/\" alt=\"icono flecha\" \/> <a href=\"https:\/\/itsasmuseoa.eus\/fr\/des-expositions\/prochaines-expositions\/\">Prochaines Expositions<\/a> <img decoding=\"async\" src=\"https:\/\/itsasmuseoa.eus\/flecha-breadcrumbs\/\" alt=\"icono flecha\" \/> Vers l&#8217;essence\n\t\t<h2>\n\t\t\tTitle\n\t\t<\/h2>\n<h2>\n\t\tEXPOSITION\n\t<\/h2>\n\n<h2>\n\t\tOctobre 2021 &#8211; Mai 2022\n\t<\/h2>\n\t<p>Exposition qui montre le travail de cr\u00e9ation de la derni\u00e8re bande dessin\u00e9e de l&#8217;artiste de Saint-S\u00e9bastien Josean Olabe.<\/p>\n<p>\u00c0 travers des esquisses des dessins originaux et d&#8217;autres supports, nous pouvons conna\u00eetre le m\u00e9ticuleux processus qui se trouve derri\u00e8re l&#8217;\u0153uvre<i> A la recherche de l&#8217;essence<\/i>.<\/p>\n\t\t\t\t<img decoding=\"async\" src=\"https:\/\/itsasmuseoa.eus\/wp-content\/plugins\/bb-plugin\/img\/pixel.png\" alt=\"\" itemprop=\"image\" onerror=\"this.style.display='none'\"  \/>\n\t<a href=\"#\" id=\"trigger-\" data-modal=\"\" data-node=\"\">\n\t\t\t\t\t\t\tAGRANDIR LA PHOTO\n\t\t\t\t\t\t\t\t\t\t\t\t<\/a>\n\t\t\t\t\t\tPreview\n\t\t\tmodal-\n\t\t\t\t\t\t<img decoding=\"async\" src=\"\"\/>\t\t\t\t\t\n\n","protected":false},"excerpt":{"rendered":"<p>Exposition qui montre le travail de cr\u00e9ation de la derni\u00e8re bande dessin\u00e9e de l\u2019artiste de Saint S\u00e9bastien Josean Olabe.<\/p>\n","protected":false},"author":1,"featured_media":8640,"parent":5462,"menu_order":0,"comment_status":"closed","ping_status":"closed","template":"","meta":{"_acf_changed":false,"footnotes":""},"categories":[81,266],"tags":[308],"class_list":["post-7329","page","type-page","status-publish","has-post-thumbnail","hentry","category-exposiciones-pasadas","category-expositions-passees","tag-exposition"],"acf":[],"yoast_head":"<!-- This site is optimized with the Yoast SEO plugin v27.5 - https:\/\/yoast.com\/product\/yoast-seo-wordpress\/ -->\n<title>Vers l&#039;essence - Euskal Itsas Museoa<\/title>\n<meta name=\"robots\" content=\"index, follow, max-snippet:-1, max-image-preview:large, max-video-preview:-1\" \/>\n<link rel=\"canonical\" href=\"https:\/\/itsasmuseoa.eus\/fr\/des-expositions\/prochaines-expositions\/vers-lessence\/\" \/>\n<meta property=\"og:locale\" content=\"fr_FR\" \/>\n<meta property=\"og:type\" content=\"article\" \/>\n<meta property=\"og:title\" content=\"Vers l&#039;essence - Euskal Itsas Museoa\" \/>\n<meta property=\"og:description\" content=\"Exposition qui montre le travail de cr\u00e9ation de la derni\u00e8re bande dessin\u00e9e de l\u2019artiste de Saint S\u00e9bastien Josean Olabe.\" \/>\n<meta property=\"og:url\" content=\"https:\/\/itsasmuseoa.eus\/fr\/des-expositions\/prochaines-expositions\/vers-lessence\/\" \/>\n<meta property=\"og:site_name\" content=\"Euskal Itsas Museoa\" \/>\n<meta property=\"article:modified_time\" content=\"2021-11-04T15:27:03+00:00\" \/>\n<meta property=\"og:image\" content=\"https:\/\/itsasmuseoa.eus\/wp-content\/uploads\/2021\/09\/BannerWEB.jpg\" \/>\n\t<meta property=\"og:image:width\" content=\"1800\" \/>\n\t<meta property=\"og:image:height\" content=\"1200\" \/>\n\t<meta property=\"og:image:type\" content=\"image\/jpeg\" \/>\n<meta name=\"twitter:card\" content=\"summary_large_image\" \/>\n<script type=\"application\/ld+json\" class=\"yoast-schema-graph\">{\"@context\":\"https:\\\/\\\/schema.org\",\"@graph\":[{\"@type\":\"WebPage\",\"@id\":\"https:\\\/\\\/itsasmuseoa.eus\\\/fr\\\/des-expositions\\\/prochaines-expositions\\\/vers-lessence\\\/\",\"url\":\"https:\\\/\\\/itsasmuseoa.eus\\\/fr\\\/des-expositions\\\/prochaines-expositions\\\/vers-lessence\\\/\",\"name\":\"Vers l'essence - Euskal Itsas Museoa\",\"isPartOf\":{\"@id\":\"https:\\\/\\\/itsasmuseoa.eus\\\/fr\\\/#website\"},\"primaryImageOfPage\":{\"@id\":\"https:\\\/\\\/itsasmuseoa.eus\\\/fr\\\/des-expositions\\\/prochaines-expositions\\\/vers-lessence\\\/#primaryimage\"},\"image\":{\"@id\":\"https:\\\/\\\/itsasmuseoa.eus\\\/fr\\\/des-expositions\\\/prochaines-expositions\\\/vers-lessence\\\/#primaryimage\"},\"thumbnailUrl\":\"https:\\\/\\\/itsasmuseoa.eus\\\/wp-content\\\/uploads\\\/2021\\\/09\\\/BannerWEB.jpg\",\"datePublished\":\"2021-08-08T08:50:38+00:00\",\"dateModified\":\"2021-11-04T15:27:03+00:00\",\"breadcrumb\":{\"@id\":\"https:\\\/\\\/itsasmuseoa.eus\\\/fr\\\/des-expositions\\\/prochaines-expositions\\\/vers-lessence\\\/#breadcrumb\"},\"inLanguage\":\"fr-FR\",\"potentialAction\":[{\"@type\":\"ReadAction\",\"target\":[\"https:\\\/\\\/itsasmuseoa.eus\\\/fr\\\/des-expositions\\\/prochaines-expositions\\\/vers-lessence\\\/\"]}]},{\"@type\":\"ImageObject\",\"inLanguage\":\"fr-FR\",\"@id\":\"https:\\\/\\\/itsasmuseoa.eus\\\/fr\\\/des-expositions\\\/prochaines-expositions\\\/vers-lessence\\\/#primaryimage\",\"url\":\"https:\\\/\\\/itsasmuseoa.eus\\\/wp-content\\\/uploads\\\/2021\\\/09\\\/BannerWEB.jpg\",\"contentUrl\":\"https:\\\/\\\/itsasmuseoa.eus\\\/wp-content\\\/uploads\\\/2021\\\/09\\\/BannerWEB.jpg\",\"width\":1800,\"height\":1200},{\"@type\":\"BreadcrumbList\",\"@id\":\"https:\\\/\\\/itsasmuseoa.eus\\\/fr\\\/des-expositions\\\/prochaines-expositions\\\/vers-lessence\\\/#breadcrumb\",\"itemListElement\":[{\"@type\":\"ListItem\",\"position\":1,\"name\":\"Inicio\",\"item\":\"https:\\\/\\\/itsasmuseoa.eus\\\/fr\\\/\"},{\"@type\":\"ListItem\",\"position\":2,\"name\":\"Des expositions\",\"item\":\"https:\\\/\\\/itsasmuseoa.eus\\\/fr\\\/des-expositions\\\/\"},{\"@type\":\"ListItem\",\"position\":3,\"name\":\"Prochaines Expositions\",\"item\":\"https:\\\/\\\/itsasmuseoa.eus\\\/fr\\\/des-expositions\\\/prochaines-expositions\\\/\"},{\"@type\":\"ListItem\",\"position\":4,\"name\":\"Vers l&#8217;essence\"}]},{\"@type\":\"WebSite\",\"@id\":\"https:\\\/\\\/itsasmuseoa.eus\\\/fr\\\/#website\",\"url\":\"https:\\\/\\\/itsasmuseoa.eus\\\/fr\\\/\",\"name\":\"Euskal Itsas Museoa\",\"description\":\"Museo Mar\u00edtimo Vasco\",\"potentialAction\":[{\"@type\":\"SearchAction\",\"target\":{\"@type\":\"EntryPoint\",\"urlTemplate\":\"https:\\\/\\\/itsasmuseoa.eus\\\/fr\\\/?s={search_term_string}\"},\"query-input\":{\"@type\":\"PropertyValueSpecification\",\"valueRequired\":true,\"valueName\":\"search_term_string\"}}],\"inLanguage\":\"fr-FR\"}]}<\/script>\n<!-- \/ Yoast SEO plugin. -->","yoast_head_json":{"title":"Vers l'essence - Euskal Itsas Museoa","robots":{"index":"index","follow":"follow","max-snippet":"max-snippet:-1","max-image-preview":"max-image-preview:large","max-video-preview":"max-video-preview:-1"},"canonical":"https:\/\/itsasmuseoa.eus\/fr\/des-expositions\/prochaines-expositions\/vers-lessence\/","og_locale":"fr_FR","og_type":"article","og_title":"Vers l'essence - Euskal Itsas Museoa","og_description":"Exposition qui montre le travail de cr\u00e9ation de la derni\u00e8re bande dessin\u00e9e de l\u2019artiste de Saint S\u00e9bastien Josean Olabe.","og_url":"https:\/\/itsasmuseoa.eus\/fr\/des-expositions\/prochaines-expositions\/vers-lessence\/","og_site_name":"Euskal Itsas Museoa","article_modified_time":"2021-11-04T15:27:03+00:00","og_image":[{"width":1800,"height":1200,"url":"https:\/\/itsasmuseoa.eus\/wp-content\/uploads\/2021\/09\/BannerWEB.jpg","type":"image\/jpeg"}],"twitter_card":"summary_large_image","schema":{"@context":"https:\/\/schema.org","@graph":[{"@type":"WebPage","@id":"https:\/\/itsasmuseoa.eus\/fr\/des-expositions\/prochaines-expositions\/vers-lessence\/","url":"https:\/\/itsasmuseoa.eus\/fr\/des-expositions\/prochaines-expositions\/vers-lessence\/","name":"Vers l'essence - Euskal Itsas Museoa","isPartOf":{"@id":"https:\/\/itsasmuseoa.eus\/fr\/#website"},"primaryImageOfPage":{"@id":"https:\/\/itsasmuseoa.eus\/fr\/des-expositions\/prochaines-expositions\/vers-lessence\/#primaryimage"},"image":{"@id":"https:\/\/itsasmuseoa.eus\/fr\/des-expositions\/prochaines-expositions\/vers-lessence\/#primaryimage"},"thumbnailUrl":"https:\/\/itsasmuseoa.eus\/wp-content\/uploads\/2021\/09\/BannerWEB.jpg","datePublished":"2021-08-08T08:50:38+00:00","dateModified":"2021-11-04T15:27:03+00:00","breadcrumb":{"@id":"https:\/\/itsasmuseoa.eus\/fr\/des-expositions\/prochaines-expositions\/vers-lessence\/#breadcrumb"},"inLanguage":"fr-FR","potentialAction":[{"@type":"ReadAction","target":["https:\/\/itsasmuseoa.eus\/fr\/des-expositions\/prochaines-expositions\/vers-lessence\/"]}]},{"@type":"ImageObject","inLanguage":"fr-FR","@id":"https:\/\/itsasmuseoa.eus\/fr\/des-expositions\/prochaines-expositions\/vers-lessence\/#primaryimage","url":"https:\/\/itsasmuseoa.eus\/wp-content\/uploads\/2021\/09\/BannerWEB.jpg","contentUrl":"https:\/\/itsasmuseoa.eus\/wp-content\/uploads\/2021\/09\/BannerWEB.jpg","width":1800,"height":1200},{"@type":"BreadcrumbList","@id":"https:\/\/itsasmuseoa.eus\/fr\/des-expositions\/prochaines-expositions\/vers-lessence\/#breadcrumb","itemListElement":[{"@type":"ListItem","position":1,"name":"Inicio","item":"https:\/\/itsasmuseoa.eus\/fr\/"},{"@type":"ListItem","position":2,"name":"Des expositions","item":"https:\/\/itsasmuseoa.eus\/fr\/des-expositions\/"},{"@type":"ListItem","position":3,"name":"Prochaines Expositions","item":"https:\/\/itsasmuseoa.eus\/fr\/des-expositions\/prochaines-expositions\/"},{"@type":"ListItem","position":4,"name":"Vers l&#8217;essence"}]},{"@type":"WebSite","@id":"https:\/\/itsasmuseoa.eus\/fr\/#website","url":"https:\/\/itsasmuseoa.eus\/fr\/","name":"Euskal Itsas Museoa","description":"Museo Mar\u00edtimo Vasco","potentialAction":[{"@type":"SearchAction","target":{"@type":"EntryPoint","urlTemplate":"https:\/\/itsasmuseoa.eus\/fr\/?s={search_term_string}"},"query-input":{"@type":"PropertyValueSpecification","valueRequired":true,"valueName":"search_term_string"}}],"inLanguage":"fr-FR"}]}},"_links":{"self":[{"href":"https:\/\/itsasmuseoa.eus\/fr\/wp-json\/wp\/v2\/pages\/7329","targetHints":{"allow":["GET"]}}],"collection":[{"href":"https:\/\/itsasmuseoa.eus\/fr\/wp-json\/wp\/v2\/pages"}],"about":[{"href":"https:\/\/itsasmuseoa.eus\/fr\/wp-json\/wp\/v2\/types\/page"}],"author":[{"embeddable":true,"href":"https:\/\/itsasmuseoa.eus\/fr\/wp-json\/wp\/v2\/users\/1"}],"replies":[{"embeddable":true,"href":"https:\/\/itsasmuseoa.eus\/fr\/wp-json\/wp\/v2\/comments?post=7329"}],"version-history":[{"count":0,"href":"https:\/\/itsasmuseoa.eus\/fr\/wp-json\/wp\/v2\/pages\/7329\/revisions"}],"up":[{"embeddable":true,"href":"https:\/\/itsasmuseoa.eus\/fr\/wp-json\/wp\/v2\/pages\/5462"}],"wp:featuredmedia":[{"embeddable":true,"href":"https:\/\/itsasmuseoa.eus\/fr\/wp-json\/wp\/v2\/media\/8640"}],"wp:attachment":[{"href":"https:\/\/itsasmuseoa.eus\/fr\/wp-json\/wp\/v2\/media?parent=7329"}],"wp:term":[{"taxonomy":"category","embeddable":true,"href":"https:\/\/itsasmuseoa.eus\/fr\/wp-json\/wp\/v2\/categories?post=7329"},{"taxonomy":"post_tag","embeddable":true,"href":"https:\/\/itsasmuseoa.eus\/fr\/wp-json\/wp\/v2\/tags?post=7329"}],"curies":[{"name":"wp","href":"https:\/\/api.w.org\/{rel}","templated":true}]}}