{"id":9244,"date":"2023-01-25T11:00:50","date_gmt":"2023-01-25T10:00:50","guid":{"rendered":"https:\/\/itsasmuseoa.eus\/des-expositions\/prochaines-expositions\/tromelin\/"},"modified":"2025-05-28T10:25:55","modified_gmt":"2025-05-28T08:25:55","slug":"tromelin","status":"publish","type":"page","link":"https:\/\/itsasmuseoa.eus\/fr\/des-expositions\/prochaines-expositions\/tromelin\/","title":{"rendered":"TROMELIN L&#8217;ile des esclaves oubli\u00e9s"},"content":{"rendered":"\n\n\t<nav id=\"breadcrumbs\" aria-label=\"Breadcrumbs\"><a href=\"https:\/\/itsasmuseoa.eus\/fr\/\">Inicio<\/a> <img decoding=\"async\" src=\"https:\/\/itsasmuseoa.eus\/flecha-breadcrumbs\/\" alt=\"icono flecha\" \/> <a href=\"https:\/\/itsasmuseoa.eus\/fr\/des-expositions\/\">Des expositions<\/a> <img decoding=\"async\" src=\"https:\/\/itsasmuseoa.eus\/flecha-breadcrumbs\/\" alt=\"icono flecha\" \/> <a href=\"https:\/\/itsasmuseoa.eus\/fr\/des-expositions\/prochaines-expositions\/\">Prochaines Expositions<\/a> <img decoding=\"async\" src=\"https:\/\/itsasmuseoa.eus\/flecha-breadcrumbs\/\" alt=\"icono flecha\" \/> TROMELIN L&#8217;ile des esclaves oubli\u00e9s<\/nav>\n\t\t<h2>\n\t\t\tTitle\n\t\t<\/h2>\n<h2>\n\t\t\tEXPOSITION\t<\/h2>\n<h1>\n\t\t\tTROMELIN\t<\/h1>\n<h2>\n\t\t\tDespuis f\u00e9vrier 2022\t<\/h2>\n\t<p>L&#8217;Utile, un navire de la Compagnie fran\u00e7aise des Indes orientales construit et arm\u00e9 \u00e0 Bayonne, appareille pour l&#8217;\u00eele de de France ( \u00eele Maurice actuelle) en novembre 1760.<\/p>\n<p>Peu apr\u00e8s son arriv\u00e9e, le b\u00e2timent est envoy\u00e9 \u00e0 Madagascar pour y acheter des vivres. Son capitaine, Jean Lafargue, se procure, bien que cela lui ait \u00e9t\u00e9 interdit, 160 esclaves malgaches.<\/p>\n<p>Sur le chemin du retour, la fl\u00fbte fait naufrage sur l&#8217;\u00eele de Sable, un \u00eelot d&#8217;\u00e0 peine un kilom\u00e8tre carr\u00e9. Apr\u00e8s deux mois de s\u00e9jour, l&#8217;\u00e9quipage regagne Madagascar \u00e0 bord d&#8217;une embarcation de fortune construite avec les d\u00e9bris de l&#8217; \u00e9pave, abandonnant 80 esclaves qui avaient r\u00e9chapp\u00e9 du naufrage.\u00a0<\/p>\n<p>Le promesse qui leur est faite de venir les rechercher n&#8217;est pas tenue. Lorsque , apr\u00e8s<\/p>\n<p>quinze ans d&#8217;oubli, les survivants sont enfin sauv\u00e9s par la <i>Dauphine<\/i>, une corvette de la Marine royale command\u00e9e par l&#8217;enseigne\u00a0 de vaisseau Tromelin , seuls sept femmes et un b\u00e9b\u00e9 de huit mois ont surv\u00e9cu.<\/p>\n<p>&nbsp;<\/p>\n<p>Oubli\u00e9s sur cet \u00eelot presque d\u00e9sertique devenu prison maritime, ces derniers y ont \u00e9crit, des ann\u00e9es durant, le r\u00e9cit muet de leur d\u00e9tresse. Une \u00e9quipe d&#8217;historiens et d&#8217;arch\u00e9ologues a tent\u00e9 de leur redonner la parole, restituant ainsi une page d&#8217;histoire de l\u00b4humanit\u00e9. <\/p>\n\t\t\t\t<a href=\"https:\/\/itsasmuseoa.eus\/wp-content\/uploads\/2021\/11\/CzxgT40WEAE3LWj-scaled.jpg\"  target=\"_self\" itemprop=\"url\">\n\t\t\t\t<img decoding=\"async\" src=\"https:\/\/itsasmuseoa.eus\/wp-content\/uploads\/2021\/11\/CzxgT40WEAE3LWj-scaled.jpg\" alt=\"tromelin\" itemprop=\"image\" height=\"1904\" width=\"2560\" title=\"CzxgT40WEAE3LWj\" onerror=\"this.style.display='none'\" loading='lazy' \/>\n\t\t\t\t<\/a>\n\t<a href=\"#\" id=\"trigger-\" role=\"button\" data-modal=\"\" data-node=\"\">\n\t\t\t\t\t\t\tAGRANDIR LA PHOTO\n\t\t\t\t\t\t\t\t\t\t\t\t<\/a>\n\t\t\t\t\t\tPreview\n\t\t\tmodal-\n\t\t\t\t\t\t<img decoding=\"async\" src=\"\" alt=\"\" \/>\t\t\t\t\t\n\n","protected":false},"excerpt":{"rendered":"<p>L&#8217;exposition retrace l&#8217;histoire des \u00ab oubli\u00e9s de l&#8217;\u00eele Tromelin \u00bb apr\u00e8s l&#8217;enqu\u00eate arch\u00e9ologique men\u00e9e sur l&#8217;\u00eele.<\/p>\n","protected":false},"author":4,"featured_media":10853,"parent":5462,"menu_order":0,"comment_status":"closed","ping_status":"closed","template":"","meta":{"_acf_changed":false,"footnotes":""},"categories":[266],"tags":[308],"class_list":["post-9244","page","type-page","status-publish","has-post-thumbnail","hentry","category-expositions-passees","tag-exposition"],"acf":[],"yoast_head":"<!-- This site is optimized with the Yoast SEO plugin v27.3 - https:\/\/yoast.com\/product\/yoast-seo-wordpress\/ -->\n<title>TROMELIN L&#039;ile des esclaves oubli\u00e9s - Euskal Itsas Museoa<\/title>\n<meta name=\"robots\" content=\"index, follow, max-snippet:-1, max-image-preview:large, max-video-preview:-1\" \/>\n<link rel=\"canonical\" href=\"https:\/\/itsasmuseoa.eus\/fr\/des-expositions\/prochaines-expositions\/tromelin\/\" \/>\n<meta property=\"og:locale\" content=\"fr_FR\" \/>\n<meta property=\"og:type\" content=\"article\" \/>\n<meta property=\"og:title\" content=\"TROMELIN L&#039;ile des esclaves oubli\u00e9s - Euskal Itsas Museoa\" \/>\n<meta property=\"og:description\" content=\"L&#039;exposition retrace l&#039;histoire des \u00ab oubli\u00e9s de l&#039;\u00eele Tromelin \u00bb apr\u00e8s l&#039;enqu\u00eate arch\u00e9ologique men\u00e9e sur l&#039;\u00eele.\" \/>\n<meta property=\"og:url\" content=\"https:\/\/itsasmuseoa.eus\/fr\/des-expositions\/prochaines-expositions\/tromelin\/\" \/>\n<meta property=\"og:site_name\" content=\"Euskal Itsas Museoa\" \/>\n<meta property=\"article:modified_time\" content=\"2025-05-28T08:25:55+00:00\" \/>\n<meta property=\"og:image\" content=\"https:\/\/itsasmuseoa.eus\/wp-content\/uploads\/2022\/05\/Banner_WEB_3-1-2.jpg\" \/>\n\t<meta property=\"og:image:width\" content=\"1800\" \/>\n\t<meta property=\"og:image:height\" content=\"1200\" \/>\n\t<meta property=\"og:image:type\" content=\"image\/jpeg\" \/>\n<meta name=\"twitter:card\" content=\"summary_large_image\" \/>\n<meta name=\"twitter:label1\" content=\"Dur\u00e9e de lecture estim\u00e9e\" \/>\n\t<meta name=\"twitter:data1\" content=\"1 minute\" \/>\n<script type=\"application\/ld+json\" class=\"yoast-schema-graph\">{\"@context\":\"https:\\\/\\\/schema.org\",\"@graph\":[{\"@type\":\"WebPage\",\"@id\":\"https:\\\/\\\/itsasmuseoa.eus\\\/fr\\\/des-expositions\\\/prochaines-expositions\\\/tromelin\\\/\",\"url\":\"https:\\\/\\\/itsasmuseoa.eus\\\/fr\\\/des-expositions\\\/prochaines-expositions\\\/tromelin\\\/\",\"name\":\"TROMELIN L'ile des esclaves oubli\u00e9s - Euskal Itsas Museoa\",\"isPartOf\":{\"@id\":\"https:\\\/\\\/itsasmuseoa.eus\\\/fr\\\/#website\"},\"primaryImageOfPage\":{\"@id\":\"https:\\\/\\\/itsasmuseoa.eus\\\/fr\\\/des-expositions\\\/prochaines-expositions\\\/tromelin\\\/#primaryimage\"},\"image\":{\"@id\":\"https:\\\/\\\/itsasmuseoa.eus\\\/fr\\\/des-expositions\\\/prochaines-expositions\\\/tromelin\\\/#primaryimage\"},\"thumbnailUrl\":\"https:\\\/\\\/itsasmuseoa.eus\\\/wp-content\\\/uploads\\\/2022\\\/05\\\/Banner_WEB_3-1-2.jpg\",\"datePublished\":\"2023-01-25T10:00:50+00:00\",\"dateModified\":\"2025-05-28T08:25:55+00:00\",\"breadcrumb\":{\"@id\":\"https:\\\/\\\/itsasmuseoa.eus\\\/fr\\\/des-expositions\\\/prochaines-expositions\\\/tromelin\\\/#breadcrumb\"},\"inLanguage\":\"fr-FR\",\"potentialAction\":[{\"@type\":\"ReadAction\",\"target\":[\"https:\\\/\\\/itsasmuseoa.eus\\\/fr\\\/des-expositions\\\/prochaines-expositions\\\/tromelin\\\/\"]}]},{\"@type\":\"ImageObject\",\"inLanguage\":\"fr-FR\",\"@id\":\"https:\\\/\\\/itsasmuseoa.eus\\\/fr\\\/des-expositions\\\/prochaines-expositions\\\/tromelin\\\/#primaryimage\",\"url\":\"https:\\\/\\\/itsasmuseoa.eus\\\/wp-content\\\/uploads\\\/2022\\\/05\\\/Banner_WEB_3-1-2.jpg\",\"contentUrl\":\"https:\\\/\\\/itsasmuseoa.eus\\\/wp-content\\\/uploads\\\/2022\\\/05\\\/Banner_WEB_3-1-2.jpg\",\"width\":1800,\"height\":1200,\"caption\":\"GILDAS FLAHAULT\"},{\"@type\":\"BreadcrumbList\",\"@id\":\"https:\\\/\\\/itsasmuseoa.eus\\\/fr\\\/des-expositions\\\/prochaines-expositions\\\/tromelin\\\/#breadcrumb\",\"itemListElement\":[{\"@type\":\"ListItem\",\"position\":1,\"name\":\"Inicio\",\"item\":\"https:\\\/\\\/itsasmuseoa.eus\\\/fr\\\/\"},{\"@type\":\"ListItem\",\"position\":2,\"name\":\"Des expositions\",\"item\":\"https:\\\/\\\/itsasmuseoa.eus\\\/fr\\\/des-expositions\\\/\"},{\"@type\":\"ListItem\",\"position\":3,\"name\":\"Prochaines Expositions\",\"item\":\"https:\\\/\\\/itsasmuseoa.eus\\\/fr\\\/des-expositions\\\/prochaines-expositions\\\/\"},{\"@type\":\"ListItem\",\"position\":4,\"name\":\"TROMELIN L&#8217;ile des esclaves oubli\u00e9s\"}]},{\"@type\":\"WebSite\",\"@id\":\"https:\\\/\\\/itsasmuseoa.eus\\\/fr\\\/#website\",\"url\":\"https:\\\/\\\/itsasmuseoa.eus\\\/fr\\\/\",\"name\":\"Euskal Itsas Museoa\",\"description\":\"Museo Mar\u00edtimo Vasco\",\"potentialAction\":[{\"@type\":\"SearchAction\",\"target\":{\"@type\":\"EntryPoint\",\"urlTemplate\":\"https:\\\/\\\/itsasmuseoa.eus\\\/fr\\\/?s={search_term_string}\"},\"query-input\":{\"@type\":\"PropertyValueSpecification\",\"valueRequired\":true,\"valueName\":\"search_term_string\"}}],\"inLanguage\":\"fr-FR\"}]}<\/script>\n<!-- \/ Yoast SEO plugin. -->","yoast_head_json":{"title":"TROMELIN L'ile des esclaves oubli\u00e9s - Euskal Itsas Museoa","robots":{"index":"index","follow":"follow","max-snippet":"max-snippet:-1","max-image-preview":"max-image-preview:large","max-video-preview":"max-video-preview:-1"},"canonical":"https:\/\/itsasmuseoa.eus\/fr\/des-expositions\/prochaines-expositions\/tromelin\/","og_locale":"fr_FR","og_type":"article","og_title":"TROMELIN L'ile des esclaves oubli\u00e9s - Euskal Itsas Museoa","og_description":"L'exposition retrace l'histoire des \u00ab oubli\u00e9s de l'\u00eele Tromelin \u00bb apr\u00e8s l'enqu\u00eate arch\u00e9ologique men\u00e9e sur l'\u00eele.","og_url":"https:\/\/itsasmuseoa.eus\/fr\/des-expositions\/prochaines-expositions\/tromelin\/","og_site_name":"Euskal Itsas Museoa","article_modified_time":"2025-05-28T08:25:55+00:00","og_image":[{"width":1800,"height":1200,"url":"https:\/\/itsasmuseoa.eus\/wp-content\/uploads\/2022\/05\/Banner_WEB_3-1-2.jpg","type":"image\/jpeg"}],"twitter_card":"summary_large_image","twitter_misc":{"Dur\u00e9e de lecture estim\u00e9e":"1 minute"},"schema":{"@context":"https:\/\/schema.org","@graph":[{"@type":"WebPage","@id":"https:\/\/itsasmuseoa.eus\/fr\/des-expositions\/prochaines-expositions\/tromelin\/","url":"https:\/\/itsasmuseoa.eus\/fr\/des-expositions\/prochaines-expositions\/tromelin\/","name":"TROMELIN L'ile des esclaves oubli\u00e9s - Euskal Itsas Museoa","isPartOf":{"@id":"https:\/\/itsasmuseoa.eus\/fr\/#website"},"primaryImageOfPage":{"@id":"https:\/\/itsasmuseoa.eus\/fr\/des-expositions\/prochaines-expositions\/tromelin\/#primaryimage"},"image":{"@id":"https:\/\/itsasmuseoa.eus\/fr\/des-expositions\/prochaines-expositions\/tromelin\/#primaryimage"},"thumbnailUrl":"https:\/\/itsasmuseoa.eus\/wp-content\/uploads\/2022\/05\/Banner_WEB_3-1-2.jpg","datePublished":"2023-01-25T10:00:50+00:00","dateModified":"2025-05-28T08:25:55+00:00","breadcrumb":{"@id":"https:\/\/itsasmuseoa.eus\/fr\/des-expositions\/prochaines-expositions\/tromelin\/#breadcrumb"},"inLanguage":"fr-FR","potentialAction":[{"@type":"ReadAction","target":["https:\/\/itsasmuseoa.eus\/fr\/des-expositions\/prochaines-expositions\/tromelin\/"]}]},{"@type":"ImageObject","inLanguage":"fr-FR","@id":"https:\/\/itsasmuseoa.eus\/fr\/des-expositions\/prochaines-expositions\/tromelin\/#primaryimage","url":"https:\/\/itsasmuseoa.eus\/wp-content\/uploads\/2022\/05\/Banner_WEB_3-1-2.jpg","contentUrl":"https:\/\/itsasmuseoa.eus\/wp-content\/uploads\/2022\/05\/Banner_WEB_3-1-2.jpg","width":1800,"height":1200,"caption":"GILDAS FLAHAULT"},{"@type":"BreadcrumbList","@id":"https:\/\/itsasmuseoa.eus\/fr\/des-expositions\/prochaines-expositions\/tromelin\/#breadcrumb","itemListElement":[{"@type":"ListItem","position":1,"name":"Inicio","item":"https:\/\/itsasmuseoa.eus\/fr\/"},{"@type":"ListItem","position":2,"name":"Des expositions","item":"https:\/\/itsasmuseoa.eus\/fr\/des-expositions\/"},{"@type":"ListItem","position":3,"name":"Prochaines Expositions","item":"https:\/\/itsasmuseoa.eus\/fr\/des-expositions\/prochaines-expositions\/"},{"@type":"ListItem","position":4,"name":"TROMELIN L&#8217;ile des esclaves oubli\u00e9s"}]},{"@type":"WebSite","@id":"https:\/\/itsasmuseoa.eus\/fr\/#website","url":"https:\/\/itsasmuseoa.eus\/fr\/","name":"Euskal Itsas Museoa","description":"Museo Mar\u00edtimo Vasco","potentialAction":[{"@type":"SearchAction","target":{"@type":"EntryPoint","urlTemplate":"https:\/\/itsasmuseoa.eus\/fr\/?s={search_term_string}"},"query-input":{"@type":"PropertyValueSpecification","valueRequired":true,"valueName":"search_term_string"}}],"inLanguage":"fr-FR"}]}},"_links":{"self":[{"href":"https:\/\/itsasmuseoa.eus\/fr\/wp-json\/wp\/v2\/pages\/9244","targetHints":{"allow":["GET"]}}],"collection":[{"href":"https:\/\/itsasmuseoa.eus\/fr\/wp-json\/wp\/v2\/pages"}],"about":[{"href":"https:\/\/itsasmuseoa.eus\/fr\/wp-json\/wp\/v2\/types\/page"}],"author":[{"embeddable":true,"href":"https:\/\/itsasmuseoa.eus\/fr\/wp-json\/wp\/v2\/users\/4"}],"replies":[{"embeddable":true,"href":"https:\/\/itsasmuseoa.eus\/fr\/wp-json\/wp\/v2\/comments?post=9244"}],"version-history":[{"count":0,"href":"https:\/\/itsasmuseoa.eus\/fr\/wp-json\/wp\/v2\/pages\/9244\/revisions"}],"up":[{"embeddable":true,"href":"https:\/\/itsasmuseoa.eus\/fr\/wp-json\/wp\/v2\/pages\/5462"}],"wp:featuredmedia":[{"embeddable":true,"href":"https:\/\/itsasmuseoa.eus\/fr\/wp-json\/wp\/v2\/media\/10853"}],"wp:attachment":[{"href":"https:\/\/itsasmuseoa.eus\/fr\/wp-json\/wp\/v2\/media?parent=9244"}],"wp:term":[{"taxonomy":"category","embeddable":true,"href":"https:\/\/itsasmuseoa.eus\/fr\/wp-json\/wp\/v2\/categories?post=9244"},{"taxonomy":"post_tag","embeddable":true,"href":"https:\/\/itsasmuseoa.eus\/fr\/wp-json\/wp\/v2\/tags?post=9244"}],"curies":[{"name":"wp","href":"https:\/\/api.w.org\/{rel}","templated":true}]}}