{"id":9948,"date":"2022-01-31T13:39:49","date_gmt":"2022-01-31T12:39:49","guid":{"rendered":"https:\/\/itsasmuseoa.eus\/des-expositions\/expositions-en-course\/tromelin-lile-des-esclaves-oublies\/"},"modified":"2022-08-10T18:04:10","modified_gmt":"2022-08-10T16:04:10","slug":"tromelin-lile-des-esclaves-oublies","status":"publish","type":"page","link":"https:\/\/itsasmuseoa.eus\/fr\/des-expositions\/expositions-en-course\/tromelin-lile-des-esclaves-oublies\/","title":{"rendered":"TROMELIN. L\u2019ILE DES ESCLAVES OUBLI\u00c9S"},"content":{"rendered":"\n\n\t<a href=\"https:\/\/itsasmuseoa.eus\/fr\/\">Inicio<\/a> <img decoding=\"async\" src=\"https:\/\/itsasmuseoa.eus\/flecha-breadcrumbs\/\" alt=\"icono flecha\" \/> <a href=\"https:\/\/itsasmuseoa.eus\/fr\/des-expositions\/\">Des expositions<\/a> <img decoding=\"async\" src=\"https:\/\/itsasmuseoa.eus\/flecha-breadcrumbs\/\" alt=\"icono flecha\" \/> <a href=\"https:\/\/itsasmuseoa.eus\/fr\/des-expositions\/expositions-en-course\/\">Expositions en course<\/a> <img decoding=\"async\" src=\"https:\/\/itsasmuseoa.eus\/flecha-breadcrumbs\/\" alt=\"icono flecha\" \/> TROMELIN. L&#8217;ILE DES ESCLAVES OUBLI\u00c9S\n\n\n\n\n\n\t\t\t\t<a href=\"https:\/\/itsasmuseoa.eus\/wp-content\/uploads\/2022\/01\/Banner_WEB_1-1-1.jpg\" target=\"_self\" itemprop=\"url\" rel=\"noopener\">\n\t\t\t\t<img decoding=\"async\" src=\"https:\/\/itsasmuseoa.eus\/wp-content\/uploads\/2022\/01\/Banner_WEB_1-1-1.jpg\" alt=\"tromelin\" itemprop=\"image\" height=\"1200\" width=\"1800\" title=\"Banner_WEB_1 (1)\" onerror=\"this.style.display='none'\"  \/>\n\t\t\t\t<\/a>\n\t<a href=\"#\" id=\"trigger-\" data-modal=\"\" data-node=\"\">\n\t\t\t\t\t\t\tAGRANDIR LA PHOTO\n\t\t\t\t\t\t\t\t\t\t\t\t<\/a>\n\t\t\t\t\t\tPreview\n\t\t\tmodal-\n\t\t\t\t\t\t<img decoding=\"async\" src=\"\"\/>\t\t\t\t\t\n\t<p>La muestra recoge la historia de 80 esclavos malgaches, de la Isla de Madagascar, que fueron abandonados en 1760 en un islote casi desierto del Oc\u00e9ano \u00cdndico durante quince a\u00f1os. <\/p>\n<p>Oubli\u00e9s sur cet \u00eelot presque d\u00e9sertique devenu prison maritime, ces derniers y ont \u00e9crit, des ann\u00e9es durant, le r\u00e9cit muet de leur d\u00e9tresse. Une \u00e9quipe d&#8217;historiens et d&#8217;arch\u00e9ologues a tent\u00e9 de leur redonner la parole, restituant ainsi une page d&#8217;histoire de l\u00b4humanit\u00e9.<\/p>\n\t\t\t\t<img decoding=\"async\" src=\"https:\/\/itsasmuseoa.eus\/wp-content\/uploads\/2021\/11\/CzxgT40WEAE3LWj-scaled.jpg\" alt=\"tromelin\" itemprop=\"image\" height=\"1904\" width=\"2560\" title=\"CzxgT40WEAE3LWj\" onerror=\"this.style.display='none'\"  \/>\n\t<p>Au travers d&#8217;objets arch\u00e9ologiques, de maquettes et de mat\u00e9riel graphique et audiovisuel, l&#8217;exposition montre l&#8217;histoire de la souffrance et de l&#8217;exploitation humaine des &#8220;oubli\u00e9s de l&#8217;\u00eele de Tromelin&#8221;, suite aux recherches arch\u00e9ologiques men\u00e9es sur l&#8217;\u00eele.<\/p>\n<p>Cette exposition a \u00e9t\u00e9 coproduite par le Mus\u00e9e d&#8217;histoire de Nantes et lInstitut national de recherches arch\u00e9ologiques pr\u00e9ventives (Inrap) en 2016 et commissariat par Max Gu\u00e9rout, Groupe de Recherche en Arch\u00e9ologie Navale (Gran) et Thomas Romon, Institut national de recherches arch\u00e9ologiques pr\u00e9ventives (Inrap). Le Mus\u00e9e Basque a h\u00e9berg\u00e9 cette exposition en \u00e9t\u00e9-automme 2017.\u00a0<\/p>\n<p>Une version r\u00e9duite de l&#8217;exposition a \u00e9t\u00e9 express\u00e9ment adapt\u00e9e au Mus\u00e9e maritime Basque de Saint S\u00e9bastien en 4 langues (basque, espagnol, fran\u00e7ais et anglais). En plus, c&#8217;est la premi\u00e8re fois qui peut \u00eatre visit\u00e9e hors de France.<\/p>\n<p><strong>MUSEO EN FAMILLE<\/strong><\/p>\n<p>Les familles pourront visiter l&#8217;exposition de mani\u00e8re ind\u00e9pendante \u00e0 l&#8217;aide d&#8217;une carte gratuite destin\u00e9e aux enfants \u00e2g\u00e9s de 6 \u00e0 12 ans qui est disponible \u00e0 la r\u00e9ception du Mus\u00e9e, aux heures d&#8217;ouverture.<\/p>\n\t[soliloquy id=&#8221;9667&#8243;]\n\t<p> PROGRAMMATION<\/p>\n\t<p>De\u00e9couvrez le programme d&#8217;activit\u00e9s:<\/p>\n<h2>\n\t\tVisit guid\u00e9e 09\/02\n\t<\/h2>\n<h2>\n\t\t<a href=\"https:\/\/itsasmuseoa.eus\/fr\/activites\/agenda\/visite-guide-tromelin\/\" title=\"Visite TROMELIN\" target=\"_self\" rel=\"noopener\">\n\t\tVisite TROMELIN\n\t\t<\/a>\n\t<\/h2>\n\t\t\t<a href=\"https:\/\/itsasmuseoa.eus\/fr\/reservation-de-billets\/?reserva=Visita guiada 09\/02\" target=\"_blank\" role=\"button\" rel=\"noopener\">\n\t\t\t\t\t\tReserver\n\t\t\t\t\t<\/a>\n<h2>\n\t\tRencontre\n\t<\/h2>\n<h2>\n\t\tEMBARQUEZ-VOUS AVEC&#8230;\n\t<\/h2>\n\t\t\t<a href=\"custom_field key='enlace_reserva_visita_3']\" target=\"_blank\" role=\"button\" rel=\"noopener\">\n\t\t\t\t\t\tConsultez ici\n\t\t\t\t\t<\/a>\n\t<p><strong>AGENDA D&#8217;ACTIVIT\u00c9S<\/strong><\/p>\n<p>Toda l&#8217;information autour des activit\u00e9s <a href=\"https:\/\/itsasmuseoa.eus\/fr\/activites\/agenda\/\">nuestra agenda.<\/a><\/p>\n\t<p><strong>TELECHARGER<\/strong><\/p>\n\t<a href=\"https:\/\/itsasmuseoa.eus\/wp-content\/uploads\/2021\/06\/22_NP_EXPO-TROMELIN_FR.pdf\" target=\"_blank\" role=\"button\" rel=\"noopener\" aria-label=\"Communiqu\u00e9 de presse\">\n\t\t\t\t\t\tCommuniqu\u00e9 de presse\n\t\t\t\t\t<\/a>\n\t<a href=\"https:\/\/itsasmuseoa.eus\/wp-content\/uploads\/2021\/06\/FR_EUS_Dossier-Prensa_TROMELIN.pdf\" target=\"_blank\" role=\"button\" rel=\"noopener\" aria-label=\"Dossier de presse\">\n\t\t\t\t\t\tDossier de presse\n\t\t\t\t\t<\/a>\n\n","protected":false},"excerpt":{"rendered":"<p>L\u2019exposition retrace l\u2019histoire des \u00ab oubli\u00e9s de l\u2019\u00eele Tromelin \u00bb apr\u00e8s l\u2019enqu\u00eate arch\u00e9ologique men\u00e9e sur l\u2019\u00eele.<\/p>\n","protected":false},"author":4,"featured_media":9701,"parent":5453,"menu_order":0,"comment_status":"closed","ping_status":"closed","template":"","meta":{"_acf_changed":false,"footnotes":""},"categories":[81],"tags":[308],"class_list":["post-9948","page","type-page","status-publish","has-post-thumbnail","hentry","category-exposiciones-pasadas","tag-exposition"],"acf":[],"yoast_head":"<!-- This site is optimized with the Yoast SEO plugin v27.4 - https:\/\/yoast.com\/product\/yoast-seo-wordpress\/ -->\n<title>TROMELIN. L\u2019ILE DES ESCLAVES OUBLI\u00c9S - Euskal Itsas Museoa<\/title>\n<meta name=\"robots\" content=\"index, follow, max-snippet:-1, max-image-preview:large, max-video-preview:-1\" \/>\n<link rel=\"canonical\" href=\"https:\/\/itsasmuseoa.eus\/fr\/des-expositions\/expositions-en-course\/tromelin-lile-des-esclaves-oublies\/\" \/>\n<meta property=\"og:locale\" content=\"fr_FR\" \/>\n<meta property=\"og:type\" content=\"article\" \/>\n<meta property=\"og:title\" content=\"TROMELIN. L\u2019ILE DES ESCLAVES OUBLI\u00c9S - Euskal Itsas Museoa\" \/>\n<meta property=\"og:description\" content=\"L\u2019exposition retrace l\u2019histoire des \u00ab oubli\u00e9s de l\u2019\u00eele Tromelin \u00bb apr\u00e8s l\u2019enqu\u00eate arch\u00e9ologique men\u00e9e sur l\u2019\u00eele.\" \/>\n<meta property=\"og:url\" content=\"https:\/\/itsasmuseoa.eus\/fr\/des-expositions\/expositions-en-course\/tromelin-lile-des-esclaves-oublies\/\" \/>\n<meta property=\"og:site_name\" content=\"Euskal Itsas Museoa\" \/>\n<meta property=\"article:modified_time\" content=\"2022-08-10T16:04:10+00:00\" \/>\n<meta property=\"og:image\" content=\"https:\/\/itsasmuseoa.eus\/wp-content\/uploads\/2022\/01\/Banner_WEB_1-3.jpg\" \/>\n\t<meta property=\"og:image:width\" content=\"1800\" \/>\n\t<meta property=\"og:image:height\" content=\"1200\" \/>\n\t<meta property=\"og:image:type\" content=\"image\/jpeg\" \/>\n<meta name=\"twitter:card\" content=\"summary_large_image\" \/>\n<meta name=\"twitter:label1\" content=\"Dur\u00e9e de lecture estim\u00e9e\" \/>\n\t<meta name=\"twitter:data1\" content=\"2 minutes\" \/>\n<script type=\"application\/ld+json\" class=\"yoast-schema-graph\">{\"@context\":\"https:\\\/\\\/schema.org\",\"@graph\":[{\"@type\":\"WebPage\",\"@id\":\"https:\\\/\\\/itsasmuseoa.eus\\\/fr\\\/des-expositions\\\/expositions-en-course\\\/tromelin-lile-des-esclaves-oublies\\\/\",\"url\":\"https:\\\/\\\/itsasmuseoa.eus\\\/fr\\\/des-expositions\\\/expositions-en-course\\\/tromelin-lile-des-esclaves-oublies\\\/\",\"name\":\"TROMELIN. L\u2019ILE DES ESCLAVES OUBLI\u00c9S - Euskal Itsas Museoa\",\"isPartOf\":{\"@id\":\"https:\\\/\\\/itsasmuseoa.eus\\\/fr\\\/#website\"},\"primaryImageOfPage\":{\"@id\":\"https:\\\/\\\/itsasmuseoa.eus\\\/fr\\\/des-expositions\\\/expositions-en-course\\\/tromelin-lile-des-esclaves-oublies\\\/#primaryimage\"},\"image\":{\"@id\":\"https:\\\/\\\/itsasmuseoa.eus\\\/fr\\\/des-expositions\\\/expositions-en-course\\\/tromelin-lile-des-esclaves-oublies\\\/#primaryimage\"},\"thumbnailUrl\":\"https:\\\/\\\/itsasmuseoa.eus\\\/wp-content\\\/uploads\\\/2022\\\/01\\\/Banner_WEB_1-3.jpg\",\"datePublished\":\"2022-01-31T12:39:49+00:00\",\"dateModified\":\"2022-08-10T16:04:10+00:00\",\"breadcrumb\":{\"@id\":\"https:\\\/\\\/itsasmuseoa.eus\\\/fr\\\/des-expositions\\\/expositions-en-course\\\/tromelin-lile-des-esclaves-oublies\\\/#breadcrumb\"},\"inLanguage\":\"fr-FR\",\"potentialAction\":[{\"@type\":\"ReadAction\",\"target\":[\"https:\\\/\\\/itsasmuseoa.eus\\\/fr\\\/des-expositions\\\/expositions-en-course\\\/tromelin-lile-des-esclaves-oublies\\\/\"]}]},{\"@type\":\"ImageObject\",\"inLanguage\":\"fr-FR\",\"@id\":\"https:\\\/\\\/itsasmuseoa.eus\\\/fr\\\/des-expositions\\\/expositions-en-course\\\/tromelin-lile-des-esclaves-oublies\\\/#primaryimage\",\"url\":\"https:\\\/\\\/itsasmuseoa.eus\\\/wp-content\\\/uploads\\\/2022\\\/01\\\/Banner_WEB_1-3.jpg\",\"contentUrl\":\"https:\\\/\\\/itsasmuseoa.eus\\\/wp-content\\\/uploads\\\/2022\\\/01\\\/Banner_WEB_1-3.jpg\",\"width\":1800,\"height\":1200},{\"@type\":\"BreadcrumbList\",\"@id\":\"https:\\\/\\\/itsasmuseoa.eus\\\/fr\\\/des-expositions\\\/expositions-en-course\\\/tromelin-lile-des-esclaves-oublies\\\/#breadcrumb\",\"itemListElement\":[{\"@type\":\"ListItem\",\"position\":1,\"name\":\"Inicio\",\"item\":\"https:\\\/\\\/itsasmuseoa.eus\\\/fr\\\/\"},{\"@type\":\"ListItem\",\"position\":2,\"name\":\"Des expositions\",\"item\":\"https:\\\/\\\/itsasmuseoa.eus\\\/fr\\\/des-expositions\\\/\"},{\"@type\":\"ListItem\",\"position\":3,\"name\":\"Expositions en course\",\"item\":\"https:\\\/\\\/itsasmuseoa.eus\\\/fr\\\/des-expositions\\\/expositions-en-course\\\/\"},{\"@type\":\"ListItem\",\"position\":4,\"name\":\"TROMELIN. L\u2019ILE DES ESCLAVES OUBLI\u00c9S\"}]},{\"@type\":\"WebSite\",\"@id\":\"https:\\\/\\\/itsasmuseoa.eus\\\/fr\\\/#website\",\"url\":\"https:\\\/\\\/itsasmuseoa.eus\\\/fr\\\/\",\"name\":\"Euskal Itsas Museoa\",\"description\":\"Museo Mar\u00edtimo Vasco\",\"potentialAction\":[{\"@type\":\"SearchAction\",\"target\":{\"@type\":\"EntryPoint\",\"urlTemplate\":\"https:\\\/\\\/itsasmuseoa.eus\\\/fr\\\/?s={search_term_string}\"},\"query-input\":{\"@type\":\"PropertyValueSpecification\",\"valueRequired\":true,\"valueName\":\"search_term_string\"}}],\"inLanguage\":\"fr-FR\"}]}<\/script>\n<!-- \/ Yoast SEO plugin. -->","yoast_head_json":{"title":"TROMELIN. L\u2019ILE DES ESCLAVES OUBLI\u00c9S - Euskal Itsas Museoa","robots":{"index":"index","follow":"follow","max-snippet":"max-snippet:-1","max-image-preview":"max-image-preview:large","max-video-preview":"max-video-preview:-1"},"canonical":"https:\/\/itsasmuseoa.eus\/fr\/des-expositions\/expositions-en-course\/tromelin-lile-des-esclaves-oublies\/","og_locale":"fr_FR","og_type":"article","og_title":"TROMELIN. L\u2019ILE DES ESCLAVES OUBLI\u00c9S - Euskal Itsas Museoa","og_description":"L\u2019exposition retrace l\u2019histoire des \u00ab oubli\u00e9s de l\u2019\u00eele Tromelin \u00bb apr\u00e8s l\u2019enqu\u00eate arch\u00e9ologique men\u00e9e sur l\u2019\u00eele.","og_url":"https:\/\/itsasmuseoa.eus\/fr\/des-expositions\/expositions-en-course\/tromelin-lile-des-esclaves-oublies\/","og_site_name":"Euskal Itsas Museoa","article_modified_time":"2022-08-10T16:04:10+00:00","og_image":[{"width":1800,"height":1200,"url":"https:\/\/itsasmuseoa.eus\/wp-content\/uploads\/2022\/01\/Banner_WEB_1-3.jpg","type":"image\/jpeg"}],"twitter_card":"summary_large_image","twitter_misc":{"Dur\u00e9e de lecture estim\u00e9e":"2 minutes"},"schema":{"@context":"https:\/\/schema.org","@graph":[{"@type":"WebPage","@id":"https:\/\/itsasmuseoa.eus\/fr\/des-expositions\/expositions-en-course\/tromelin-lile-des-esclaves-oublies\/","url":"https:\/\/itsasmuseoa.eus\/fr\/des-expositions\/expositions-en-course\/tromelin-lile-des-esclaves-oublies\/","name":"TROMELIN. L\u2019ILE DES ESCLAVES OUBLI\u00c9S - Euskal Itsas Museoa","isPartOf":{"@id":"https:\/\/itsasmuseoa.eus\/fr\/#website"},"primaryImageOfPage":{"@id":"https:\/\/itsasmuseoa.eus\/fr\/des-expositions\/expositions-en-course\/tromelin-lile-des-esclaves-oublies\/#primaryimage"},"image":{"@id":"https:\/\/itsasmuseoa.eus\/fr\/des-expositions\/expositions-en-course\/tromelin-lile-des-esclaves-oublies\/#primaryimage"},"thumbnailUrl":"https:\/\/itsasmuseoa.eus\/wp-content\/uploads\/2022\/01\/Banner_WEB_1-3.jpg","datePublished":"2022-01-31T12:39:49+00:00","dateModified":"2022-08-10T16:04:10+00:00","breadcrumb":{"@id":"https:\/\/itsasmuseoa.eus\/fr\/des-expositions\/expositions-en-course\/tromelin-lile-des-esclaves-oublies\/#breadcrumb"},"inLanguage":"fr-FR","potentialAction":[{"@type":"ReadAction","target":["https:\/\/itsasmuseoa.eus\/fr\/des-expositions\/expositions-en-course\/tromelin-lile-des-esclaves-oublies\/"]}]},{"@type":"ImageObject","inLanguage":"fr-FR","@id":"https:\/\/itsasmuseoa.eus\/fr\/des-expositions\/expositions-en-course\/tromelin-lile-des-esclaves-oublies\/#primaryimage","url":"https:\/\/itsasmuseoa.eus\/wp-content\/uploads\/2022\/01\/Banner_WEB_1-3.jpg","contentUrl":"https:\/\/itsasmuseoa.eus\/wp-content\/uploads\/2022\/01\/Banner_WEB_1-3.jpg","width":1800,"height":1200},{"@type":"BreadcrumbList","@id":"https:\/\/itsasmuseoa.eus\/fr\/des-expositions\/expositions-en-course\/tromelin-lile-des-esclaves-oublies\/#breadcrumb","itemListElement":[{"@type":"ListItem","position":1,"name":"Inicio","item":"https:\/\/itsasmuseoa.eus\/fr\/"},{"@type":"ListItem","position":2,"name":"Des expositions","item":"https:\/\/itsasmuseoa.eus\/fr\/des-expositions\/"},{"@type":"ListItem","position":3,"name":"Expositions en course","item":"https:\/\/itsasmuseoa.eus\/fr\/des-expositions\/expositions-en-course\/"},{"@type":"ListItem","position":4,"name":"TROMELIN. L\u2019ILE DES ESCLAVES OUBLI\u00c9S"}]},{"@type":"WebSite","@id":"https:\/\/itsasmuseoa.eus\/fr\/#website","url":"https:\/\/itsasmuseoa.eus\/fr\/","name":"Euskal Itsas Museoa","description":"Museo Mar\u00edtimo Vasco","potentialAction":[{"@type":"SearchAction","target":{"@type":"EntryPoint","urlTemplate":"https:\/\/itsasmuseoa.eus\/fr\/?s={search_term_string}"},"query-input":{"@type":"PropertyValueSpecification","valueRequired":true,"valueName":"search_term_string"}}],"inLanguage":"fr-FR"}]}},"_links":{"self":[{"href":"https:\/\/itsasmuseoa.eus\/fr\/wp-json\/wp\/v2\/pages\/9948","targetHints":{"allow":["GET"]}}],"collection":[{"href":"https:\/\/itsasmuseoa.eus\/fr\/wp-json\/wp\/v2\/pages"}],"about":[{"href":"https:\/\/itsasmuseoa.eus\/fr\/wp-json\/wp\/v2\/types\/page"}],"author":[{"embeddable":true,"href":"https:\/\/itsasmuseoa.eus\/fr\/wp-json\/wp\/v2\/users\/4"}],"replies":[{"embeddable":true,"href":"https:\/\/itsasmuseoa.eus\/fr\/wp-json\/wp\/v2\/comments?post=9948"}],"version-history":[{"count":0,"href":"https:\/\/itsasmuseoa.eus\/fr\/wp-json\/wp\/v2\/pages\/9948\/revisions"}],"up":[{"embeddable":true,"href":"https:\/\/itsasmuseoa.eus\/fr\/wp-json\/wp\/v2\/pages\/5453"}],"wp:featuredmedia":[{"embeddable":true,"href":"https:\/\/itsasmuseoa.eus\/fr\/wp-json\/wp\/v2\/media\/9701"}],"wp:attachment":[{"href":"https:\/\/itsasmuseoa.eus\/fr\/wp-json\/wp\/v2\/media?parent=9948"}],"wp:term":[{"taxonomy":"category","embeddable":true,"href":"https:\/\/itsasmuseoa.eus\/fr\/wp-json\/wp\/v2\/categories?post=9948"},{"taxonomy":"post_tag","embeddable":true,"href":"https:\/\/itsasmuseoa.eus\/fr\/wp-json\/wp\/v2\/tags?post=9948"}],"curies":[{"name":"wp","href":"https:\/\/api.w.org\/{rel}","templated":true}]}}