{"id":15026,"date":"2022-11-21T19:42:22","date_gmt":"2022-11-21T18:42:22","guid":{"rendered":"https:\/\/itsasmuseoa.eus\/producto\/naufragios-de-getaria-naufrages-a-getaria\/"},"modified":"2022-11-21T19:42:22","modified_gmt":"2022-11-21T18:42:22","slug":"naufragios-de-getaria-naufrages-a-getaria","status":"publish","type":"product","link":"https:\/\/itsasmuseoa.eus\/fr\/producto\/naufragios-de-getaria-naufrages-a-getaria\/","title":{"rendered":"Naufragios de Getaria (Naufrages \u00e0 Getaria)"},"content":{"rendered":"<p>R\u00e9cup\u00e9ration des naufrages sur la c\u00f4te de Getaria ainsi que les navires de Getaria dans d&#8217;autres eaux.<\/p>\n","protected":false},"excerpt":{"rendered":"<p>R\u00e9cup\u00e9ration des naufrages sur la c\u00f4te de Getaria ainsi que les navires de Getaria dans d&#8217;autres eaux.<\/p>\n","protected":false},"featured_media":12475,"template":"","meta":{"_acf_changed":false},"product_brand":[],"product_cat":[613],"product_tag":[],"class_list":{"0":"post-15026","1":"product","2":"type-product","3":"status-publish","4":"has-post-thumbnail","6":"product_cat-a-propos-de-la-mer","8":"first","9":"instock","10":"shipping-taxable","11":"purchasable","12":"product-type-simple"},"acf":[],"yoast_head":"<!-- This site is optimized with the Yoast SEO plugin v27.5 - https:\/\/yoast.com\/product\/yoast-seo-wordpress\/ -->\n<title>Naufragios de Getaria (Naufrages \u00e0 Getaria) - Euskal Itsas Museoa<\/title>\n<meta name=\"robots\" content=\"index, follow, max-snippet:-1, max-image-preview:large, max-video-preview:-1\" \/>\n<link rel=\"canonical\" href=\"https:\/\/itsasmuseoa.eus\/fr\/producto\/naufragios-de-getaria-naufrages-a-getaria\/\" \/>\n<meta property=\"og:locale\" content=\"fr_FR\" \/>\n<meta property=\"og:type\" content=\"article\" \/>\n<meta property=\"og:title\" content=\"Naufragios de Getaria (Naufrages \u00e0 Getaria) - Euskal Itsas Museoa\" \/>\n<meta property=\"og:description\" content=\"R\u00e9cup\u00e9ration des naufrages sur la c\u00f4te de Getaria ainsi que les navires de Getaria dans d&#039;autres eaux.\" \/>\n<meta property=\"og:url\" content=\"https:\/\/itsasmuseoa.eus\/fr\/producto\/naufragios-de-getaria-naufrages-a-getaria\/\" \/>\n<meta property=\"og:site_name\" content=\"Euskal Itsas Museoa\" \/>\n<meta property=\"og:image\" content=\"https:\/\/itsasmuseoa.eus\/wp-content\/uploads\/2021\/06\/05.-Naufragios-en-Getaria.jpg\" \/>\n\t<meta property=\"og:image:width\" content=\"1200\" \/>\n\t<meta property=\"og:image:height\" content=\"802\" \/>\n\t<meta property=\"og:image:type\" content=\"image\/jpeg\" \/>\n<meta name=\"twitter:card\" content=\"summary_large_image\" \/>\n<script type=\"application\/ld+json\" class=\"yoast-schema-graph\">{\"@context\":\"https:\\\/\\\/schema.org\",\"@graph\":[{\"@type\":\"WebPage\",\"@id\":\"https:\\\/\\\/itsasmuseoa.eus\\\/fr\\\/producto\\\/naufragios-de-getaria-naufrages-a-getaria\\\/\",\"url\":\"https:\\\/\\\/itsasmuseoa.eus\\\/fr\\\/producto\\\/naufragios-de-getaria-naufrages-a-getaria\\\/\",\"name\":\"Naufragios de Getaria (Naufrages \u00e0 Getaria) - Euskal Itsas Museoa\",\"isPartOf\":{\"@id\":\"https:\\\/\\\/itsasmuseoa.eus\\\/fr\\\/#website\"},\"primaryImageOfPage\":{\"@id\":\"https:\\\/\\\/itsasmuseoa.eus\\\/fr\\\/producto\\\/naufragios-de-getaria-naufrages-a-getaria\\\/#primaryimage\"},\"image\":{\"@id\":\"https:\\\/\\\/itsasmuseoa.eus\\\/fr\\\/producto\\\/naufragios-de-getaria-naufrages-a-getaria\\\/#primaryimage\"},\"thumbnailUrl\":\"https:\\\/\\\/itsasmuseoa.eus\\\/wp-content\\\/uploads\\\/2021\\\/06\\\/05.-Naufragios-en-Getaria.jpg\",\"datePublished\":\"2022-11-21T18:42:22+00:00\",\"breadcrumb\":{\"@id\":\"https:\\\/\\\/itsasmuseoa.eus\\\/fr\\\/producto\\\/naufragios-de-getaria-naufrages-a-getaria\\\/#breadcrumb\"},\"inLanguage\":\"fr-FR\",\"potentialAction\":[{\"@type\":\"ReadAction\",\"target\":[\"https:\\\/\\\/itsasmuseoa.eus\\\/fr\\\/producto\\\/naufragios-de-getaria-naufrages-a-getaria\\\/\"]}]},{\"@type\":\"ImageObject\",\"inLanguage\":\"fr-FR\",\"@id\":\"https:\\\/\\\/itsasmuseoa.eus\\\/fr\\\/producto\\\/naufragios-de-getaria-naufrages-a-getaria\\\/#primaryimage\",\"url\":\"https:\\\/\\\/itsasmuseoa.eus\\\/wp-content\\\/uploads\\\/2021\\\/06\\\/05.-Naufragios-en-Getaria.jpg\",\"contentUrl\":\"https:\\\/\\\/itsasmuseoa.eus\\\/wp-content\\\/uploads\\\/2021\\\/06\\\/05.-Naufragios-en-Getaria.jpg\",\"width\":1200,\"height\":802},{\"@type\":\"BreadcrumbList\",\"@id\":\"https:\\\/\\\/itsasmuseoa.eus\\\/fr\\\/producto\\\/naufragios-de-getaria-naufrages-a-getaria\\\/#breadcrumb\",\"itemListElement\":[{\"@type\":\"ListItem\",\"position\":1,\"name\":\"Inicio\",\"item\":\"https:\\\/\\\/itsasmuseoa.eus\\\/fr\\\/\"},{\"@type\":\"ListItem\",\"position\":2,\"name\":\"Magasin\",\"item\":\"https:\\\/\\\/itsasmuseoa.eus\\\/fr\\\/magasin\\\/\"},{\"@type\":\"ListItem\",\"position\":3,\"name\":\"Naufragios de Getaria (Naufrages \u00e0 Getaria)\"}]},{\"@type\":\"WebSite\",\"@id\":\"https:\\\/\\\/itsasmuseoa.eus\\\/fr\\\/#website\",\"url\":\"https:\\\/\\\/itsasmuseoa.eus\\\/fr\\\/\",\"name\":\"Euskal Itsas Museoa\",\"description\":\"Museo Mar\u00edtimo Vasco\",\"potentialAction\":[{\"@type\":\"SearchAction\",\"target\":{\"@type\":\"EntryPoint\",\"urlTemplate\":\"https:\\\/\\\/itsasmuseoa.eus\\\/fr\\\/?s={search_term_string}\"},\"query-input\":{\"@type\":\"PropertyValueSpecification\",\"valueRequired\":true,\"valueName\":\"search_term_string\"}}],\"inLanguage\":\"fr-FR\"}]}<\/script>\n<!-- \/ Yoast SEO plugin. -->","yoast_head_json":{"title":"Naufragios de Getaria (Naufrages \u00e0 Getaria) - Euskal Itsas Museoa","robots":{"index":"index","follow":"follow","max-snippet":"max-snippet:-1","max-image-preview":"max-image-preview:large","max-video-preview":"max-video-preview:-1"},"canonical":"https:\/\/itsasmuseoa.eus\/fr\/producto\/naufragios-de-getaria-naufrages-a-getaria\/","og_locale":"fr_FR","og_type":"article","og_title":"Naufragios de Getaria (Naufrages \u00e0 Getaria) - Euskal Itsas Museoa","og_description":"R\u00e9cup\u00e9ration des naufrages sur la c\u00f4te de Getaria ainsi que les navires de Getaria dans d'autres eaux.","og_url":"https:\/\/itsasmuseoa.eus\/fr\/producto\/naufragios-de-getaria-naufrages-a-getaria\/","og_site_name":"Euskal Itsas Museoa","og_image":[{"width":1200,"height":802,"url":"https:\/\/itsasmuseoa.eus\/wp-content\/uploads\/2021\/06\/05.-Naufragios-en-Getaria.jpg","type":"image\/jpeg"}],"twitter_card":"summary_large_image","schema":{"@context":"https:\/\/schema.org","@graph":[{"@type":"WebPage","@id":"https:\/\/itsasmuseoa.eus\/fr\/producto\/naufragios-de-getaria-naufrages-a-getaria\/","url":"https:\/\/itsasmuseoa.eus\/fr\/producto\/naufragios-de-getaria-naufrages-a-getaria\/","name":"Naufragios de Getaria (Naufrages \u00e0 Getaria) - Euskal Itsas Museoa","isPartOf":{"@id":"https:\/\/itsasmuseoa.eus\/fr\/#website"},"primaryImageOfPage":{"@id":"https:\/\/itsasmuseoa.eus\/fr\/producto\/naufragios-de-getaria-naufrages-a-getaria\/#primaryimage"},"image":{"@id":"https:\/\/itsasmuseoa.eus\/fr\/producto\/naufragios-de-getaria-naufrages-a-getaria\/#primaryimage"},"thumbnailUrl":"https:\/\/itsasmuseoa.eus\/wp-content\/uploads\/2021\/06\/05.-Naufragios-en-Getaria.jpg","datePublished":"2022-11-21T18:42:22+00:00","breadcrumb":{"@id":"https:\/\/itsasmuseoa.eus\/fr\/producto\/naufragios-de-getaria-naufrages-a-getaria\/#breadcrumb"},"inLanguage":"fr-FR","potentialAction":[{"@type":"ReadAction","target":["https:\/\/itsasmuseoa.eus\/fr\/producto\/naufragios-de-getaria-naufrages-a-getaria\/"]}]},{"@type":"ImageObject","inLanguage":"fr-FR","@id":"https:\/\/itsasmuseoa.eus\/fr\/producto\/naufragios-de-getaria-naufrages-a-getaria\/#primaryimage","url":"https:\/\/itsasmuseoa.eus\/wp-content\/uploads\/2021\/06\/05.-Naufragios-en-Getaria.jpg","contentUrl":"https:\/\/itsasmuseoa.eus\/wp-content\/uploads\/2021\/06\/05.-Naufragios-en-Getaria.jpg","width":1200,"height":802},{"@type":"BreadcrumbList","@id":"https:\/\/itsasmuseoa.eus\/fr\/producto\/naufragios-de-getaria-naufrages-a-getaria\/#breadcrumb","itemListElement":[{"@type":"ListItem","position":1,"name":"Inicio","item":"https:\/\/itsasmuseoa.eus\/fr\/"},{"@type":"ListItem","position":2,"name":"Magasin","item":"https:\/\/itsasmuseoa.eus\/fr\/magasin\/"},{"@type":"ListItem","position":3,"name":"Naufragios de Getaria (Naufrages \u00e0 Getaria)"}]},{"@type":"WebSite","@id":"https:\/\/itsasmuseoa.eus\/fr\/#website","url":"https:\/\/itsasmuseoa.eus\/fr\/","name":"Euskal Itsas Museoa","description":"Museo Mar\u00edtimo Vasco","potentialAction":[{"@type":"SearchAction","target":{"@type":"EntryPoint","urlTemplate":"https:\/\/itsasmuseoa.eus\/fr\/?s={search_term_string}"},"query-input":{"@type":"PropertyValueSpecification","valueRequired":true,"valueName":"search_term_string"}}],"inLanguage":"fr-FR"}]}},"_links":{"self":[{"href":"https:\/\/itsasmuseoa.eus\/fr\/wp-json\/wp\/v2\/product\/15026","targetHints":{"allow":["GET"]}}],"collection":[{"href":"https:\/\/itsasmuseoa.eus\/fr\/wp-json\/wp\/v2\/product"}],"about":[{"href":"https:\/\/itsasmuseoa.eus\/fr\/wp-json\/wp\/v2\/types\/product"}],"wp:featuredmedia":[{"embeddable":true,"href":"https:\/\/itsasmuseoa.eus\/fr\/wp-json\/wp\/v2\/media\/12475"}],"wp:attachment":[{"href":"https:\/\/itsasmuseoa.eus\/fr\/wp-json\/wp\/v2\/media?parent=15026"}],"wp:term":[{"taxonomy":"product_brand","embeddable":true,"href":"https:\/\/itsasmuseoa.eus\/fr\/wp-json\/wp\/v2\/product_brand?post=15026"},{"taxonomy":"product_cat","embeddable":true,"href":"https:\/\/itsasmuseoa.eus\/fr\/wp-json\/wp\/v2\/product_cat?post=15026"},{"taxonomy":"product_tag","embeddable":true,"href":"https:\/\/itsasmuseoa.eus\/fr\/wp-json\/wp\/v2\/product_tag?post=15026"}],"curies":[{"name":"wp","href":"https:\/\/api.w.org\/{rel}","templated":true}]}}