{"id":15038,"date":"2022-11-22T14:03:19","date_gmt":"2022-11-22T13:03:19","guid":{"rendered":"https:\/\/itsasmuseoa.eus\/producto\/la-poursuite-du-bonheur\/"},"modified":"2022-11-22T14:03:19","modified_gmt":"2022-11-22T13:03:19","slug":"la-poursuite-du-bonheur","status":"publish","type":"product","link":"https:\/\/itsasmuseoa.eus\/fr\/producto\/la-poursuite-du-bonheur\/","title":{"rendered":"La poursuite du bonheur"},"content":{"rendered":"<p>Catalogue qui comprend sous une forme \u00e9largie l&#8217;exposition \u201c \u00c0 la recherche du bonheur. La contribution basque \u00e0 l&#8217;ind\u00e9pendance des \u00c9tats-Unis\u201d organis\u00e9e par le Mus\u00e9e.<\/p>\n","protected":false},"excerpt":{"rendered":"<p>Catalogue qui comprend sous une forme \u00e9largie l&#8217;exposition \u201c \u00c0 la recherche du bonheur. La contribution basque \u00e0 l&#8217;ind\u00e9pendance des \u00c9tats-Unis\u201d organis\u00e9e par le Mus\u00e9e.<\/p>\n","protected":false},"featured_media":12459,"template":"","meta":{"_acf_changed":false},"product_brand":[],"product_cat":[595],"product_tag":[],"class_list":{"0":"post-15038","1":"product","2":"type-product","3":"status-publish","4":"has-post-thumbnail","6":"product_cat-catalogue","8":"first","9":"instock","10":"shipping-taxable","11":"purchasable","12":"product-type-variable"},"acf":[],"yoast_head":"<!-- This site is optimized with the Yoast SEO plugin v27.3 - https:\/\/yoast.com\/product\/yoast-seo-wordpress\/ -->\n<title>La poursuite du bonheur - Euskal Itsas Museoa<\/title>\n<meta name=\"robots\" content=\"index, follow, max-snippet:-1, max-image-preview:large, max-video-preview:-1\" \/>\n<link rel=\"canonical\" href=\"https:\/\/itsasmuseoa.eus\/fr\/producto\/la-poursuite-du-bonheur\/\" \/>\n<meta property=\"og:locale\" content=\"fr_FR\" \/>\n<meta property=\"og:type\" content=\"article\" \/>\n<meta property=\"og:title\" content=\"La poursuite du bonheur - Euskal Itsas Museoa\" \/>\n<meta property=\"og:description\" content=\"Catalogue qui comprend sous une forme \u00e9largie l&#039;exposition \u201c \u00c0 la recherche du bonheur. La contribution basque \u00e0 l&#039;ind\u00e9pendance des \u00c9tats-Unis\u201d organis\u00e9e par le Mus\u00e9e.\" \/>\n<meta property=\"og:url\" content=\"https:\/\/itsasmuseoa.eus\/fr\/producto\/la-poursuite-du-bonheur\/\" \/>\n<meta property=\"og:site_name\" content=\"Euskal Itsas Museoa\" \/>\n<meta property=\"og:image\" content=\"https:\/\/itsasmuseoa.eus\/wp-content\/uploads\/2021\/06\/01.Zoriontasuna.jpg\" \/>\n\t<meta property=\"og:image:width\" content=\"1200\" \/>\n\t<meta property=\"og:image:height\" content=\"802\" \/>\n\t<meta property=\"og:image:type\" content=\"image\/jpeg\" \/>\n<meta name=\"twitter:card\" content=\"summary_large_image\" \/>\n<script type=\"application\/ld+json\" class=\"yoast-schema-graph\">{\"@context\":\"https:\\\/\\\/schema.org\",\"@graph\":[{\"@type\":\"WebPage\",\"@id\":\"https:\\\/\\\/itsasmuseoa.eus\\\/fr\\\/producto\\\/la-poursuite-du-bonheur\\\/\",\"url\":\"https:\\\/\\\/itsasmuseoa.eus\\\/fr\\\/producto\\\/la-poursuite-du-bonheur\\\/\",\"name\":\"La poursuite du bonheur - Euskal Itsas Museoa\",\"isPartOf\":{\"@id\":\"https:\\\/\\\/itsasmuseoa.eus\\\/fr\\\/#website\"},\"primaryImageOfPage\":{\"@id\":\"https:\\\/\\\/itsasmuseoa.eus\\\/fr\\\/producto\\\/la-poursuite-du-bonheur\\\/#primaryimage\"},\"image\":{\"@id\":\"https:\\\/\\\/itsasmuseoa.eus\\\/fr\\\/producto\\\/la-poursuite-du-bonheur\\\/#primaryimage\"},\"thumbnailUrl\":\"https:\\\/\\\/itsasmuseoa.eus\\\/wp-content\\\/uploads\\\/2021\\\/06\\\/01.Zoriontasuna.jpg\",\"datePublished\":\"2022-11-22T13:03:19+00:00\",\"breadcrumb\":{\"@id\":\"https:\\\/\\\/itsasmuseoa.eus\\\/fr\\\/producto\\\/la-poursuite-du-bonheur\\\/#breadcrumb\"},\"inLanguage\":\"fr-FR\",\"potentialAction\":[{\"@type\":\"ReadAction\",\"target\":[\"https:\\\/\\\/itsasmuseoa.eus\\\/fr\\\/producto\\\/la-poursuite-du-bonheur\\\/\"]}]},{\"@type\":\"ImageObject\",\"inLanguage\":\"fr-FR\",\"@id\":\"https:\\\/\\\/itsasmuseoa.eus\\\/fr\\\/producto\\\/la-poursuite-du-bonheur\\\/#primaryimage\",\"url\":\"https:\\\/\\\/itsasmuseoa.eus\\\/wp-content\\\/uploads\\\/2021\\\/06\\\/01.Zoriontasuna.jpg\",\"contentUrl\":\"https:\\\/\\\/itsasmuseoa.eus\\\/wp-content\\\/uploads\\\/2021\\\/06\\\/01.Zoriontasuna.jpg\",\"width\":1200,\"height\":802},{\"@type\":\"BreadcrumbList\",\"@id\":\"https:\\\/\\\/itsasmuseoa.eus\\\/fr\\\/producto\\\/la-poursuite-du-bonheur\\\/#breadcrumb\",\"itemListElement\":[{\"@type\":\"ListItem\",\"position\":1,\"name\":\"Inicio\",\"item\":\"https:\\\/\\\/itsasmuseoa.eus\\\/fr\\\/\"},{\"@type\":\"ListItem\",\"position\":2,\"name\":\"Magasin\",\"item\":\"https:\\\/\\\/itsasmuseoa.eus\\\/fr\\\/magasin\\\/\"},{\"@type\":\"ListItem\",\"position\":3,\"name\":\"La poursuite du bonheur\"}]},{\"@type\":\"WebSite\",\"@id\":\"https:\\\/\\\/itsasmuseoa.eus\\\/fr\\\/#website\",\"url\":\"https:\\\/\\\/itsasmuseoa.eus\\\/fr\\\/\",\"name\":\"Euskal Itsas Museoa\",\"description\":\"Museo Mar\u00edtimo Vasco\",\"potentialAction\":[{\"@type\":\"SearchAction\",\"target\":{\"@type\":\"EntryPoint\",\"urlTemplate\":\"https:\\\/\\\/itsasmuseoa.eus\\\/fr\\\/?s={search_term_string}\"},\"query-input\":{\"@type\":\"PropertyValueSpecification\",\"valueRequired\":true,\"valueName\":\"search_term_string\"}}],\"inLanguage\":\"fr-FR\"}]}<\/script>\n<!-- \/ Yoast SEO plugin. -->","yoast_head_json":{"title":"La poursuite du bonheur - Euskal Itsas Museoa","robots":{"index":"index","follow":"follow","max-snippet":"max-snippet:-1","max-image-preview":"max-image-preview:large","max-video-preview":"max-video-preview:-1"},"canonical":"https:\/\/itsasmuseoa.eus\/fr\/producto\/la-poursuite-du-bonheur\/","og_locale":"fr_FR","og_type":"article","og_title":"La poursuite du bonheur - Euskal Itsas Museoa","og_description":"Catalogue qui comprend sous une forme \u00e9largie l'exposition \u201c \u00c0 la recherche du bonheur. La contribution basque \u00e0 l'ind\u00e9pendance des \u00c9tats-Unis\u201d organis\u00e9e par le Mus\u00e9e.","og_url":"https:\/\/itsasmuseoa.eus\/fr\/producto\/la-poursuite-du-bonheur\/","og_site_name":"Euskal Itsas Museoa","og_image":[{"width":1200,"height":802,"url":"https:\/\/itsasmuseoa.eus\/wp-content\/uploads\/2021\/06\/01.Zoriontasuna.jpg","type":"image\/jpeg"}],"twitter_card":"summary_large_image","schema":{"@context":"https:\/\/schema.org","@graph":[{"@type":"WebPage","@id":"https:\/\/itsasmuseoa.eus\/fr\/producto\/la-poursuite-du-bonheur\/","url":"https:\/\/itsasmuseoa.eus\/fr\/producto\/la-poursuite-du-bonheur\/","name":"La poursuite du bonheur - Euskal Itsas Museoa","isPartOf":{"@id":"https:\/\/itsasmuseoa.eus\/fr\/#website"},"primaryImageOfPage":{"@id":"https:\/\/itsasmuseoa.eus\/fr\/producto\/la-poursuite-du-bonheur\/#primaryimage"},"image":{"@id":"https:\/\/itsasmuseoa.eus\/fr\/producto\/la-poursuite-du-bonheur\/#primaryimage"},"thumbnailUrl":"https:\/\/itsasmuseoa.eus\/wp-content\/uploads\/2021\/06\/01.Zoriontasuna.jpg","datePublished":"2022-11-22T13:03:19+00:00","breadcrumb":{"@id":"https:\/\/itsasmuseoa.eus\/fr\/producto\/la-poursuite-du-bonheur\/#breadcrumb"},"inLanguage":"fr-FR","potentialAction":[{"@type":"ReadAction","target":["https:\/\/itsasmuseoa.eus\/fr\/producto\/la-poursuite-du-bonheur\/"]}]},{"@type":"ImageObject","inLanguage":"fr-FR","@id":"https:\/\/itsasmuseoa.eus\/fr\/producto\/la-poursuite-du-bonheur\/#primaryimage","url":"https:\/\/itsasmuseoa.eus\/wp-content\/uploads\/2021\/06\/01.Zoriontasuna.jpg","contentUrl":"https:\/\/itsasmuseoa.eus\/wp-content\/uploads\/2021\/06\/01.Zoriontasuna.jpg","width":1200,"height":802},{"@type":"BreadcrumbList","@id":"https:\/\/itsasmuseoa.eus\/fr\/producto\/la-poursuite-du-bonheur\/#breadcrumb","itemListElement":[{"@type":"ListItem","position":1,"name":"Inicio","item":"https:\/\/itsasmuseoa.eus\/fr\/"},{"@type":"ListItem","position":2,"name":"Magasin","item":"https:\/\/itsasmuseoa.eus\/fr\/magasin\/"},{"@type":"ListItem","position":3,"name":"La poursuite du bonheur"}]},{"@type":"WebSite","@id":"https:\/\/itsasmuseoa.eus\/fr\/#website","url":"https:\/\/itsasmuseoa.eus\/fr\/","name":"Euskal Itsas Museoa","description":"Museo Mar\u00edtimo Vasco","potentialAction":[{"@type":"SearchAction","target":{"@type":"EntryPoint","urlTemplate":"https:\/\/itsasmuseoa.eus\/fr\/?s={search_term_string}"},"query-input":{"@type":"PropertyValueSpecification","valueRequired":true,"valueName":"search_term_string"}}],"inLanguage":"fr-FR"}]}},"_links":{"self":[{"href":"https:\/\/itsasmuseoa.eus\/fr\/wp-json\/wp\/v2\/product\/15038","targetHints":{"allow":["GET"]}}],"collection":[{"href":"https:\/\/itsasmuseoa.eus\/fr\/wp-json\/wp\/v2\/product"}],"about":[{"href":"https:\/\/itsasmuseoa.eus\/fr\/wp-json\/wp\/v2\/types\/product"}],"wp:featuredmedia":[{"embeddable":true,"href":"https:\/\/itsasmuseoa.eus\/fr\/wp-json\/wp\/v2\/media\/12459"}],"wp:attachment":[{"href":"https:\/\/itsasmuseoa.eus\/fr\/wp-json\/wp\/v2\/media?parent=15038"}],"wp:term":[{"taxonomy":"product_brand","embeddable":true,"href":"https:\/\/itsasmuseoa.eus\/fr\/wp-json\/wp\/v2\/product_brand?post=15038"},{"taxonomy":"product_cat","embeddable":true,"href":"https:\/\/itsasmuseoa.eus\/fr\/wp-json\/wp\/v2\/product_cat?post=15038"},{"taxonomy":"product_tag","embeddable":true,"href":"https:\/\/itsasmuseoa.eus\/fr\/wp-json\/wp\/v2\/product_tag?post=15038"}],"curies":[{"name":"wp","href":"https:\/\/api.w.org\/{rel}","templated":true}]}}