{"id":15041,"date":"2022-11-22T10:43:26","date_gmt":"2022-11-22T09:43:26","guid":{"rendered":"https:\/\/itsasmuseoa.eus\/producto\/las-mujeres-y-el-mar-les-femmes-et-la-mer\/"},"modified":"2022-11-22T10:43:26","modified_gmt":"2022-11-22T09:43:26","slug":"las-mujeres-y-el-mar-les-femmes-et-la-mer","status":"publish","type":"product","link":"https:\/\/itsasmuseoa.eus\/fr\/producto\/las-mujeres-y-el-mar-les-femmes-et-la-mer\/","title":{"rendered":"Las mujeres y el mar (Les femmes et la mer)"},"content":{"rendered":"<p>Catalogue regroupant des textes et des images de l&#8217;exposition \u00ab Les femmes et la mer \u00bb du Mus\u00e9e. Les illustrations du livre et de l&#8217;exposition ont \u00e9t\u00e9 r\u00e9alis\u00e9es par Elena Odriozola<\/p>\n","protected":false},"excerpt":{"rendered":"<p>Catalogue regroupant des textes et des images de l&#8217;exposition \u00ab Les femmes et la mer \u00bb du Mus\u00e9e. Les illustrations du livre et de l&#8217;exposition ont \u00e9t\u00e9 r\u00e9alis\u00e9es par Elena Odriozola<\/p>\n","protected":false},"featured_media":12463,"template":"","meta":{"_acf_changed":false},"product_brand":[],"product_cat":[595],"product_tag":[],"class_list":{"0":"post-15041","1":"product","2":"type-product","3":"status-publish","4":"has-post-thumbnail","6":"product_cat-catalogue","8":"first","9":"instock","10":"shipping-taxable","11":"purchasable","12":"product-type-simple"},"acf":[],"yoast_head":"<!-- This site is optimized with the Yoast SEO plugin v27.3 - https:\/\/yoast.com\/product\/yoast-seo-wordpress\/ -->\n<title>Las mujeres y el mar (Les femmes et la mer) - Euskal Itsas Museoa<\/title>\n<meta name=\"robots\" content=\"index, follow, max-snippet:-1, max-image-preview:large, max-video-preview:-1\" \/>\n<link rel=\"canonical\" href=\"https:\/\/itsasmuseoa.eus\/fr\/producto\/las-mujeres-y-el-mar-les-femmes-et-la-mer\/\" \/>\n<meta property=\"og:locale\" content=\"fr_FR\" \/>\n<meta property=\"og:type\" content=\"article\" \/>\n<meta property=\"og:title\" content=\"Las mujeres y el mar (Les femmes et la mer) - Euskal Itsas Museoa\" \/>\n<meta property=\"og:description\" content=\"Catalogue regroupant des textes et des images de l&#039;exposition \u00ab Les femmes et la mer \u00bb du Mus\u00e9e. Les illustrations du livre et de l&#039;exposition ont \u00e9t\u00e9 r\u00e9alis\u00e9es par Elena Odriozola\" \/>\n<meta property=\"og:url\" content=\"https:\/\/itsasmuseoa.eus\/fr\/producto\/las-mujeres-y-el-mar-les-femmes-et-la-mer\/\" \/>\n<meta property=\"og:site_name\" content=\"Euskal Itsas Museoa\" \/>\n<meta property=\"og:image\" content=\"https:\/\/itsasmuseoa.eus\/wp-content\/uploads\/2021\/06\/02.-Emakumeak-eta-itsasoa.jpg\" \/>\n\t<meta property=\"og:image:width\" content=\"1200\" \/>\n\t<meta property=\"og:image:height\" content=\"802\" \/>\n\t<meta property=\"og:image:type\" content=\"image\/jpeg\" \/>\n<meta name=\"twitter:card\" content=\"summary_large_image\" \/>\n<script type=\"application\/ld+json\" class=\"yoast-schema-graph\">{\"@context\":\"https:\\\/\\\/schema.org\",\"@graph\":[{\"@type\":\"WebPage\",\"@id\":\"https:\\\/\\\/itsasmuseoa.eus\\\/fr\\\/producto\\\/las-mujeres-y-el-mar-les-femmes-et-la-mer\\\/\",\"url\":\"https:\\\/\\\/itsasmuseoa.eus\\\/fr\\\/producto\\\/las-mujeres-y-el-mar-les-femmes-et-la-mer\\\/\",\"name\":\"Las mujeres y el mar (Les femmes et la mer) - Euskal Itsas Museoa\",\"isPartOf\":{\"@id\":\"https:\\\/\\\/itsasmuseoa.eus\\\/fr\\\/#website\"},\"primaryImageOfPage\":{\"@id\":\"https:\\\/\\\/itsasmuseoa.eus\\\/fr\\\/producto\\\/las-mujeres-y-el-mar-les-femmes-et-la-mer\\\/#primaryimage\"},\"image\":{\"@id\":\"https:\\\/\\\/itsasmuseoa.eus\\\/fr\\\/producto\\\/las-mujeres-y-el-mar-les-femmes-et-la-mer\\\/#primaryimage\"},\"thumbnailUrl\":\"https:\\\/\\\/itsasmuseoa.eus\\\/wp-content\\\/uploads\\\/2021\\\/06\\\/02.-Emakumeak-eta-itsasoa.jpg\",\"datePublished\":\"2022-11-22T09:43:26+00:00\",\"breadcrumb\":{\"@id\":\"https:\\\/\\\/itsasmuseoa.eus\\\/fr\\\/producto\\\/las-mujeres-y-el-mar-les-femmes-et-la-mer\\\/#breadcrumb\"},\"inLanguage\":\"fr-FR\",\"potentialAction\":[{\"@type\":\"ReadAction\",\"target\":[\"https:\\\/\\\/itsasmuseoa.eus\\\/fr\\\/producto\\\/las-mujeres-y-el-mar-les-femmes-et-la-mer\\\/\"]}]},{\"@type\":\"ImageObject\",\"inLanguage\":\"fr-FR\",\"@id\":\"https:\\\/\\\/itsasmuseoa.eus\\\/fr\\\/producto\\\/las-mujeres-y-el-mar-les-femmes-et-la-mer\\\/#primaryimage\",\"url\":\"https:\\\/\\\/itsasmuseoa.eus\\\/wp-content\\\/uploads\\\/2021\\\/06\\\/02.-Emakumeak-eta-itsasoa.jpg\",\"contentUrl\":\"https:\\\/\\\/itsasmuseoa.eus\\\/wp-content\\\/uploads\\\/2021\\\/06\\\/02.-Emakumeak-eta-itsasoa.jpg\",\"width\":1200,\"height\":802},{\"@type\":\"BreadcrumbList\",\"@id\":\"https:\\\/\\\/itsasmuseoa.eus\\\/fr\\\/producto\\\/las-mujeres-y-el-mar-les-femmes-et-la-mer\\\/#breadcrumb\",\"itemListElement\":[{\"@type\":\"ListItem\",\"position\":1,\"name\":\"Inicio\",\"item\":\"https:\\\/\\\/itsasmuseoa.eus\\\/fr\\\/\"},{\"@type\":\"ListItem\",\"position\":2,\"name\":\"Magasin\",\"item\":\"https:\\\/\\\/itsasmuseoa.eus\\\/fr\\\/magasin\\\/\"},{\"@type\":\"ListItem\",\"position\":3,\"name\":\"Las mujeres y el mar (Les femmes et la mer)\"}]},{\"@type\":\"WebSite\",\"@id\":\"https:\\\/\\\/itsasmuseoa.eus\\\/fr\\\/#website\",\"url\":\"https:\\\/\\\/itsasmuseoa.eus\\\/fr\\\/\",\"name\":\"Euskal Itsas Museoa\",\"description\":\"Museo Mar\u00edtimo Vasco\",\"potentialAction\":[{\"@type\":\"SearchAction\",\"target\":{\"@type\":\"EntryPoint\",\"urlTemplate\":\"https:\\\/\\\/itsasmuseoa.eus\\\/fr\\\/?s={search_term_string}\"},\"query-input\":{\"@type\":\"PropertyValueSpecification\",\"valueRequired\":true,\"valueName\":\"search_term_string\"}}],\"inLanguage\":\"fr-FR\"}]}<\/script>\n<!-- \/ Yoast SEO plugin. -->","yoast_head_json":{"title":"Las mujeres y el mar (Les femmes et la mer) - Euskal Itsas Museoa","robots":{"index":"index","follow":"follow","max-snippet":"max-snippet:-1","max-image-preview":"max-image-preview:large","max-video-preview":"max-video-preview:-1"},"canonical":"https:\/\/itsasmuseoa.eus\/fr\/producto\/las-mujeres-y-el-mar-les-femmes-et-la-mer\/","og_locale":"fr_FR","og_type":"article","og_title":"Las mujeres y el mar (Les femmes et la mer) - Euskal Itsas Museoa","og_description":"Catalogue regroupant des textes et des images de l'exposition \u00ab Les femmes et la mer \u00bb du Mus\u00e9e. Les illustrations du livre et de l'exposition ont \u00e9t\u00e9 r\u00e9alis\u00e9es par Elena Odriozola","og_url":"https:\/\/itsasmuseoa.eus\/fr\/producto\/las-mujeres-y-el-mar-les-femmes-et-la-mer\/","og_site_name":"Euskal Itsas Museoa","og_image":[{"width":1200,"height":802,"url":"https:\/\/itsasmuseoa.eus\/wp-content\/uploads\/2021\/06\/02.-Emakumeak-eta-itsasoa.jpg","type":"image\/jpeg"}],"twitter_card":"summary_large_image","schema":{"@context":"https:\/\/schema.org","@graph":[{"@type":"WebPage","@id":"https:\/\/itsasmuseoa.eus\/fr\/producto\/las-mujeres-y-el-mar-les-femmes-et-la-mer\/","url":"https:\/\/itsasmuseoa.eus\/fr\/producto\/las-mujeres-y-el-mar-les-femmes-et-la-mer\/","name":"Las mujeres y el mar (Les femmes et la mer) - Euskal Itsas Museoa","isPartOf":{"@id":"https:\/\/itsasmuseoa.eus\/fr\/#website"},"primaryImageOfPage":{"@id":"https:\/\/itsasmuseoa.eus\/fr\/producto\/las-mujeres-y-el-mar-les-femmes-et-la-mer\/#primaryimage"},"image":{"@id":"https:\/\/itsasmuseoa.eus\/fr\/producto\/las-mujeres-y-el-mar-les-femmes-et-la-mer\/#primaryimage"},"thumbnailUrl":"https:\/\/itsasmuseoa.eus\/wp-content\/uploads\/2021\/06\/02.-Emakumeak-eta-itsasoa.jpg","datePublished":"2022-11-22T09:43:26+00:00","breadcrumb":{"@id":"https:\/\/itsasmuseoa.eus\/fr\/producto\/las-mujeres-y-el-mar-les-femmes-et-la-mer\/#breadcrumb"},"inLanguage":"fr-FR","potentialAction":[{"@type":"ReadAction","target":["https:\/\/itsasmuseoa.eus\/fr\/producto\/las-mujeres-y-el-mar-les-femmes-et-la-mer\/"]}]},{"@type":"ImageObject","inLanguage":"fr-FR","@id":"https:\/\/itsasmuseoa.eus\/fr\/producto\/las-mujeres-y-el-mar-les-femmes-et-la-mer\/#primaryimage","url":"https:\/\/itsasmuseoa.eus\/wp-content\/uploads\/2021\/06\/02.-Emakumeak-eta-itsasoa.jpg","contentUrl":"https:\/\/itsasmuseoa.eus\/wp-content\/uploads\/2021\/06\/02.-Emakumeak-eta-itsasoa.jpg","width":1200,"height":802},{"@type":"BreadcrumbList","@id":"https:\/\/itsasmuseoa.eus\/fr\/producto\/las-mujeres-y-el-mar-les-femmes-et-la-mer\/#breadcrumb","itemListElement":[{"@type":"ListItem","position":1,"name":"Inicio","item":"https:\/\/itsasmuseoa.eus\/fr\/"},{"@type":"ListItem","position":2,"name":"Magasin","item":"https:\/\/itsasmuseoa.eus\/fr\/magasin\/"},{"@type":"ListItem","position":3,"name":"Las mujeres y el mar (Les femmes et la mer)"}]},{"@type":"WebSite","@id":"https:\/\/itsasmuseoa.eus\/fr\/#website","url":"https:\/\/itsasmuseoa.eus\/fr\/","name":"Euskal Itsas Museoa","description":"Museo Mar\u00edtimo Vasco","potentialAction":[{"@type":"SearchAction","target":{"@type":"EntryPoint","urlTemplate":"https:\/\/itsasmuseoa.eus\/fr\/?s={search_term_string}"},"query-input":{"@type":"PropertyValueSpecification","valueRequired":true,"valueName":"search_term_string"}}],"inLanguage":"fr-FR"}]}},"_links":{"self":[{"href":"https:\/\/itsasmuseoa.eus\/fr\/wp-json\/wp\/v2\/product\/15041","targetHints":{"allow":["GET"]}}],"collection":[{"href":"https:\/\/itsasmuseoa.eus\/fr\/wp-json\/wp\/v2\/product"}],"about":[{"href":"https:\/\/itsasmuseoa.eus\/fr\/wp-json\/wp\/v2\/types\/product"}],"wp:featuredmedia":[{"embeddable":true,"href":"https:\/\/itsasmuseoa.eus\/fr\/wp-json\/wp\/v2\/media\/12463"}],"wp:attachment":[{"href":"https:\/\/itsasmuseoa.eus\/fr\/wp-json\/wp\/v2\/media?parent=15041"}],"wp:term":[{"taxonomy":"product_brand","embeddable":true,"href":"https:\/\/itsasmuseoa.eus\/fr\/wp-json\/wp\/v2\/product_brand?post=15041"},{"taxonomy":"product_cat","embeddable":true,"href":"https:\/\/itsasmuseoa.eus\/fr\/wp-json\/wp\/v2\/product_cat?post=15041"},{"taxonomy":"product_tag","embeddable":true,"href":"https:\/\/itsasmuseoa.eus\/fr\/wp-json\/wp\/v2\/product_tag?post=15041"}],"curies":[{"name":"wp","href":"https:\/\/api.w.org\/{rel}","templated":true}]}}