{"id":15065,"date":"2022-11-22T14:35:19","date_gmt":"2022-11-22T13:35:19","guid":{"rendered":"https:\/\/itsasmuseoa.eus\/producto\/epingle-de-baleine\/"},"modified":"2022-11-22T14:35:19","modified_gmt":"2022-11-22T13:35:19","slug":"epingle-de-baleine","status":"publish","type":"product","link":"https:\/\/itsasmuseoa.eus\/fr\/producto\/epingle-de-baleine\/","title":{"rendered":"\u00c9pingle de baleine"},"content":{"rendered":"<p>\u00c9pingle de baleine en m\u00e9tal cr\u00e9\u00e9e pour l&#8217;exposition           \u201cEuskal baleazaleak\u201d du Mus\u00e9e.<\/p>\n","protected":false},"excerpt":{"rendered":"<p>\u00c9pingle de baleine en m\u00e9tal cr\u00e9\u00e9e pour l&#8217;exposition           \u201cEuskal baleazaleak\u201d du Mus\u00e9e.<\/p>\n","protected":false},"featured_media":12575,"template":"","meta":{"_acf_changed":false},"product_brand":[],"product_cat":[608],"product_tag":[],"class_list":{"0":"post-15065","1":"product","2":"type-product","3":"status-publish","4":"has-post-thumbnail","6":"product_cat-cadeaux-et-accessoires","8":"first","9":"instock","10":"shipping-taxable","11":"purchasable","12":"product-type-simple"},"acf":[],"yoast_head":"<!-- This site is optimized with the Yoast SEO plugin v27.4 - https:\/\/yoast.com\/product\/yoast-seo-wordpress\/ -->\n<title>\u00c9pingle de baleine - Euskal Itsas Museoa<\/title>\n<meta name=\"robots\" content=\"index, follow, max-snippet:-1, max-image-preview:large, max-video-preview:-1\" \/>\n<link rel=\"canonical\" href=\"https:\/\/itsasmuseoa.eus\/fr\/producto\/epingle-de-baleine\/\" \/>\n<meta property=\"og:locale\" content=\"fr_FR\" \/>\n<meta property=\"og:type\" content=\"article\" \/>\n<meta property=\"og:title\" content=\"\u00c9pingle de baleine - Euskal Itsas Museoa\" \/>\n<meta property=\"og:description\" content=\"\u00c9pingle de baleine en m\u00e9tal cr\u00e9\u00e9e pour l&#039;exposition      \u201cEuskal baleazaleak\u201d du Mus\u00e9e.\" \/>\n<meta property=\"og:url\" content=\"https:\/\/itsasmuseoa.eus\/fr\/producto\/epingle-de-baleine\/\" \/>\n<meta property=\"og:site_name\" content=\"Euskal Itsas Museoa\" \/>\n<meta property=\"og:image\" content=\"https:\/\/itsasmuseoa.eus\/wp-content\/uploads\/2021\/06\/27.-Balea-Pin.jpg\" \/>\n\t<meta property=\"og:image:width\" content=\"1200\" \/>\n\t<meta property=\"og:image:height\" content=\"802\" \/>\n\t<meta property=\"og:image:type\" content=\"image\/jpeg\" \/>\n<meta name=\"twitter:card\" content=\"summary_large_image\" \/>\n<script type=\"application\/ld+json\" class=\"yoast-schema-graph\">{\"@context\":\"https:\\\/\\\/schema.org\",\"@graph\":[{\"@type\":\"WebPage\",\"@id\":\"https:\\\/\\\/itsasmuseoa.eus\\\/fr\\\/producto\\\/epingle-de-baleine\\\/\",\"url\":\"https:\\\/\\\/itsasmuseoa.eus\\\/fr\\\/producto\\\/epingle-de-baleine\\\/\",\"name\":\"\u00c9pingle de baleine - Euskal Itsas Museoa\",\"isPartOf\":{\"@id\":\"https:\\\/\\\/itsasmuseoa.eus\\\/fr\\\/#website\"},\"primaryImageOfPage\":{\"@id\":\"https:\\\/\\\/itsasmuseoa.eus\\\/fr\\\/producto\\\/epingle-de-baleine\\\/#primaryimage\"},\"image\":{\"@id\":\"https:\\\/\\\/itsasmuseoa.eus\\\/fr\\\/producto\\\/epingle-de-baleine\\\/#primaryimage\"},\"thumbnailUrl\":\"https:\\\/\\\/itsasmuseoa.eus\\\/wp-content\\\/uploads\\\/2021\\\/06\\\/27.-Balea-Pin.jpg\",\"datePublished\":\"2022-11-22T13:35:19+00:00\",\"breadcrumb\":{\"@id\":\"https:\\\/\\\/itsasmuseoa.eus\\\/fr\\\/producto\\\/epingle-de-baleine\\\/#breadcrumb\"},\"inLanguage\":\"fr-FR\",\"potentialAction\":[{\"@type\":\"ReadAction\",\"target\":[\"https:\\\/\\\/itsasmuseoa.eus\\\/fr\\\/producto\\\/epingle-de-baleine\\\/\"]}]},{\"@type\":\"ImageObject\",\"inLanguage\":\"fr-FR\",\"@id\":\"https:\\\/\\\/itsasmuseoa.eus\\\/fr\\\/producto\\\/epingle-de-baleine\\\/#primaryimage\",\"url\":\"https:\\\/\\\/itsasmuseoa.eus\\\/wp-content\\\/uploads\\\/2021\\\/06\\\/27.-Balea-Pin.jpg\",\"contentUrl\":\"https:\\\/\\\/itsasmuseoa.eus\\\/wp-content\\\/uploads\\\/2021\\\/06\\\/27.-Balea-Pin.jpg\",\"width\":1200,\"height\":802},{\"@type\":\"BreadcrumbList\",\"@id\":\"https:\\\/\\\/itsasmuseoa.eus\\\/fr\\\/producto\\\/epingle-de-baleine\\\/#breadcrumb\",\"itemListElement\":[{\"@type\":\"ListItem\",\"position\":1,\"name\":\"Inicio\",\"item\":\"https:\\\/\\\/itsasmuseoa.eus\\\/fr\\\/\"},{\"@type\":\"ListItem\",\"position\":2,\"name\":\"Magasin\",\"item\":\"https:\\\/\\\/itsasmuseoa.eus\\\/fr\\\/magasin\\\/\"},{\"@type\":\"ListItem\",\"position\":3,\"name\":\"\u00c9pingle de baleine\"}]},{\"@type\":\"WebSite\",\"@id\":\"https:\\\/\\\/itsasmuseoa.eus\\\/fr\\\/#website\",\"url\":\"https:\\\/\\\/itsasmuseoa.eus\\\/fr\\\/\",\"name\":\"Euskal Itsas Museoa\",\"description\":\"Museo Mar\u00edtimo Vasco\",\"potentialAction\":[{\"@type\":\"SearchAction\",\"target\":{\"@type\":\"EntryPoint\",\"urlTemplate\":\"https:\\\/\\\/itsasmuseoa.eus\\\/fr\\\/?s={search_term_string}\"},\"query-input\":{\"@type\":\"PropertyValueSpecification\",\"valueRequired\":true,\"valueName\":\"search_term_string\"}}],\"inLanguage\":\"fr-FR\"}]}<\/script>\n<!-- \/ Yoast SEO plugin. -->","yoast_head_json":{"title":"\u00c9pingle de baleine - Euskal Itsas Museoa","robots":{"index":"index","follow":"follow","max-snippet":"max-snippet:-1","max-image-preview":"max-image-preview:large","max-video-preview":"max-video-preview:-1"},"canonical":"https:\/\/itsasmuseoa.eus\/fr\/producto\/epingle-de-baleine\/","og_locale":"fr_FR","og_type":"article","og_title":"\u00c9pingle de baleine - Euskal Itsas Museoa","og_description":"\u00c9pingle de baleine en m\u00e9tal cr\u00e9\u00e9e pour l'exposition      \u201cEuskal baleazaleak\u201d du Mus\u00e9e.","og_url":"https:\/\/itsasmuseoa.eus\/fr\/producto\/epingle-de-baleine\/","og_site_name":"Euskal Itsas Museoa","og_image":[{"width":1200,"height":802,"url":"https:\/\/itsasmuseoa.eus\/wp-content\/uploads\/2021\/06\/27.-Balea-Pin.jpg","type":"image\/jpeg"}],"twitter_card":"summary_large_image","schema":{"@context":"https:\/\/schema.org","@graph":[{"@type":"WebPage","@id":"https:\/\/itsasmuseoa.eus\/fr\/producto\/epingle-de-baleine\/","url":"https:\/\/itsasmuseoa.eus\/fr\/producto\/epingle-de-baleine\/","name":"\u00c9pingle de baleine - Euskal Itsas Museoa","isPartOf":{"@id":"https:\/\/itsasmuseoa.eus\/fr\/#website"},"primaryImageOfPage":{"@id":"https:\/\/itsasmuseoa.eus\/fr\/producto\/epingle-de-baleine\/#primaryimage"},"image":{"@id":"https:\/\/itsasmuseoa.eus\/fr\/producto\/epingle-de-baleine\/#primaryimage"},"thumbnailUrl":"https:\/\/itsasmuseoa.eus\/wp-content\/uploads\/2021\/06\/27.-Balea-Pin.jpg","datePublished":"2022-11-22T13:35:19+00:00","breadcrumb":{"@id":"https:\/\/itsasmuseoa.eus\/fr\/producto\/epingle-de-baleine\/#breadcrumb"},"inLanguage":"fr-FR","potentialAction":[{"@type":"ReadAction","target":["https:\/\/itsasmuseoa.eus\/fr\/producto\/epingle-de-baleine\/"]}]},{"@type":"ImageObject","inLanguage":"fr-FR","@id":"https:\/\/itsasmuseoa.eus\/fr\/producto\/epingle-de-baleine\/#primaryimage","url":"https:\/\/itsasmuseoa.eus\/wp-content\/uploads\/2021\/06\/27.-Balea-Pin.jpg","contentUrl":"https:\/\/itsasmuseoa.eus\/wp-content\/uploads\/2021\/06\/27.-Balea-Pin.jpg","width":1200,"height":802},{"@type":"BreadcrumbList","@id":"https:\/\/itsasmuseoa.eus\/fr\/producto\/epingle-de-baleine\/#breadcrumb","itemListElement":[{"@type":"ListItem","position":1,"name":"Inicio","item":"https:\/\/itsasmuseoa.eus\/fr\/"},{"@type":"ListItem","position":2,"name":"Magasin","item":"https:\/\/itsasmuseoa.eus\/fr\/magasin\/"},{"@type":"ListItem","position":3,"name":"\u00c9pingle de baleine"}]},{"@type":"WebSite","@id":"https:\/\/itsasmuseoa.eus\/fr\/#website","url":"https:\/\/itsasmuseoa.eus\/fr\/","name":"Euskal Itsas Museoa","description":"Museo Mar\u00edtimo Vasco","potentialAction":[{"@type":"SearchAction","target":{"@type":"EntryPoint","urlTemplate":"https:\/\/itsasmuseoa.eus\/fr\/?s={search_term_string}"},"query-input":{"@type":"PropertyValueSpecification","valueRequired":true,"valueName":"search_term_string"}}],"inLanguage":"fr-FR"}]}},"_links":{"self":[{"href":"https:\/\/itsasmuseoa.eus\/fr\/wp-json\/wp\/v2\/product\/15065","targetHints":{"allow":["GET"]}}],"collection":[{"href":"https:\/\/itsasmuseoa.eus\/fr\/wp-json\/wp\/v2\/product"}],"about":[{"href":"https:\/\/itsasmuseoa.eus\/fr\/wp-json\/wp\/v2\/types\/product"}],"wp:featuredmedia":[{"embeddable":true,"href":"https:\/\/itsasmuseoa.eus\/fr\/wp-json\/wp\/v2\/media\/12575"}],"wp:attachment":[{"href":"https:\/\/itsasmuseoa.eus\/fr\/wp-json\/wp\/v2\/media?parent=15065"}],"wp:term":[{"taxonomy":"product_brand","embeddable":true,"href":"https:\/\/itsasmuseoa.eus\/fr\/wp-json\/wp\/v2\/product_brand?post=15065"},{"taxonomy":"product_cat","embeddable":true,"href":"https:\/\/itsasmuseoa.eus\/fr\/wp-json\/wp\/v2\/product_cat?post=15065"},{"taxonomy":"product_tag","embeddable":true,"href":"https:\/\/itsasmuseoa.eus\/fr\/wp-json\/wp\/v2\/product_tag?post=15065"}],"curies":[{"name":"wp","href":"https:\/\/api.w.org\/{rel}","templated":true}]}}