{"id":15067,"date":"2023-11-20T10:25:41","date_gmt":"2023-11-20T09:25:41","guid":{"rendered":"https:\/\/itsasmuseoa.eus\/producto\/gravure-artisanale-photolithographie\/"},"modified":"2023-11-24T11:25:10","modified_gmt":"2023-11-24T10:25:10","slug":"gravure-artisanale-photolithographie","status":"publish","type":"product","link":"https:\/\/itsasmuseoa.eus\/fr\/producto\/gravure-artisanale-photolithographie\/","title":{"rendered":"Gravure artisanale : Photolithographie"},"content":{"rendered":"<p>Gravures faites \u00e0 la main, personnalis\u00e9es et exclusives r\u00e9alis\u00e9es par l&#8217;\u00e9quipe de production graphique de Saint-S\u00e9bastien Tarlatana.<\/p>\n","protected":false},"excerpt":{"rendered":"<p>Gravures faites \u00e0 la main, personnalis\u00e9es et exclusives r\u00e9alis\u00e9es par l&#8217;\u00e9quipe de production graphique de Saint-S\u00e9bastien Tarlatana.<\/p>\n","protected":false},"featured_media":15074,"template":"","meta":{"_acf_changed":false},"product_brand":[],"product_cat":[608],"product_tag":[],"class_list":{"0":"post-15067","1":"product","2":"type-product","3":"status-publish","4":"has-post-thumbnail","6":"product_cat-cadeaux-et-accessoires","8":"first","9":"instock","10":"shipping-taxable","11":"purchasable","12":"product-type-simple"},"acf":[],"yoast_head":"<!-- This site is optimized with the Yoast SEO plugin v27.4 - https:\/\/yoast.com\/product\/yoast-seo-wordpress\/ -->\n<title>Gravure artisanale : Photolithographie - Euskal Itsas Museoa<\/title>\n<meta name=\"robots\" content=\"index, follow, max-snippet:-1, max-image-preview:large, max-video-preview:-1\" \/>\n<link rel=\"canonical\" href=\"https:\/\/itsasmuseoa.eus\/fr\/producto\/gravure-artisanale-photolithographie\/\" \/>\n<meta property=\"og:locale\" content=\"fr_FR\" \/>\n<meta property=\"og:type\" content=\"article\" \/>\n<meta property=\"og:title\" content=\"Gravure artisanale : Photolithographie - Euskal Itsas Museoa\" \/>\n<meta property=\"og:description\" content=\"Gravures faites \u00e0 la main, personnalis\u00e9es et exclusives r\u00e9alis\u00e9es par l&#039;\u00e9quipe de production graphique de Saint-S\u00e9bastien Tarlatana.\" \/>\n<meta property=\"og:url\" content=\"https:\/\/itsasmuseoa.eus\/fr\/producto\/gravure-artisanale-photolithographie\/\" \/>\n<meta property=\"og:site_name\" content=\"Euskal Itsas Museoa\" \/>\n<meta property=\"article:modified_time\" content=\"2023-11-24T10:25:10+00:00\" \/>\n<meta property=\"og:image\" content=\"https:\/\/itsasmuseoa.eus\/wp-content\/uploads\/2023\/11\/33.fotolitografia.jpg\" \/>\n\t<meta property=\"og:image:width\" content=\"1200\" \/>\n\t<meta property=\"og:image:height\" content=\"802\" \/>\n\t<meta property=\"og:image:type\" content=\"image\/jpeg\" \/>\n<meta name=\"twitter:card\" content=\"summary_large_image\" \/>\n<script type=\"application\/ld+json\" class=\"yoast-schema-graph\">{\"@context\":\"https:\\\/\\\/schema.org\",\"@graph\":[{\"@type\":\"WebPage\",\"@id\":\"https:\\\/\\\/itsasmuseoa.eus\\\/fr\\\/producto\\\/gravure-artisanale-photolithographie\\\/\",\"url\":\"https:\\\/\\\/itsasmuseoa.eus\\\/fr\\\/producto\\\/gravure-artisanale-photolithographie\\\/\",\"name\":\"Gravure artisanale : Photolithographie - Euskal Itsas Museoa\",\"isPartOf\":{\"@id\":\"https:\\\/\\\/itsasmuseoa.eus\\\/fr\\\/#website\"},\"primaryImageOfPage\":{\"@id\":\"https:\\\/\\\/itsasmuseoa.eus\\\/fr\\\/producto\\\/gravure-artisanale-photolithographie\\\/#primaryimage\"},\"image\":{\"@id\":\"https:\\\/\\\/itsasmuseoa.eus\\\/fr\\\/producto\\\/gravure-artisanale-photolithographie\\\/#primaryimage\"},\"thumbnailUrl\":\"https:\\\/\\\/itsasmuseoa.eus\\\/wp-content\\\/uploads\\\/2023\\\/11\\\/33.fotolitografia.jpg\",\"datePublished\":\"2023-11-20T09:25:41+00:00\",\"dateModified\":\"2023-11-24T10:25:10+00:00\",\"breadcrumb\":{\"@id\":\"https:\\\/\\\/itsasmuseoa.eus\\\/fr\\\/producto\\\/gravure-artisanale-photolithographie\\\/#breadcrumb\"},\"inLanguage\":\"fr-FR\",\"potentialAction\":[{\"@type\":\"ReadAction\",\"target\":[\"https:\\\/\\\/itsasmuseoa.eus\\\/fr\\\/producto\\\/gravure-artisanale-photolithographie\\\/\"]}]},{\"@type\":\"ImageObject\",\"inLanguage\":\"fr-FR\",\"@id\":\"https:\\\/\\\/itsasmuseoa.eus\\\/fr\\\/producto\\\/gravure-artisanale-photolithographie\\\/#primaryimage\",\"url\":\"https:\\\/\\\/itsasmuseoa.eus\\\/wp-content\\\/uploads\\\/2023\\\/11\\\/33.fotolitografia.jpg\",\"contentUrl\":\"https:\\\/\\\/itsasmuseoa.eus\\\/wp-content\\\/uploads\\\/2023\\\/11\\\/33.fotolitografia.jpg\",\"width\":1200,\"height\":802},{\"@type\":\"BreadcrumbList\",\"@id\":\"https:\\\/\\\/itsasmuseoa.eus\\\/fr\\\/producto\\\/gravure-artisanale-photolithographie\\\/#breadcrumb\",\"itemListElement\":[{\"@type\":\"ListItem\",\"position\":1,\"name\":\"Inicio\",\"item\":\"https:\\\/\\\/itsasmuseoa.eus\\\/fr\\\/\"},{\"@type\":\"ListItem\",\"position\":2,\"name\":\"Magasin\",\"item\":\"https:\\\/\\\/itsasmuseoa.eus\\\/fr\\\/magasin\\\/\"},{\"@type\":\"ListItem\",\"position\":3,\"name\":\"Gravure artisanale : Photolithographie\"}]},{\"@type\":\"WebSite\",\"@id\":\"https:\\\/\\\/itsasmuseoa.eus\\\/fr\\\/#website\",\"url\":\"https:\\\/\\\/itsasmuseoa.eus\\\/fr\\\/\",\"name\":\"Euskal Itsas Museoa\",\"description\":\"Museo Mar\u00edtimo Vasco\",\"potentialAction\":[{\"@type\":\"SearchAction\",\"target\":{\"@type\":\"EntryPoint\",\"urlTemplate\":\"https:\\\/\\\/itsasmuseoa.eus\\\/fr\\\/?s={search_term_string}\"},\"query-input\":{\"@type\":\"PropertyValueSpecification\",\"valueRequired\":true,\"valueName\":\"search_term_string\"}}],\"inLanguage\":\"fr-FR\"}]}<\/script>\n<!-- \/ Yoast SEO plugin. -->","yoast_head_json":{"title":"Gravure artisanale : Photolithographie - Euskal Itsas Museoa","robots":{"index":"index","follow":"follow","max-snippet":"max-snippet:-1","max-image-preview":"max-image-preview:large","max-video-preview":"max-video-preview:-1"},"canonical":"https:\/\/itsasmuseoa.eus\/fr\/producto\/gravure-artisanale-photolithographie\/","og_locale":"fr_FR","og_type":"article","og_title":"Gravure artisanale : Photolithographie - Euskal Itsas Museoa","og_description":"Gravures faites \u00e0 la main, personnalis\u00e9es et exclusives r\u00e9alis\u00e9es par l'\u00e9quipe de production graphique de Saint-S\u00e9bastien Tarlatana.","og_url":"https:\/\/itsasmuseoa.eus\/fr\/producto\/gravure-artisanale-photolithographie\/","og_site_name":"Euskal Itsas Museoa","article_modified_time":"2023-11-24T10:25:10+00:00","og_image":[{"width":1200,"height":802,"url":"https:\/\/itsasmuseoa.eus\/wp-content\/uploads\/2023\/11\/33.fotolitografia.jpg","type":"image\/jpeg"}],"twitter_card":"summary_large_image","schema":{"@context":"https:\/\/schema.org","@graph":[{"@type":"WebPage","@id":"https:\/\/itsasmuseoa.eus\/fr\/producto\/gravure-artisanale-photolithographie\/","url":"https:\/\/itsasmuseoa.eus\/fr\/producto\/gravure-artisanale-photolithographie\/","name":"Gravure artisanale : Photolithographie - Euskal Itsas Museoa","isPartOf":{"@id":"https:\/\/itsasmuseoa.eus\/fr\/#website"},"primaryImageOfPage":{"@id":"https:\/\/itsasmuseoa.eus\/fr\/producto\/gravure-artisanale-photolithographie\/#primaryimage"},"image":{"@id":"https:\/\/itsasmuseoa.eus\/fr\/producto\/gravure-artisanale-photolithographie\/#primaryimage"},"thumbnailUrl":"https:\/\/itsasmuseoa.eus\/wp-content\/uploads\/2023\/11\/33.fotolitografia.jpg","datePublished":"2023-11-20T09:25:41+00:00","dateModified":"2023-11-24T10:25:10+00:00","breadcrumb":{"@id":"https:\/\/itsasmuseoa.eus\/fr\/producto\/gravure-artisanale-photolithographie\/#breadcrumb"},"inLanguage":"fr-FR","potentialAction":[{"@type":"ReadAction","target":["https:\/\/itsasmuseoa.eus\/fr\/producto\/gravure-artisanale-photolithographie\/"]}]},{"@type":"ImageObject","inLanguage":"fr-FR","@id":"https:\/\/itsasmuseoa.eus\/fr\/producto\/gravure-artisanale-photolithographie\/#primaryimage","url":"https:\/\/itsasmuseoa.eus\/wp-content\/uploads\/2023\/11\/33.fotolitografia.jpg","contentUrl":"https:\/\/itsasmuseoa.eus\/wp-content\/uploads\/2023\/11\/33.fotolitografia.jpg","width":1200,"height":802},{"@type":"BreadcrumbList","@id":"https:\/\/itsasmuseoa.eus\/fr\/producto\/gravure-artisanale-photolithographie\/#breadcrumb","itemListElement":[{"@type":"ListItem","position":1,"name":"Inicio","item":"https:\/\/itsasmuseoa.eus\/fr\/"},{"@type":"ListItem","position":2,"name":"Magasin","item":"https:\/\/itsasmuseoa.eus\/fr\/magasin\/"},{"@type":"ListItem","position":3,"name":"Gravure artisanale : Photolithographie"}]},{"@type":"WebSite","@id":"https:\/\/itsasmuseoa.eus\/fr\/#website","url":"https:\/\/itsasmuseoa.eus\/fr\/","name":"Euskal Itsas Museoa","description":"Museo Mar\u00edtimo Vasco","potentialAction":[{"@type":"SearchAction","target":{"@type":"EntryPoint","urlTemplate":"https:\/\/itsasmuseoa.eus\/fr\/?s={search_term_string}"},"query-input":{"@type":"PropertyValueSpecification","valueRequired":true,"valueName":"search_term_string"}}],"inLanguage":"fr-FR"}]}},"_links":{"self":[{"href":"https:\/\/itsasmuseoa.eus\/fr\/wp-json\/wp\/v2\/product\/15067","targetHints":{"allow":["GET"]}}],"collection":[{"href":"https:\/\/itsasmuseoa.eus\/fr\/wp-json\/wp\/v2\/product"}],"about":[{"href":"https:\/\/itsasmuseoa.eus\/fr\/wp-json\/wp\/v2\/types\/product"}],"wp:featuredmedia":[{"embeddable":true,"href":"https:\/\/itsasmuseoa.eus\/fr\/wp-json\/wp\/v2\/media\/15074"}],"wp:attachment":[{"href":"https:\/\/itsasmuseoa.eus\/fr\/wp-json\/wp\/v2\/media?parent=15067"}],"wp:term":[{"taxonomy":"product_brand","embeddable":true,"href":"https:\/\/itsasmuseoa.eus\/fr\/wp-json\/wp\/v2\/product_brand?post=15067"},{"taxonomy":"product_cat","embeddable":true,"href":"https:\/\/itsasmuseoa.eus\/fr\/wp-json\/wp\/v2\/product_cat?post=15067"},{"taxonomy":"product_tag","embeddable":true,"href":"https:\/\/itsasmuseoa.eus\/fr\/wp-json\/wp\/v2\/product_tag?post=15067"}],"curies":[{"name":"wp","href":"https:\/\/api.w.org\/{rel}","templated":true}]}}