{"id":15069,"date":"2023-11-20T10:18:51","date_gmt":"2023-11-20T09:18:51","guid":{"rendered":"https:\/\/itsasmuseoa.eus\/producto\/estropadak-regates\/"},"modified":"2023-11-20T10:18:51","modified_gmt":"2023-11-20T09:18:51","slug":"estropadak-regates","status":"publish","type":"product","link":"https:\/\/itsasmuseoa.eus\/fr\/producto\/estropadak-regates\/","title":{"rendered":"Estropadak (r\u00e9gates)"},"content":{"rendered":"<p>Estropadak est un jeu de soci\u00e9t\u00e9 p\u00e9dagogique, avec lequel vous d\u00e9couvrirez l&#8217;origine des r\u00e9gates de chalutiers et vous aidera \u00e0 vous familiariser avec les \u00e9l\u00e9ments qui les influencent. Amusez-vous et apprenez !<\/p>\n","protected":false},"excerpt":{"rendered":"<p>Estropadak est un jeu de soci\u00e9t\u00e9 p\u00e9dagogique, avec lequel vous d\u00e9couvrirez l&#8217;origine des r\u00e9gates de chalutiers et vous aidera \u00e0 vous familiariser avec les \u00e9l\u00e9ments qui les influencent. Amusez-vous et apprenez !<\/p>\n","protected":false},"featured_media":14887,"template":"","meta":{"_acf_changed":false},"product_brand":[],"product_cat":[601],"product_tag":[],"class_list":{"0":"post-15069","1":"product","2":"type-product","3":"status-publish","4":"has-post-thumbnail","6":"product_cat-jeux","8":"first","9":"instock","10":"shipping-taxable","11":"purchasable","12":"product-type-simple"},"acf":[],"yoast_head":"<!-- This site is optimized with the Yoast SEO plugin v27.4 - https:\/\/yoast.com\/product\/yoast-seo-wordpress\/ -->\n<title>Estropadak (r\u00e9gates) - Euskal Itsas Museoa<\/title>\n<meta name=\"robots\" content=\"index, follow, max-snippet:-1, max-image-preview:large, max-video-preview:-1\" \/>\n<link rel=\"canonical\" href=\"https:\/\/itsasmuseoa.eus\/fr\/producto\/estropadak-regates\/\" \/>\n<meta property=\"og:locale\" content=\"fr_FR\" \/>\n<meta property=\"og:type\" content=\"article\" \/>\n<meta property=\"og:title\" content=\"Estropadak (r\u00e9gates) - Euskal Itsas Museoa\" \/>\n<meta property=\"og:description\" content=\"Estropadak est un jeu de soci\u00e9t\u00e9 p\u00e9dagogique, avec lequel vous d\u00e9couvrirez l&#039;origine des r\u00e9gates de chalutiers et vous aidera \u00e0 vous familiariser avec les \u00e9l\u00e9ments qui les influencent. Amusez-vous et apprenez !\" \/>\n<meta property=\"og:url\" content=\"https:\/\/itsasmuseoa.eus\/fr\/producto\/estropadak-regates\/\" \/>\n<meta property=\"og:site_name\" content=\"Euskal Itsas Museoa\" \/>\n<meta property=\"og:image\" content=\"https:\/\/itsasmuseoa.eus\/wp-content\/uploads\/2023\/11\/37.Estropadak.jpg\" \/>\n\t<meta property=\"og:image:width\" content=\"1200\" \/>\n\t<meta property=\"og:image:height\" content=\"802\" \/>\n\t<meta property=\"og:image:type\" content=\"image\/jpeg\" \/>\n<meta name=\"twitter:card\" content=\"summary_large_image\" \/>\n<script type=\"application\/ld+json\" class=\"yoast-schema-graph\">{\"@context\":\"https:\\\/\\\/schema.org\",\"@graph\":[{\"@type\":\"WebPage\",\"@id\":\"https:\\\/\\\/itsasmuseoa.eus\\\/fr\\\/producto\\\/estropadak-regates\\\/\",\"url\":\"https:\\\/\\\/itsasmuseoa.eus\\\/fr\\\/producto\\\/estropadak-regates\\\/\",\"name\":\"Estropadak (r\u00e9gates) - Euskal Itsas Museoa\",\"isPartOf\":{\"@id\":\"https:\\\/\\\/itsasmuseoa.eus\\\/fr\\\/#website\"},\"primaryImageOfPage\":{\"@id\":\"https:\\\/\\\/itsasmuseoa.eus\\\/fr\\\/producto\\\/estropadak-regates\\\/#primaryimage\"},\"image\":{\"@id\":\"https:\\\/\\\/itsasmuseoa.eus\\\/fr\\\/producto\\\/estropadak-regates\\\/#primaryimage\"},\"thumbnailUrl\":\"https:\\\/\\\/itsasmuseoa.eus\\\/wp-content\\\/uploads\\\/2023\\\/11\\\/37.Estropadak.jpg\",\"datePublished\":\"2023-11-20T09:18:51+00:00\",\"breadcrumb\":{\"@id\":\"https:\\\/\\\/itsasmuseoa.eus\\\/fr\\\/producto\\\/estropadak-regates\\\/#breadcrumb\"},\"inLanguage\":\"fr-FR\",\"potentialAction\":[{\"@type\":\"ReadAction\",\"target\":[\"https:\\\/\\\/itsasmuseoa.eus\\\/fr\\\/producto\\\/estropadak-regates\\\/\"]}]},{\"@type\":\"ImageObject\",\"inLanguage\":\"fr-FR\",\"@id\":\"https:\\\/\\\/itsasmuseoa.eus\\\/fr\\\/producto\\\/estropadak-regates\\\/#primaryimage\",\"url\":\"https:\\\/\\\/itsasmuseoa.eus\\\/wp-content\\\/uploads\\\/2023\\\/11\\\/37.Estropadak.jpg\",\"contentUrl\":\"https:\\\/\\\/itsasmuseoa.eus\\\/wp-content\\\/uploads\\\/2023\\\/11\\\/37.Estropadak.jpg\",\"width\":1200,\"height\":802},{\"@type\":\"BreadcrumbList\",\"@id\":\"https:\\\/\\\/itsasmuseoa.eus\\\/fr\\\/producto\\\/estropadak-regates\\\/#breadcrumb\",\"itemListElement\":[{\"@type\":\"ListItem\",\"position\":1,\"name\":\"Inicio\",\"item\":\"https:\\\/\\\/itsasmuseoa.eus\\\/fr\\\/\"},{\"@type\":\"ListItem\",\"position\":2,\"name\":\"Magasin\",\"item\":\"https:\\\/\\\/itsasmuseoa.eus\\\/fr\\\/magasin\\\/\"},{\"@type\":\"ListItem\",\"position\":3,\"name\":\"Estropadak (r\u00e9gates)\"}]},{\"@type\":\"WebSite\",\"@id\":\"https:\\\/\\\/itsasmuseoa.eus\\\/fr\\\/#website\",\"url\":\"https:\\\/\\\/itsasmuseoa.eus\\\/fr\\\/\",\"name\":\"Euskal Itsas Museoa\",\"description\":\"Museo Mar\u00edtimo Vasco\",\"potentialAction\":[{\"@type\":\"SearchAction\",\"target\":{\"@type\":\"EntryPoint\",\"urlTemplate\":\"https:\\\/\\\/itsasmuseoa.eus\\\/fr\\\/?s={search_term_string}\"},\"query-input\":{\"@type\":\"PropertyValueSpecification\",\"valueRequired\":true,\"valueName\":\"search_term_string\"}}],\"inLanguage\":\"fr-FR\"}]}<\/script>\n<!-- \/ Yoast SEO plugin. -->","yoast_head_json":{"title":"Estropadak (r\u00e9gates) - Euskal Itsas Museoa","robots":{"index":"index","follow":"follow","max-snippet":"max-snippet:-1","max-image-preview":"max-image-preview:large","max-video-preview":"max-video-preview:-1"},"canonical":"https:\/\/itsasmuseoa.eus\/fr\/producto\/estropadak-regates\/","og_locale":"fr_FR","og_type":"article","og_title":"Estropadak (r\u00e9gates) - Euskal Itsas Museoa","og_description":"Estropadak est un jeu de soci\u00e9t\u00e9 p\u00e9dagogique, avec lequel vous d\u00e9couvrirez l'origine des r\u00e9gates de chalutiers et vous aidera \u00e0 vous familiariser avec les \u00e9l\u00e9ments qui les influencent. Amusez-vous et apprenez !","og_url":"https:\/\/itsasmuseoa.eus\/fr\/producto\/estropadak-regates\/","og_site_name":"Euskal Itsas Museoa","og_image":[{"width":1200,"height":802,"url":"https:\/\/itsasmuseoa.eus\/wp-content\/uploads\/2023\/11\/37.Estropadak.jpg","type":"image\/jpeg"}],"twitter_card":"summary_large_image","schema":{"@context":"https:\/\/schema.org","@graph":[{"@type":"WebPage","@id":"https:\/\/itsasmuseoa.eus\/fr\/producto\/estropadak-regates\/","url":"https:\/\/itsasmuseoa.eus\/fr\/producto\/estropadak-regates\/","name":"Estropadak (r\u00e9gates) - Euskal Itsas Museoa","isPartOf":{"@id":"https:\/\/itsasmuseoa.eus\/fr\/#website"},"primaryImageOfPage":{"@id":"https:\/\/itsasmuseoa.eus\/fr\/producto\/estropadak-regates\/#primaryimage"},"image":{"@id":"https:\/\/itsasmuseoa.eus\/fr\/producto\/estropadak-regates\/#primaryimage"},"thumbnailUrl":"https:\/\/itsasmuseoa.eus\/wp-content\/uploads\/2023\/11\/37.Estropadak.jpg","datePublished":"2023-11-20T09:18:51+00:00","breadcrumb":{"@id":"https:\/\/itsasmuseoa.eus\/fr\/producto\/estropadak-regates\/#breadcrumb"},"inLanguage":"fr-FR","potentialAction":[{"@type":"ReadAction","target":["https:\/\/itsasmuseoa.eus\/fr\/producto\/estropadak-regates\/"]}]},{"@type":"ImageObject","inLanguage":"fr-FR","@id":"https:\/\/itsasmuseoa.eus\/fr\/producto\/estropadak-regates\/#primaryimage","url":"https:\/\/itsasmuseoa.eus\/wp-content\/uploads\/2023\/11\/37.Estropadak.jpg","contentUrl":"https:\/\/itsasmuseoa.eus\/wp-content\/uploads\/2023\/11\/37.Estropadak.jpg","width":1200,"height":802},{"@type":"BreadcrumbList","@id":"https:\/\/itsasmuseoa.eus\/fr\/producto\/estropadak-regates\/#breadcrumb","itemListElement":[{"@type":"ListItem","position":1,"name":"Inicio","item":"https:\/\/itsasmuseoa.eus\/fr\/"},{"@type":"ListItem","position":2,"name":"Magasin","item":"https:\/\/itsasmuseoa.eus\/fr\/magasin\/"},{"@type":"ListItem","position":3,"name":"Estropadak (r\u00e9gates)"}]},{"@type":"WebSite","@id":"https:\/\/itsasmuseoa.eus\/fr\/#website","url":"https:\/\/itsasmuseoa.eus\/fr\/","name":"Euskal Itsas Museoa","description":"Museo Mar\u00edtimo Vasco","potentialAction":[{"@type":"SearchAction","target":{"@type":"EntryPoint","urlTemplate":"https:\/\/itsasmuseoa.eus\/fr\/?s={search_term_string}"},"query-input":{"@type":"PropertyValueSpecification","valueRequired":true,"valueName":"search_term_string"}}],"inLanguage":"fr-FR"}]}},"_links":{"self":[{"href":"https:\/\/itsasmuseoa.eus\/fr\/wp-json\/wp\/v2\/product\/15069","targetHints":{"allow":["GET"]}}],"collection":[{"href":"https:\/\/itsasmuseoa.eus\/fr\/wp-json\/wp\/v2\/product"}],"about":[{"href":"https:\/\/itsasmuseoa.eus\/fr\/wp-json\/wp\/v2\/types\/product"}],"wp:featuredmedia":[{"embeddable":true,"href":"https:\/\/itsasmuseoa.eus\/fr\/wp-json\/wp\/v2\/media\/14887"}],"wp:attachment":[{"href":"https:\/\/itsasmuseoa.eus\/fr\/wp-json\/wp\/v2\/media?parent=15069"}],"wp:term":[{"taxonomy":"product_brand","embeddable":true,"href":"https:\/\/itsasmuseoa.eus\/fr\/wp-json\/wp\/v2\/product_brand?post=15069"},{"taxonomy":"product_cat","embeddable":true,"href":"https:\/\/itsasmuseoa.eus\/fr\/wp-json\/wp\/v2\/product_cat?post=15069"},{"taxonomy":"product_tag","embeddable":true,"href":"https:\/\/itsasmuseoa.eus\/fr\/wp-json\/wp\/v2\/product_tag?post=15069"}],"curies":[{"name":"wp","href":"https:\/\/api.w.org\/{rel}","templated":true}]}}